{"id":18604,"date":"2025-03-10T09:08:05","date_gmt":"2025-03-10T07:08:05","guid":{"rendered":"http:\/\/flameguard.ee.dedi7782.your-server.de\/?post_type=product&#038;p=18604"},"modified":"2025-03-10T11:15:23","modified_gmt":"2025-03-10T09:15:23","slug":"kuttesusteemide-eksperthinnang","status":"publish","type":"product","link":"https:\/\/flameguard.ee\/sv\/product\/expertbedomning-av-varmesystem\/","title":{"rendered":"Expertbed\u00f6mning av v\u00e4rmesystem"},"content":{"rendered":"<p><strong>Varf\u00f6r beh\u00f6ver du en expertbed\u00f6mning av v\u00e4rmesystemet?<\/strong><\/p>\n<p>En expertbed\u00f6mning av uppv\u00e4rmningssystemen beh\u00f6vs i regel i samband med ans\u00f6kan om anv\u00e4ndningstillst\u00e5nd eller p\u00e5 beg\u00e4ran av r\u00e4ddningsstyrelsen. Ibland beg\u00e4rs ocks\u00e5 en expertv\u00e4rdering efter k\u00f6p av fastigheter f\u00f6r att identifiera dolda defekter. D\u00e4rf\u00f6r rekommenderas det att best\u00e4lla en expertv\u00e4rdering innan du k\u00f6per fastigheter f\u00f6r att f\u00e5 en \u00f6verblick \u00f6ver v\u00e4rmesystemets och eldst\u00e4dernas skick. P\u00e5 s\u00e5 s\u00e4tt kan eventuella problem undvikas som kan uppst\u00e5 senare efter att k\u00f6p- och f\u00f6rs\u00e4ljningsavtalet har ing\u00e5tts. Situationer d\u00e4r ett bostadshus k\u00f6ps p\u00e5 v\u00e5ren och fel i v\u00e4rmesystemet blir uppenbara f\u00f6rst i b\u00f6rjan av uppv\u00e4rmningss\u00e4songen \u00e4r s\u00e4rskilt komplicerade.<\/p>","protected":false},"excerpt":{"rendered":"<p>Expertbed\u00f6mningar eller revisioner av v\u00e4rmesystem beh\u00f6vs vanligtvis av tv\u00e5 sk\u00e4l. F\u00f6r det f\u00f6rsta ger den byggnadens \u00e4gare n\u00f6dv\u00e4ndig information om s\u00e4kerheten vid anv\u00e4ndning av eldst\u00e4der och f\u00f6rklarar om v\u00e4rmesystemet beh\u00f6ver byggas om eller repareras. F\u00f6r det andra \u00e4r expertbed\u00f6mningen av v\u00e4rmesystemet ett av de m\u00e5nga dokument som beh\u00f6vs i processen f\u00f6r att ans\u00f6ka om tillst\u00e5nd f\u00f6r anv\u00e4ndning.<\/p>\n<p>En expertbed\u00f6mning av v\u00e4rmesystem och eldst\u00e4der omfattar vanligtvis f\u00f6rst en inspektion av v\u00e4rmeutrustning och en bed\u00f6mning av deras integritet. Dessutom \u00e4r f\u00f6ljande aspekter ocks\u00e5 viktiga:<\/p>\n<ul>\n<li>inspektion av skorstenarnas tillst\u00e5nd;<\/li>\n<li>inspektion av anslutande r\u00f6kkanaler;<\/li>\n<li>Bed\u00f6mning av v\u00e4rmesystemets \u00f6verensst\u00e4mmelse med byggnadens krav, inklusive brands\u00e4kerhetskrav.<\/li>\n<li>brandcellernas integritet;<\/li>\n<li>Granska den befintliga dokumentationen av v\u00e4rmesystemet.<\/li>\n<\/ul>\n<div class=\"elementor-element elementor-element-53ce8fe2 elementor-widget elementor-widget-text-editor\" data-id=\"53ce8fe2\" data-element_type=\"widget\" data-widget_type=\"text-editor.default\">\n<div class=\"elementor-widget-container\">\n<p><strong>Expertbed\u00f6mning f\u00e5r endast g\u00f6ras p\u00e5 grundval av ett giltigt <\/strong><strong><span class=\"elementor-icon-list-text\">Sotare-m\u00e4stare niv\u00e5 5, <\/span><\/strong><strong><span class=\"elementor-icon-list-text\">Krukmakarm\u00e4stare Niv\u00e5 5, <\/span><\/strong><strong><span class=\"elementor-icon-list-text\">Brands\u00e4kerhetsexpert Niv\u00e5 6 <\/span><\/strong><strong>\u00a0En person som har en yrkeskvalifikation.<\/strong><\/p>\n<\/div>\n<\/div>\n<div class=\"elementor-element elementor-element-7fe0e6ac elementor-align-left elementor-icon-list--layout-traditional elementor-list-item-link-full_width elementor-widget elementor-widget-icon-list\" data-id=\"7fe0e6ac\" data-element_type=\"widget\" data-widget_type=\"icon-list.default\">\n<div class=\"elementor-widget-container\">\n<p><b><span data-contrast=\"auto\">I priset f\u00f6r tj\u00e4nsten ing\u00e5r 1 timmes specialarbete, under vilket ytterligare aktiviteter kartl\u00e4ggs och priss\u00e4tts enligt den faktiska arbetsm\u00e4ngden.\u00a0<\/span><\/b><\/p>\n<\/div>\n<\/div>","protected":false},"featured_media":18605,"template":"","meta":[],"product_brand":[],"product_cat":[122,116,118],"product_tag":[],"class_list":{"0":"post-18604","1":"product","2":"type-product","3":"status-publish","4":"has-post-thumbnail","6":"product_cat-auditeerimine","7":"product_cat-teenused","8":"product_cat-tuleohutus","10":"first","11":"instock","12":"taxable","13":"shipping-taxable","14":"purchasable","15":"product-type-simple"},"_links":{"self":[{"href":"https:\/\/flameguard.ee\/sv\/wp-json\/wp\/v2\/product\/18604","targetHints":{"allow":["GET"]}}],"collection":[{"href":"https:\/\/flameguard.ee\/sv\/wp-json\/wp\/v2\/product"}],"about":[{"href":"https:\/\/flameguard.ee\/sv\/wp-json\/wp\/v2\/types\/product"}],"version-history":[{"count":8,"href":"https:\/\/flameguard.ee\/sv\/wp-json\/wp\/v2\/product\/18604\/revisions"}],"predecessor-version":[{"id":18614,"href":"https:\/\/flameguard.ee\/sv\/wp-json\/wp\/v2\/product\/18604\/revisions\/18614"}],"wp:featuredmedia":[{"embeddable":true,"href":"https:\/\/flameguard.ee\/sv\/wp-json\/wp\/v2\/media\/18605"}],"wp:attachment":[{"href":"https:\/\/flameguard.ee\/sv\/wp-json\/wp\/v2\/media?parent=18604"}],"wp:term":[{"taxonomy":"product_brand","embeddable":true,"href":"https:\/\/flameguard.ee\/sv\/wp-json\/wp\/v2\/product_brand?post=18604"},{"taxonomy":"product_cat","embeddable":true,"href":"https:\/\/flameguard.ee\/sv\/wp-json\/wp\/v2\/product_cat?post=18604"},{"taxonomy":"product_tag","embeddable":true,"href":"https:\/\/flameguard.ee\/sv\/wp-json\/wp\/v2\/product_tag?post=18604"}],"curies":[{"name":"wp","href":"https:\/\/api.w.org\/{rel}","templated":true}]}}