{"id":18616,"date":"2025-03-10T10:17:48","date_gmt":"2025-03-10T08:17:48","guid":{"rendered":"http:\/\/flameguard.ee.dedi7782.your-server.de\/?post_type=product&#038;p=18616"},"modified":"2025-03-10T11:09:14","modified_gmt":"2025-03-10T09:09:14","slug":"tuleohutusaudit","status":"publish","type":"product","link":"https:\/\/flameguard.ee\/sv\/product\/revision-av-brandsakerhet\/","title":{"rendered":"Revision av brands\u00e4kerhet"},"content":{"rendered":"<p><strong>Varf\u00f6r beh\u00f6ver du en brandskyddsrevision? <\/strong><\/p>\n<p>Syftet med en brands\u00e4kerhetsrevision av en byggnad \u00e4r att ge en bed\u00f6mning av byggnadens brands\u00e4kerhet. Byggnaden skall vara utformad och konstruerad p\u00e5 ett s\u00e5dant s\u00e4tt att i h\u00e4ndelse av brand:<\/p>\n<ul>\n<li>byggnadens b\u00e4rf\u00f6rm\u00e5ga bibeh\u00e5lls under f\u00f6reskriven tid;<\/li>\n<li>generering och spridning av eld och r\u00f6k i byggnaden \u00e4r begr\u00e4nsad;<\/li>\n<li>Spridningen av eld till n\u00e4rliggande byggnader \u00e4r begr\u00e4nsad.<\/li>\n<li>s\u00e4ker evakuering s\u00e4kerst\u00e4lls;<\/li>\n<li>R\u00e4ddningsmanskapets s\u00e4kerhet och funktionsf\u00f6rm\u00e5ga har beaktats.<\/li>\n<\/ul>\n<p>En brands\u00e4kerhetsrevision av en byggnad kr\u00e4vs f\u00f6r att f\u00e5 tillst\u00e5nd att anv\u00e4nda en byggnad om:<\/p>\n<ul>\n<li>det inte finns n\u00e5got byggprojekt som godk\u00e4nts av r\u00e4ddningsstyrelsen,<\/li>\n<li>Byggnaden har uppf\u00f6rts p\u00e5 ett s\u00e4tt som skiljer sig avsev\u00e4rt fr\u00e5n det godk\u00e4nda projektet.<\/li>\n<li>Det s\u00e4tt p\u00e5 vilket byggnaden anv\u00e4nds f\u00f6r\u00e4ndras;<\/li>\n<li>Det finns ingen dokumentation som intygar s\u00e4kerheten f\u00f6r konstruktion och byggmaterial.<\/li>\n<\/ul>","protected":false},"excerpt":{"rendered":"<p>Vi utf\u00f6r brands\u00e4kerhetsrevisioner f\u00f6r egnahemshus, hj\u00e4lpbyggnader, flerv\u00e5ningshus samt industri-, kontors- och monteringsbyggnader. En brands\u00e4kerhetsrevision b\u00f6rjar med att man granskar byggnadens brands\u00e4kerhetsdokumentation och f\u00f6ljs av en inspektion av platsen. I samband med inspektionen kontrolleras \u00e4ven brands\u00e4kerhetsinstallationernas skick och konstruktioner. Som ett resultat av detta \u00e4r en brandskyddsrevision genomf\u00f6rd. Om brister i brands\u00e4kerheten uppdagas ger vi r\u00e5d om hur de kan \u00e5tg\u00e4rdas. Dessutom kan vi vid behov erbjuda hj\u00e4lp med att eliminera de identifierade bristerna.<\/p>\n<div class=\"elementor-element elementor-element-53ce8fe2 elementor-widget elementor-widget-text-editor\" data-id=\"53ce8fe2\" data-element_type=\"widget\" data-widget_type=\"text-editor.default\">\n<div class=\"elementor-widget-container\">\n<p><strong>Expertbed\u00f6mning f\u00e5r endast g\u00f6ras p\u00e5 grundval av ett giltigt <\/strong><strong><span class=\"elementor-icon-list-text\">Brands\u00e4kerhetsexpert Niv\u00e5 6 <\/span><\/strong><strong>En person som har en yrkeskvalifikation.<\/strong><\/p>\n<\/div>\n<\/div>\n<div class=\"elementor-element elementor-element-7fe0e6ac elementor-align-left elementor-icon-list--layout-traditional elementor-list-item-link-full_width elementor-widget elementor-widget-icon-list\" data-id=\"7fe0e6ac\" data-element_type=\"widget\" data-widget_type=\"icon-list.default\">\n<div class=\"elementor-widget-container\">\n<p><b><span data-contrast=\"auto\">I priset f\u00f6r tj\u00e4nsten ing\u00e5r 1 timmes specialarbete, under vilket ytterligare aktiviteter kartl\u00e4ggs och priss\u00e4tts enligt den faktiska arbetsm\u00e4ngden.\u00a0<\/span><\/b><\/p>\n<\/div>\n<\/div>","protected":false},"featured_media":18617,"template":"","meta":[],"product_brand":[],"product_cat":[122,116,118],"product_tag":[],"class_list":{"0":"post-18616","1":"product","2":"type-product","3":"status-publish","4":"has-post-thumbnail","6":"product_cat-auditeerimine","7":"product_cat-teenused","8":"product_cat-tuleohutus","10":"first","11":"instock","12":"taxable","13":"shipping-taxable","14":"purchasable","15":"product-type-simple"},"_links":{"self":[{"href":"https:\/\/flameguard.ee\/sv\/wp-json\/wp\/v2\/product\/18616","targetHints":{"allow":["GET"]}}],"collection":[{"href":"https:\/\/flameguard.ee\/sv\/wp-json\/wp\/v2\/product"}],"about":[{"href":"https:\/\/flameguard.ee\/sv\/wp-json\/wp\/v2\/types\/product"}],"version-history":[{"count":1,"href":"https:\/\/flameguard.ee\/sv\/wp-json\/wp\/v2\/product\/18616\/revisions"}],"predecessor-version":[{"id":18619,"href":"https:\/\/flameguard.ee\/sv\/wp-json\/wp\/v2\/product\/18616\/revisions\/18619"}],"wp:featuredmedia":[{"embeddable":true,"href":"https:\/\/flameguard.ee\/sv\/wp-json\/wp\/v2\/media\/18617"}],"wp:attachment":[{"href":"https:\/\/flameguard.ee\/sv\/wp-json\/wp\/v2\/media?parent=18616"}],"wp:term":[{"taxonomy":"product_brand","embeddable":true,"href":"https:\/\/flameguard.ee\/sv\/wp-json\/wp\/v2\/product_brand?post=18616"},{"taxonomy":"product_cat","embeddable":true,"href":"https:\/\/flameguard.ee\/sv\/wp-json\/wp\/v2\/product_cat?post=18616"},{"taxonomy":"product_tag","embeddable":true,"href":"https:\/\/flameguard.ee\/sv\/wp-json\/wp\/v2\/product_tag?post=18616"}],"curies":[{"name":"wp","href":"https:\/\/api.w.org\/{rel}","templated":true}]}}