{"id":18620,"date":"2025-03-10T10:44:44","date_gmt":"2025-03-10T08:44:44","guid":{"rendered":"http:\/\/flameguard.ee.dedi7782.your-server.de\/?post_type=product&#038;p=18620"},"modified":"2025-03-10T10:55:35","modified_gmt":"2025-03-10T08:55:35","slug":"tookeskkonna-sisekontroll","status":"publish","type":"product","link":"https:\/\/flameguard.ee\/sv\/product\/intern-kontroll-av-arbetsmiljon\/","title":{"rendered":"Intern kontroll av arbetsmilj\u00f6n"},"content":{"rendered":"<p><strong>Arbetsmilj\u00f6lagen f\u00f6rpliktar arbetsgivare att genomf\u00f6ra systematiska interna inspektioner av arbetsmilj\u00f6n<\/strong>, under vilken han planerar, organiserar och \u00f6vervakar arbetsmilj\u00f6situationen i f\u00f6retaget i enlighet med kraven i lagen. Intern kontroll av arbetsmilj\u00f6n \u00e4r en integrerad del av f\u00f6retagets verksamhet, i vilken de anst\u00e4llda \u00e4r delaktiga och som bygger p\u00e5:\u00a0<a title=\"Riskbed\u00f6mning\" href=\"https:\/\/www.tooelu.ee\/et\/79\/riskianaluus\" data-entity-substitution=\"canonical\" data-entity-type=\"node\" data-entity-uuid=\"3bd0dc6b-1944-4de7-a3b0-7188453c318d\" target=\"_blank\" rel=\"noopener\">Riskanalys f\u00f6r arbetsmilj\u00f6\u00a0<\/a>Resultat. Den interna kontrollen best\u00e5r till sin natur av f\u00f6retagets alla dagliga aktiviteter och arbetsdokument som \u00e4r en del av organisationen av arbetarskyddet och arbetarskyddet i enlighet med de fastst\u00e4llda kraven (b\u00e5de kraven i lagstiftningen och de regler som f\u00f6retaget sj\u00e4lvt har fastst\u00e4llt \u00e4r viktiga): arbetsbeskrivningar, instruktion och utbildning av anst\u00e4llda, komplettering av riskanalys, efterlevnad av arbetsmilj\u00f6ns handlingsplan, rapportering av farliga situationer, korrekt underh\u00e5ll av utrustning etc.<\/p>\n<p>F\u00f6r att vara s\u00e4ker p\u00e5 att alla aktiviteter fungerar som de ska g\u00f6rs \u00e5rligen en \u00f6versyn av organisationen av den interna kontrollen av arbetsmilj\u00f6n och dess resultat analyseras och vid behov anpassas \u00e5tg\u00e4rder till den f\u00f6r\u00e4ndrade situationen.\u00a0Alla lagkrav och interna regelverk som g\u00e4ller f\u00f6r f\u00f6retaget granskas, verksamhetens \u00f6verensst\u00e4mmelse med kraven kontrolleras och utvecklingen av viktiga arbetsmilj\u00f6indikatorer (t.ex. antalet arbetsolyckor eller antalet sjukdagar per anst\u00e4lld) \u00f6vervakas. Det finns inga strikta krav p\u00e5 metoden f\u00f6r att genomf\u00f6ra internrevisioner, arbetsgivaren v\u00e4ljer l\u00e4mpligt tillv\u00e4gag\u00e5ngss\u00e4tt i samarbete med de anst\u00e4llda eller deras representanter.<\/p>\n<p>S\u00e4rskild uppm\u00e4rksamhet b\u00f6r ocks\u00e5 f\u00e4stas vid den omgivande befolkningen och utomst\u00e5ende \u2013 om f\u00f6retagets verksamhet inte \u00e4ventyrar eller missgynnar dem.<\/p>","protected":false},"excerpt":{"rendered":"<p>N\u00e4r en internrevision inleds ska arbetsgivaren f\u00f6lja sina skyldigheter enligt arbetarskyddslagen. Revisionsobjektet m\u00e5ste kunna svara p\u00e5 fr\u00e5gan om huruvida det lagstadgade kravet har uppfyllts i f\u00f6retaget, om den f\u00f6reskrivna verksamheten har organiserats och om det fungerar i praktiken. Beroende p\u00e5 f\u00f6retagets eller institutionens s\u00e4rdrag kanske det inte \u00e4r n\u00f6dv\u00e4ndigt att f\u00f6lja alla krav i lagen, och detta kommer att fastst\u00e4llas under internrevisionen. F\u00f6r att genomf\u00f6ra en internrevision \u00e4r det n\u00f6dv\u00e4ndigt att best\u00e4mma vem och n\u00e4r som ska utf\u00f6ra vissa aktiviteter relaterade till intern kontroll och vilka skyldigheter som \u00e4r i hanteringen av f\u00f6retagets arbetsmilj\u00f6.<\/p>\n<p><b><span data-contrast=\"auto\">I priset f\u00f6r tj\u00e4nsten ing\u00e5r 1 timmes specialarbete, under vilket ytterligare aktiviteter kartl\u00e4ggs och priss\u00e4tts enligt den faktiska arbetsm\u00e4ngden.<\/span><\/b><\/p>","protected":false},"featured_media":18621,"template":"","meta":[],"product_brand":[],"product_cat":[122,116,119],"product_tag":[],"class_list":{"0":"post-18620","1":"product","2":"type-product","3":"status-publish","4":"has-post-thumbnail","6":"product_cat-auditeerimine","7":"product_cat-teenused","8":"product_cat-tooohutus-ja-tervishoid","10":"first","11":"instock","12":"taxable","13":"shipping-taxable","14":"purchasable","15":"product-type-simple"},"_links":{"self":[{"href":"https:\/\/flameguard.ee\/sv\/wp-json\/wp\/v2\/product\/18620","targetHints":{"allow":["GET"]}}],"collection":[{"href":"https:\/\/flameguard.ee\/sv\/wp-json\/wp\/v2\/product"}],"about":[{"href":"https:\/\/flameguard.ee\/sv\/wp-json\/wp\/v2\/types\/product"}],"version-history":[{"count":1,"href":"https:\/\/flameguard.ee\/sv\/wp-json\/wp\/v2\/product\/18620\/revisions"}],"predecessor-version":[{"id":18623,"href":"https:\/\/flameguard.ee\/sv\/wp-json\/wp\/v2\/product\/18620\/revisions\/18623"}],"wp:featuredmedia":[{"embeddable":true,"href":"https:\/\/flameguard.ee\/sv\/wp-json\/wp\/v2\/media\/18621"}],"wp:attachment":[{"href":"https:\/\/flameguard.ee\/sv\/wp-json\/wp\/v2\/media?parent=18620"}],"wp:term":[{"taxonomy":"product_brand","embeddable":true,"href":"https:\/\/flameguard.ee\/sv\/wp-json\/wp\/v2\/product_brand?post=18620"},{"taxonomy":"product_cat","embeddable":true,"href":"https:\/\/flameguard.ee\/sv\/wp-json\/wp\/v2\/product_cat?post=18620"},{"taxonomy":"product_tag","embeddable":true,"href":"https:\/\/flameguard.ee\/sv\/wp-json\/wp\/v2\/product_tag?post=18620"}],"curies":[{"name":"wp","href":"https:\/\/api.w.org\/{rel}","templated":true}]}}