{"id":18629,"date":"2025-03-10T13:35:22","date_gmt":"2025-03-10T11:35:22","guid":{"rendered":"http:\/\/flameguard.ee.dedi7782.your-server.de\/?post_type=product&#038;p=18629"},"modified":"2025-03-10T13:50:42","modified_gmt":"2025-03-10T11:50:42","slug":"tehniliste-jooniste-koostamine","status":"publish","type":"product","link":"https:\/\/flameguard.ee\/sv\/product\/teknisk-ritning-sammanstallning\/","title":{"rendered":"Framtagning av tekniska ritningar"},"content":{"rendered":"","protected":false},"excerpt":{"rendered":"<header class=\"entry-header page-header\">\n<p class=\"entry-title\">Vi uppr\u00e4ttar schematiska planer f\u00f6r utrymning, informationstavlor och andra byggtekniska ritningar. Markeringarna som anv\u00e4nds p\u00e5 diagrammen uppfyller industristandarder eller enligt kundens behov. Diagrammen kan skrivas ut p\u00e5 olika material och vid behov anv\u00e4nder vi minst ett vanligt fr\u00e4mmande spr\u00e5k p\u00e5 diagrammen.<\/p>\n<p class=\"entry-title\">Dessutom erbjuder vi \u00e4ven modifiering av ritningar i digitala .dwg-filer.<\/p>\n<\/header>","protected":false},"featured_media":18630,"template":"","meta":[],"product_brand":[],"product_cat":[123,118],"product_tag":[],"class_list":{"0":"post-18629","1":"product","2":"type-product","3":"status-publish","4":"has-post-thumbnail","6":"product_cat-projekteerimine","7":"product_cat-tuleohutus","9":"first","10":"instock","11":"taxable","12":"shipping-taxable","13":"purchasable","14":"product-type-simple"},"_links":{"self":[{"href":"https:\/\/flameguard.ee\/sv\/wp-json\/wp\/v2\/product\/18629","targetHints":{"allow":["GET"]}}],"collection":[{"href":"https:\/\/flameguard.ee\/sv\/wp-json\/wp\/v2\/product"}],"about":[{"href":"https:\/\/flameguard.ee\/sv\/wp-json\/wp\/v2\/types\/product"}],"version-history":[{"count":1,"href":"https:\/\/flameguard.ee\/sv\/wp-json\/wp\/v2\/product\/18629\/revisions"}],"predecessor-version":[{"id":18632,"href":"https:\/\/flameguard.ee\/sv\/wp-json\/wp\/v2\/product\/18629\/revisions\/18632"}],"wp:featuredmedia":[{"embeddable":true,"href":"https:\/\/flameguard.ee\/sv\/wp-json\/wp\/v2\/media\/18630"}],"wp:attachment":[{"href":"https:\/\/flameguard.ee\/sv\/wp-json\/wp\/v2\/media?parent=18629"}],"wp:term":[{"taxonomy":"product_brand","embeddable":true,"href":"https:\/\/flameguard.ee\/sv\/wp-json\/wp\/v2\/product_brand?post=18629"},{"taxonomy":"product_cat","embeddable":true,"href":"https:\/\/flameguard.ee\/sv\/wp-json\/wp\/v2\/product_cat?post=18629"},{"taxonomy":"product_tag","embeddable":true,"href":"https:\/\/flameguard.ee\/sv\/wp-json\/wp\/v2\/product_tag?post=18629"}],"curies":[{"name":"wp","href":"https:\/\/api.w.org\/{rel}","templated":true}]}}