{"id":18645,"date":"2025-03-11T08:57:27","date_gmt":"2025-03-11T06:57:27","guid":{"rendered":"http:\/\/flameguard.ee.dedi7782.your-server.de\/?post_type=product&#038;p=18645"},"modified":"2025-03-11T09:18:20","modified_gmt":"2025-03-11T07:18:20","slug":"objekti-ohutusringkaik","status":"publish","type":"product","link":"https:\/\/flameguard.ee\/sv\/product\/sakerhetscykel-for-arbetsplatsen\/","title":{"rendered":"Rundtur i s\u00e4kerheten p\u00e5 platsen"},"content":{"rendered":"<p>M\u00e5nga arbetsolyckor intr\u00e4ffar f\u00f6r arbetstagare inom byggbranschen. N\u00e4stan en tredjedel av fallen slutar i allvarliga h\u00e4lsoskador. Fall fr\u00e5n h\u00f6jd, f\u00f6rlust av kontroll \u00f6ver ett handverktyg, fallande material eller f\u00f6rem\u00e5l som faller under h\u00e4nder oftare inom byggbranschen \u00e4n inom n\u00e5got annat verksamhetsomr\u00e5de. Ett allvarligt olycksfall i arbetet minskar avsev\u00e4rt inkomsten f\u00f6r en arbetsf\u00f6r person eller g\u00f6r honom eller henne beroende av staten och hans eller hennes familj. Detta \u00f6nskas inte av arbetstagaren och dennes n\u00e4rst\u00e5ende och inte heller av den arbetsgivare under vars ledning arbetet utf\u00f6rs. Byggbranschen \u00e4r en verksamhet som ofta pr\u00e4glas av v\u00e4xlande arbetsplatser och farliga arbeten. O\u00f6nskade konsekvenser kan ocks\u00e5 uppst\u00e5 om de samtidiga handlingarna av anst\u00e4llda hos olika arbetsgivare p\u00e5 samma arbetsplats inte samordnas. F\u00f6r att s\u00e4kerst\u00e4lla s\u00e4kerheten p\u00e5 byggarbetsplatsen kr\u00e4vs genomt\u00e4nkta aktiviteter och genomf\u00f6rande av s\u00e4kerhets\u00e5tg\u00e4rder som genomf\u00f6rs av samvetsgranna och kompetenta medarbetare fr\u00e5n varje arbetsgivare och huvudentrepren\u00f6r.<br \/>\n\u00c4ven om medvetenheten om s\u00e4kerhetskraven har \u00f6kat avsev\u00e4rt under \u00e5rens lopp, st\u00f6ter man alltf\u00f6r ofta p\u00e5 arbetstagare utan s\u00e4kerhetsselar p\u00e5 byggarbetsplatser, till exempel vid tillf\u00e4lligt arbete p\u00e5 h\u00f6g h\u00f6jd. Vissa krav kan avsiktligt ignoreras, men vid arbete p\u00e5 h\u00f6g h\u00f6jd m\u00e5ste det kontrolleras att arbetet utf\u00f6rs p\u00e5 ett s\u00e4kert s\u00e4tt. Arbetsgivaren och huvudentrepren\u00f6ren ansvarar f\u00f6r att byggarbetet inte medf\u00f6r fara f\u00f6r arbetstagaren. Inspektion och s\u00e4kerhetssamordning m\u00e5ste d\u00e4rf\u00f6r \u00f6kas, s\u00e4rskilt f\u00f6r allt farligt arbete.<\/p>","protected":false},"excerpt":{"rendered":"<p>S\u00e4kerhetschefen utf\u00f6r en allm\u00e4n inspektion p\u00e5 byggarbetsplatsen minst en g\u00e5ng i veckan, d\u00e4r man kontrollerar byggarbetsplatsens skick och de verktyg som anv\u00e4nds i byggandet, inklusive st\u00e4llningar, stegar och lyftanordningar, samt hur arbetsmilj\u00f6kraven uppfylls. P\u00e5 byggarbetsplatsen inspekteras tillfartsv\u00e4gar och deras markeringar, som underh\u00e5lls vid behov. stabilitet och h\u00e5llfasthet hos arbetsplattformar; Elinstallationer<br \/>\nsom kan p\u00e5verkas av nederb\u00f6rd; faromarkeringar; anv\u00e4ndning av personlig skyddsutrustning, lagring av farliga \u00e4mnen och br\u00e4nnbara material; tillg\u00e5ngen till och skicket p\u00e5 prim\u00e4r brandsl\u00e4ckningsutrustning, s\u00e4kerheten vid gr\u00e4varbeten; s\u00e4kerhet och kompetens vid arbete p\u00e5 h\u00f6g h\u00f6jd; s\u00e4kerhet och kompetens f\u00f6r heta arbeten; \u00f6verensst\u00e4mmelse med milj\u00f6krav etc.<\/p>\n<p>Om de inspektioner som utf\u00f6rs p\u00e5 byggarbetsplatsen uppr\u00e4ttas rapporter som inneh\u00e5ller uppgifter om de personer som deltagit i inspektionen, tidpunkten f\u00f6r inspektionen, de brister som uppt\u00e4ckts och eventuella f\u00f6rb\u00e4ttringsf\u00f6rslag.<\/p>\n<p><b><span data-contrast=\"auto\">I priset f\u00f6r tj\u00e4nsten ing\u00e5r 1 timmes specialarbete, under vilket ytterligare aktiviteter kartl\u00e4ggs och priss\u00e4tts enligt den faktiska arbetsm\u00e4ngden.<\/span><\/b><\/p>","protected":false},"featured_media":18647,"template":"","meta":[],"product_brand":[],"product_cat":[122,121,120,116,119,118],"product_tag":[],"class_list":{"0":"post-18645","1":"product","2":"type-product","3":"status-publish","4":"has-post-thumbnail","6":"product_cat-auditeerimine","7":"product_cat-keskkonnajuhtimine","8":"product_cat-kvaliteedijuhtimine","9":"product_cat-teenused","10":"product_cat-tooohutus-ja-tervishoid","11":"product_cat-tuleohutus","13":"first","14":"instock","15":"taxable","16":"shipping-taxable","17":"purchasable","18":"product-type-simple"},"_links":{"self":[{"href":"https:\/\/flameguard.ee\/sv\/wp-json\/wp\/v2\/product\/18645","targetHints":{"allow":["GET"]}}],"collection":[{"href":"https:\/\/flameguard.ee\/sv\/wp-json\/wp\/v2\/product"}],"about":[{"href":"https:\/\/flameguard.ee\/sv\/wp-json\/wp\/v2\/types\/product"}],"version-history":[{"count":3,"href":"https:\/\/flameguard.ee\/sv\/wp-json\/wp\/v2\/product\/18645\/revisions"}],"predecessor-version":[{"id":18650,"href":"https:\/\/flameguard.ee\/sv\/wp-json\/wp\/v2\/product\/18645\/revisions\/18650"}],"wp:featuredmedia":[{"embeddable":true,"href":"https:\/\/flameguard.ee\/sv\/wp-json\/wp\/v2\/media\/18647"}],"wp:attachment":[{"href":"https:\/\/flameguard.ee\/sv\/wp-json\/wp\/v2\/media?parent=18645"}],"wp:term":[{"taxonomy":"product_brand","embeddable":true,"href":"https:\/\/flameguard.ee\/sv\/wp-json\/wp\/v2\/product_brand?post=18645"},{"taxonomy":"product_cat","embeddable":true,"href":"https:\/\/flameguard.ee\/sv\/wp-json\/wp\/v2\/product_cat?post=18645"},{"taxonomy":"product_tag","embeddable":true,"href":"https:\/\/flameguard.ee\/sv\/wp-json\/wp\/v2\/product_tag?post=18645"}],"curies":[{"name":"wp","href":"https:\/\/api.w.org\/{rel}","templated":true}]}}