{"id":18701,"date":"2025-03-13T09:17:27","date_gmt":"2025-03-13T07:17:27","guid":{"rendered":"http:\/\/flameguard.ee.dedi7782.your-server.de\/?post_type=product&#038;p=18701"},"modified":"2025-03-13T11:10:52","modified_gmt":"2025-03-13T09:10:52","slug":"tuleohutuse-haldusteenus","status":"publish","type":"product","link":"https:\/\/flameguard.ee\/sv\/product\/ledningstjanst-for-brandsakerhet\/","title":{"rendered":"Hantering av brands\u00e4kerhet"},"content":{"rendered":"<p>Tj\u00e4nsten \u00e4r baserad p\u00e5 en m\u00e5nadsavgift och den hj\u00e4lper dig att budgetera f\u00f6r eventuella kostnader. Brands\u00e4kerhetstj\u00e4nsten \u00e4r en rimlig kompakt l\u00f6sning, men alla delar av tj\u00e4nsten kan ocks\u00e5 best\u00e4llas i mindre skala.<\/p>\n<ul>\n<li>ge r\u00e5d till ledning och anst\u00e4llda;<\/li>\n<li>F\u00f6retr\u00e4dande inf\u00f6r nationella tillsynsmyndigheter.<\/li>\n<li>formalisera en egeninspektion eller inspektion;<\/li>\n<li>kontrollera brandsl\u00e4ckare och f\u00f6ra en lista;<\/li>\n<li>Inspektion och effektivitetstest av slangsystemet;<\/li>\n<li>Inspektion av brandcellernas integritet.<\/li>\n<li>Inspektion och underh\u00e5ll av ATS.<\/li>\n<li>Komplettering av planen eller anvisningarna f\u00f6r \u00e5tg\u00e4rder i h\u00e4ndelse av brand.<\/li>\n<li>inspektion av utrymningspassager;<\/li>\n<li>inspektion av evakueringsbelysning;<\/li>\n<li>inspektion av r\u00f6kutsugningssystemet;<\/li>\n<li>brandberedskaps\u00f6vning och evakuerings\u00f6vning;<\/li>\n<li>uthyrningstj\u00e4nst f\u00f6r brands\u00e4kerhetsspecialister;<\/li>\n<li>underh\u00e5ll av ventilationssystem;<\/li>\n<li>integritetskontroll av \u00e5skskydd;<\/li>\n<li>inspektion av brandsl\u00e4ckningssystemet;<\/li>\n<li>inspektion av v\u00e4rmesystem;<\/li>\n<li>observation av byggarbetsplatsen.<\/li>\n<\/ul>","protected":false},"excerpt":{"rendered":"<p>Brands\u00e4kerhetshantering \u00e4r en bekv\u00e4m och kompakt tj\u00e4nst som s\u00e4kerst\u00e4ller den dagliga s\u00e4kerheten f\u00f6r en byggnad eller ett objekt genom kontinuitetskontroll och specialisttj\u00e4nster. Kunden kan skr\u00e4ddarsy de tj\u00e4nster som passar dem och vi utf\u00f6r m\u00e5nads-, kvartals- och \u00e5rsunderh\u00e5ll eller specialistaktiviteter i r\u00e4tt tid och med h\u00f6g kvalitet. Med hj\u00e4lp av f\u00f6rvaltningstj\u00e4nsten representerar vi kunden vid bes\u00f6k hos r\u00e4ddningsstyrelsen, f\u00f6rs\u00e4kringsbolag eller andra revisioner och bereder vid behov expertbed\u00f6mningar. Tj\u00e4nsten l\u00e4mpar sig f\u00f6r kommersiella byggnader och produktionsbyggnader av alla storlekar, den offentliga sektorn, milit\u00e4ra anl\u00e4ggningar, hamnar och byggnader som \u00e4r kulturminnesskyddade. All verksamhet dokumenteras med lagar eller andra dokument som anv\u00e4nds.<\/p>\n<div class=\"elementor-element elementor-element-53ce8fe2 elementor-widget elementor-widget-text-editor\" data-id=\"53ce8fe2\" data-element_type=\"widget\" data-widget_type=\"text-editor.default\">\n<div class=\"elementor-widget-container\">\n<p><strong>Tj\u00e4nsten f\u00e5r endast tillhandah\u00e5llas av en giltig brands\u00e4kerhetsspecialist niv\u00e5 5 eller <\/strong><strong><span class=\"elementor-icon-list-text\">Brands\u00e4kerhetsexpert Niv\u00e5 6 <\/span><\/strong><strong>en person med yrkeskvalifikationer och den administrativa tj\u00e4nsten kan kombineras med tj\u00e4nster fr\u00e5n en SHEQ-specialist.<\/strong><\/p>\n<\/div>\n<\/div>\n<div class=\"elementor-element elementor-element-7fe0e6ac elementor-align-left elementor-icon-list--layout-traditional elementor-list-item-link-full_width elementor-widget elementor-widget-icon-list\" data-id=\"7fe0e6ac\" data-element_type=\"widget\" data-widget_type=\"icon-list.default\">\n<div class=\"elementor-widget-container\">\n<p><b><span data-contrast=\"auto\">I priset f\u00f6r tj\u00e4nsten ing\u00e5r den avtalade m\u00e4ngden special- eller underh\u00e5llsarbete, under vilket de n\u00f6dv\u00e4ndiga \u00e5tg\u00e4rderna kartl\u00e4ggs och priss\u00e4tts enligt den faktiska arbetsm\u00e4ngden.\u00a0<\/span><\/b><\/p>\n<\/div>\n<\/div>","protected":false},"featured_media":18713,"template":"","meta":[],"product_brand":[],"product_cat":[117,116,118],"product_tag":[],"class_list":{"0":"post-18701","1":"product","2":"type-product","3":"status-publish","4":"has-post-thumbnail","6":"product_cat-hooldus-ja-paigaldus","7":"product_cat-teenused","8":"product_cat-tuleohutus","10":"first","11":"instock","12":"taxable","13":"shipping-taxable","14":"purchasable","15":"product-type-simple"},"_links":{"self":[{"href":"https:\/\/flameguard.ee\/sv\/wp-json\/wp\/v2\/product\/18701","targetHints":{"allow":["GET"]}}],"collection":[{"href":"https:\/\/flameguard.ee\/sv\/wp-json\/wp\/v2\/product"}],"about":[{"href":"https:\/\/flameguard.ee\/sv\/wp-json\/wp\/v2\/types\/product"}],"version-history":[{"count":12,"href":"https:\/\/flameguard.ee\/sv\/wp-json\/wp\/v2\/product\/18701\/revisions"}],"predecessor-version":[{"id":18717,"href":"https:\/\/flameguard.ee\/sv\/wp-json\/wp\/v2\/product\/18701\/revisions\/18717"}],"wp:featuredmedia":[{"embeddable":true,"href":"https:\/\/flameguard.ee\/sv\/wp-json\/wp\/v2\/media\/18713"}],"wp:attachment":[{"href":"https:\/\/flameguard.ee\/sv\/wp-json\/wp\/v2\/media?parent=18701"}],"wp:term":[{"taxonomy":"product_brand","embeddable":true,"href":"https:\/\/flameguard.ee\/sv\/wp-json\/wp\/v2\/product_brand?post=18701"},{"taxonomy":"product_cat","embeddable":true,"href":"https:\/\/flameguard.ee\/sv\/wp-json\/wp\/v2\/product_cat?post=18701"},{"taxonomy":"product_tag","embeddable":true,"href":"https:\/\/flameguard.ee\/sv\/wp-json\/wp\/v2\/product_tag?post=18701"}],"curies":[{"name":"wp","href":"https:\/\/api.w.org\/{rel}","templated":true}]}}