{"id":18720,"date":"2025-03-13T12:51:33","date_gmt":"2025-03-13T10:51:33","guid":{"rendered":"http:\/\/flameguard.ee.dedi7782.your-server.de\/?post_type=product&#038;p=18720"},"modified":"2025-03-14T19:54:42","modified_gmt":"2025-03-14T17:54:42","slug":"kov-i-kriisijuht","status":"publish","type":"product","link":"https:\/\/flameguard.ee\/sv\/product\/kommunal-krischef\/","title":{"rendered":"Kommunal krischef"},"content":{"rendered":"<p><strong>Tj\u00e4nsten krishanterare kan anv\u00e4ndas f\u00f6r att l\u00f6sa olika krisrelaterade aktiviteter:<\/strong><\/p>\n<ul>\n<li>kontrollera att skyddsrummen uppfyller kraven,<\/li>\n<li>Utveckla ett f\u00f6rfarande f\u00f6r att s\u00e4kerst\u00e4lla viktiga tj\u00e4nster.<\/li>\n<li>F\u00f6rberedelse, kontroll och komplettering av sektorsspecifika dokument.<\/li>\n<li>genomf\u00f6ra interna och externa utbildningar;<\/li>\n<li>hantering av kriskommunikation;<\/li>\n<li>Utveckla samarbetet med de nationella myndigheterna.<\/li>\n<li>validering och revision av samarbetspartners;<\/li>\n<li>Utveckling av ett system f\u00f6r hantering av krisberedskap.<\/li>\n<li>genomf\u00f6ra offentliga \u00f6vningar;<\/li>\n<li>Extern bed\u00f6mning av den lokala f\u00f6rvaltningens krisberedskap.<\/li>\n<li>testning och styrning av avdelningarnas beredskap m.m.<\/li>\n<\/ul>\n<p>Eftersom krisberedskapen \u00e4r ett mycket brett omr\u00e5de \u00e4r listan inte utt\u00f6mmande, utan varje kund kan utforma tj\u00e4nsten s\u00e5 att den passar dem.<\/p>\n<div id=\"selgi-1273345502\" class=\"selgi-content\"><\/div>","protected":false},"excerpt":{"rendered":"<p><strong>Kommunal krischef<\/strong> Tj\u00e4nsten \u00e4r avsedd f\u00f6r kommunerna och \u00e4ndam\u00e5let att st\u00f6dja den befintliga krisgruppen och se till att de skyldigheter som lagstiftningen medf\u00f6r f\u00f6r att l\u00f6sa n\u00f6dsituationer och kriser tillgodoses. En krisledare \u00e4r en extern partner som konsulterar och hj\u00e4lper lokala myndigheter att hitta r\u00e4tt i sektorsspecifika regelverk, best practice f\u00f6r krisberedskap, val av samarbetspartners, framtagande av dokumentation och policyutveckling.<\/p>\n<p>V\u00e5r externa representant st\u00f6djer och f\u00f6retr\u00e4der klienten i en p\u00e5 f\u00f6rhand \u00f6verenskommen volym och p\u00e5 de villkor och den allm\u00e4nna villkorligheten. Med ett samarbetsavtal p\u00e5 minst 12 m\u00e5nader \u00e4r det m\u00f6jligt att tilldela ombudet en yrkestitel som \u00e4r f\u00f6renlig med kundens struktur och r\u00e4tten att f\u00f6retr\u00e4da tillsynsmyndigheten (yrkesinspektionen, r\u00e4ddningsstyrelsen etc.). Kunden betalar f\u00f6r konsultationstj\u00e4nsten p\u00e5 grundval av det aktuella timpriset.<\/p>\n<p><b><span data-contrast=\"auto\">I priset f\u00f6r tj\u00e4nsten ing\u00e5r 1 timmes expertarbete, under vilket man kartl\u00e4gger den fortsatta organisationsbaserade verksamheten och priss\u00e4tter den enligt den faktiska arbetsm\u00e4ngden.\u00a0<\/span><\/b><\/p>","protected":false},"featured_media":18736,"template":"","meta":[],"product_brand":[],"product_cat":[121,120,116,119,118],"product_tag":[],"class_list":{"0":"post-18720","1":"product","2":"type-product","3":"status-publish","4":"has-post-thumbnail","6":"product_cat-keskkonnajuhtimine","7":"product_cat-kvaliteedijuhtimine","8":"product_cat-teenused","9":"product_cat-tooohutus-ja-tervishoid","10":"product_cat-tuleohutus","12":"first","13":"instock","14":"taxable","15":"shipping-taxable","16":"purchasable","17":"product-type-simple"},"_links":{"self":[{"href":"https:\/\/flameguard.ee\/sv\/wp-json\/wp\/v2\/product\/18720","targetHints":{"allow":["GET"]}}],"collection":[{"href":"https:\/\/flameguard.ee\/sv\/wp-json\/wp\/v2\/product"}],"about":[{"href":"https:\/\/flameguard.ee\/sv\/wp-json\/wp\/v2\/types\/product"}],"version-history":[{"count":1,"href":"https:\/\/flameguard.ee\/sv\/wp-json\/wp\/v2\/product\/18720\/revisions"}],"predecessor-version":[{"id":18738,"href":"https:\/\/flameguard.ee\/sv\/wp-json\/wp\/v2\/product\/18720\/revisions\/18738"}],"wp:featuredmedia":[{"embeddable":true,"href":"https:\/\/flameguard.ee\/sv\/wp-json\/wp\/v2\/media\/18736"}],"wp:attachment":[{"href":"https:\/\/flameguard.ee\/sv\/wp-json\/wp\/v2\/media?parent=18720"}],"wp:term":[{"taxonomy":"product_brand","embeddable":true,"href":"https:\/\/flameguard.ee\/sv\/wp-json\/wp\/v2\/product_brand?post=18720"},{"taxonomy":"product_cat","embeddable":true,"href":"https:\/\/flameguard.ee\/sv\/wp-json\/wp\/v2\/product_cat?post=18720"},{"taxonomy":"product_tag","embeddable":true,"href":"https:\/\/flameguard.ee\/sv\/wp-json\/wp\/v2\/product_tag?post=18720"}],"curies":[{"name":"wp","href":"https:\/\/api.w.org\/{rel}","templated":true}]}}