{"id":18813,"date":"2025-03-17T14:09:12","date_gmt":"2025-03-17T12:09:12","guid":{"rendered":"https:\/\/flameguard.ee\/?post_type=product&#038;p=18813"},"modified":"2025-03-17T15:32:20","modified_gmt":"2025-03-17T13:32:20","slug":"kemitek-easy-clean-klaaspindade-puhastusvahend","status":"publish","type":"product","link":"https:\/\/flameguard.ee\/sv\/product\/kemitek-latt-rengora-glas-yta-rengoringsmedel\/","title":{"rendered":"Reng\u00f6ringsmedel f\u00f6r glasytor"},"content":{"rendered":"<p><strong>Produktinformation:<\/strong><\/p>\n<p><a style=\"color: #fe312e;\" href=\"\/wp-content\/uploads\/2025\/03\/Mac-935-EE-TOK.pdf\" target=\"_blank\" rel=\"noopener\"><img decoding=\"async\" src=\"\/wp-content\/uploads\/2025\/02\/pdf-icon.webp\" \/> S\u00e4kerhetsdatablad<\/a><\/p>","protected":false},"excerpt":{"rendered":"<p>Kemiteks Easy Clean-reng\u00f6ringsmedel f\u00f6r glasytor f\u00f6r f\u00f6nster, speglar och andra glasytor. L\u00f6ser upp fett och ger en skinande ren yta. Kan \u00e4ven anv\u00e4ndas p\u00e5 plastytor och andra ytor som t\u00e5l tv\u00e4tt med vatten. T.ex. sten, kakel, keramik. <strong>Anv\u00e4nda:<\/strong> Spraya direkt p\u00e5 ytan som ska reng\u00f6ras och torka av med en f\u00f6nsterskrapa, torr trasa eller papper.<\/p>\n<p><strong>Sammans\u00e4ttning:<\/strong> Etanol, ammoniak, butoxietanol, ytaktiva \u00e4mnen.<br \/>\npH-v\u00e4rde i koncentrat: 10,5<br \/>\nOrsakar allvarlig \u00f6gonirritation.<\/p>\n<p>&nbsp;<\/p>","protected":false},"featured_media":18832,"template":"","meta":[],"product_brand":[],"product_cat":[165],"product_tag":[],"class_list":{"0":"post-18813","1":"product","2":"type-product","3":"status-publish","4":"has-post-thumbnail","6":"product_cat-puhastusvahendid","8":"first","9":"instock","10":"taxable","11":"shipping-taxable","12":"purchasable","13":"product-type-simple"},"_links":{"self":[{"href":"https:\/\/flameguard.ee\/sv\/wp-json\/wp\/v2\/product\/18813","targetHints":{"allow":["GET"]}}],"collection":[{"href":"https:\/\/flameguard.ee\/sv\/wp-json\/wp\/v2\/product"}],"about":[{"href":"https:\/\/flameguard.ee\/sv\/wp-json\/wp\/v2\/types\/product"}],"version-history":[{"count":10,"href":"https:\/\/flameguard.ee\/sv\/wp-json\/wp\/v2\/product\/18813\/revisions"}],"predecessor-version":[{"id":18876,"href":"https:\/\/flameguard.ee\/sv\/wp-json\/wp\/v2\/product\/18813\/revisions\/18876"}],"wp:featuredmedia":[{"embeddable":true,"href":"https:\/\/flameguard.ee\/sv\/wp-json\/wp\/v2\/media\/18832"}],"wp:attachment":[{"href":"https:\/\/flameguard.ee\/sv\/wp-json\/wp\/v2\/media?parent=18813"}],"wp:term":[{"taxonomy":"product_brand","embeddable":true,"href":"https:\/\/flameguard.ee\/sv\/wp-json\/wp\/v2\/product_brand?post=18813"},{"taxonomy":"product_cat","embeddable":true,"href":"https:\/\/flameguard.ee\/sv\/wp-json\/wp\/v2\/product_cat?post=18813"},{"taxonomy":"product_tag","embeddable":true,"href":"https:\/\/flameguard.ee\/sv\/wp-json\/wp\/v2\/product_tag?post=18813"}],"curies":[{"name":"wp","href":"https:\/\/api.w.org\/{rel}","templated":true}]}}