{"id":18856,"date":"2025-03-17T14:32:02","date_gmt":"2025-03-17T12:32:02","guid":{"rendered":"https:\/\/flameguard.ee\/?post_type=product&#038;p=18856"},"modified":"2025-03-17T15:32:05","modified_gmt":"2025-03-17T13:32:05","slug":"kiirpuhastusvahend","status":"publish","type":"product","link":"https:\/\/flameguard.ee\/sv\/product\/snabb-rengoring\/","title":{"rendered":"Snabb reng\u00f6ring"},"content":{"rendered":"<p><strong>Produktinformation:<\/strong><\/p>\n<p><a style=\"color: #fe312e;\" href=\"\/wp-content\/uploads\/2025\/03\/Mac-945-Easy-Clean_EE-TOK.pdf\" target=\"_blank\" rel=\"noopener\"><img decoding=\"async\" src=\"\/wp-content\/uploads\/2025\/02\/pdf-icon.webp\" \/> S\u00e4kerhetsdatablad<\/a><\/p>","protected":false},"excerpt":{"rendered":"<p>Kemiteks Easy Clean snabbreng\u00f6ring f\u00f6r alla vattent\u00e4ta ytor. Tar effektivt bort fett, sot och annan smuts som \u00e4r sv\u00e5r att ta bort. <strong>Anv\u00e4nda:<\/strong> Spraya direkt p\u00e5 ytan som ska reng\u00f6ras. Torka av med en pappershandduk eller luddfri trasa. Vid mycket sv\u00e5r att ta bort smuts, l\u00e5t produkten verka en stund innan du torkar av.<\/p>\n<p><strong>Sammans\u00e4ttning:<\/strong> Natrium N-(hydroximetyl) glycinat &lt; 1% , D-limonen &lt; 0,1%<br \/>\nKan orsaka en allergisk hudreaktion. Anv\u00e4nd skyddshandskar.<\/p>\n<p>&nbsp;<\/p>","protected":false},"featured_media":18830,"template":"","meta":[],"product_brand":[],"product_cat":[165],"product_tag":[],"class_list":{"0":"post-18856","1":"product","2":"type-product","3":"status-publish","4":"has-post-thumbnail","6":"product_cat-puhastusvahendid","8":"first","9":"instock","10":"taxable","11":"shipping-taxable","12":"purchasable","13":"product-type-simple"},"_links":{"self":[{"href":"https:\/\/flameguard.ee\/sv\/wp-json\/wp\/v2\/product\/18856","targetHints":{"allow":["GET"]}}],"collection":[{"href":"https:\/\/flameguard.ee\/sv\/wp-json\/wp\/v2\/product"}],"about":[{"href":"https:\/\/flameguard.ee\/sv\/wp-json\/wp\/v2\/types\/product"}],"version-history":[{"count":5,"href":"https:\/\/flameguard.ee\/sv\/wp-json\/wp\/v2\/product\/18856\/revisions"}],"predecessor-version":[{"id":18875,"href":"https:\/\/flameguard.ee\/sv\/wp-json\/wp\/v2\/product\/18856\/revisions\/18875"}],"wp:featuredmedia":[{"embeddable":true,"href":"https:\/\/flameguard.ee\/sv\/wp-json\/wp\/v2\/media\/18830"}],"wp:attachment":[{"href":"https:\/\/flameguard.ee\/sv\/wp-json\/wp\/v2\/media?parent=18856"}],"wp:term":[{"taxonomy":"product_brand","embeddable":true,"href":"https:\/\/flameguard.ee\/sv\/wp-json\/wp\/v2\/product_brand?post=18856"},{"taxonomy":"product_cat","embeddable":true,"href":"https:\/\/flameguard.ee\/sv\/wp-json\/wp\/v2\/product_cat?post=18856"},{"taxonomy":"product_tag","embeddable":true,"href":"https:\/\/flameguard.ee\/sv\/wp-json\/wp\/v2\/product_tag?post=18856"}],"curies":[{"name":"wp","href":"https:\/\/api.w.org\/{rel}","templated":true}]}}