{"id":18859,"date":"2025-03-17T14:47:27","date_gmt":"2025-03-17T12:47:27","guid":{"rendered":"https:\/\/flameguard.ee\/?post_type=product&#038;p=18859"},"modified":"2025-03-17T15:12:03","modified_gmt":"2025-03-17T13:12:03","slug":"koogipuhastusvahend","status":"publish","type":"product","link":"https:\/\/flameguard.ee\/sv\/product\/rengoringsmedel-for-kok\/","title":{"rendered":"Reng\u00f6ringsmedel f\u00f6r k\u00f6k"},"content":{"rendered":"<p><strong>Produktinformation:<\/strong><\/p>\n<p><a style=\"color: #fe312e;\" href=\"\/wp-content\/uploads\/2025\/03\/Mac-949-EE-TOK.pdf\" target=\"_blank\" rel=\"noopener\"><img decoding=\"async\" src=\"\/wp-content\/uploads\/2025\/02\/pdf-icon.webp\" \/> S\u00e4kerhetsdatablad<\/a><\/p>","protected":false},"excerpt":{"rendered":"<p>Kemiteks Easy Clean k\u00f6ksreng\u00f6ring \u00e4r ett antistatiskt fl\u00e4ckborttagningsmedel och reng\u00f6ringsmedel f\u00f6r alla vattent\u00e4ta ytor. Eliminerar smuts som \u00e4r sv\u00e5r att ta bort, t.ex. fett och sot, utan att skada ytan. <strong>Anv\u00e4nda:<\/strong> Spraya p\u00e5 en smutsig yta, l\u00e5t produkten verka och torka sedan torrt.<\/p>\n<p><strong>Sammans\u00e4ttning:<\/strong> Nonjoniska tensider 5%, amfot\u00e4ra ytaktiva \u00e4mnen 5%, vatten &gt; 30%<br \/>\npH-niv\u00e5 f\u00f6r koncentrat 14<br \/>\nUndvik att andas in imma\/\u00e5nga\/spray. Vid otillr\u00e4cklig ventilation, anv\u00e4nd andningsskydd.<\/p>\n<p>&nbsp;<\/p>","protected":false},"featured_media":18828,"template":"","meta":[],"product_brand":[],"product_cat":[165],"product_tag":[],"class_list":{"0":"post-18859","1":"product","2":"type-product","3":"status-publish","4":"has-post-thumbnail","6":"product_cat-puhastusvahendid","8":"first","9":"instock","10":"taxable","11":"shipping-taxable","12":"purchasable","13":"product-type-simple"},"_links":{"self":[{"href":"https:\/\/flameguard.ee\/sv\/wp-json\/wp\/v2\/product\/18859","targetHints":{"allow":["GET"]}}],"collection":[{"href":"https:\/\/flameguard.ee\/sv\/wp-json\/wp\/v2\/product"}],"about":[{"href":"https:\/\/flameguard.ee\/sv\/wp-json\/wp\/v2\/types\/product"}],"version-history":[{"count":3,"href":"https:\/\/flameguard.ee\/sv\/wp-json\/wp\/v2\/product\/18859\/revisions"}],"predecessor-version":[{"id":18867,"href":"https:\/\/flameguard.ee\/sv\/wp-json\/wp\/v2\/product\/18859\/revisions\/18867"}],"wp:featuredmedia":[{"embeddable":true,"href":"https:\/\/flameguard.ee\/sv\/wp-json\/wp\/v2\/media\/18828"}],"wp:attachment":[{"href":"https:\/\/flameguard.ee\/sv\/wp-json\/wp\/v2\/media?parent=18859"}],"wp:term":[{"taxonomy":"product_brand","embeddable":true,"href":"https:\/\/flameguard.ee\/sv\/wp-json\/wp\/v2\/product_brand?post=18859"},{"taxonomy":"product_cat","embeddable":true,"href":"https:\/\/flameguard.ee\/sv\/wp-json\/wp\/v2\/product_cat?post=18859"},{"taxonomy":"product_tag","embeddable":true,"href":"https:\/\/flameguard.ee\/sv\/wp-json\/wp\/v2\/product_tag?post=18859"}],"curies":[{"name":"wp","href":"https:\/\/api.w.org\/{rel}","templated":true}]}}