{"id":18868,"date":"2025-03-17T15:12:13","date_gmt":"2025-03-17T13:12:13","guid":{"rendered":"https:\/\/flameguard.ee\/?post_type=product&#038;p=18868"},"modified":"2025-03-17T15:31:50","modified_gmt":"2025-03-17T13:31:50","slug":"roostevabade-pindade-hooldusvahend","status":"publish","type":"product","link":"https:\/\/flameguard.ee\/sv\/product\/vardprodukt-for-rostfria-ytor\/","title":{"rendered":"Ytv\u00e5rdsmedel i rostfritt st\u00e5l"},"content":{"rendered":"<p><strong>Produktinformation:<\/strong><\/p>\n<p><a style=\"color: #fe312e;\" href=\"\/wp-content\/uploads\/2025\/03\/Mac-928-EE-TOK.pdf\"_blank\" rel=\"noopener\"><img decoding=\"async\" src=\"\/wp-content\/uploads\/2025\/02\/pdf-icon.webp\" \/> S\u00e4kerhetsdatablad<\/a><\/p>","protected":false},"excerpt":{"rendered":"<p>Kemiteks Easy Clean-ytv\u00e5rdsprodukt i rostfritt st\u00e5l \u00e4r en effektiv v\u00e5rdprodukt f\u00f6r ytor av rostfritt st\u00e5l och aluminium. Produkten l\u00e4mnar ett skyddande skikt mot damm och fingeravtryck p\u00e5 ytor. <strong>Anv\u00e4nda:<\/strong> Spraya p\u00e5 den tidigare rengjorda ytan och l\u00e5t medlet verka. Torka av ytan med en luddfri trasa eller papper.<\/p>\n<p><strong>Sammans\u00e4ttning:<\/strong> Vatten &gt;30%, nonjoniska tensider &lt; 5%, amfot\u00e4ra tensider &lt;5%, pH-v\u00e4rde: ca 9<br \/>\nF\u00f6rvaras i rumstemperatur. Under normala f\u00f6rh\u00e5llanden kan en o\u00f6ppnad produkt f\u00f6rvaras i minst 24 m\u00e5nader.<\/p>\n<p>&nbsp;<\/p>","protected":false},"featured_media":18826,"template":"","meta":[],"product_brand":[],"product_cat":[165],"product_tag":[],"class_list":{"0":"post-18868","1":"product","2":"type-product","3":"status-publish","4":"has-post-thumbnail","6":"product_cat-puhastusvahendid","8":"first","9":"instock","10":"taxable","11":"shipping-taxable","12":"purchasable","13":"product-type-simple"},"_links":{"self":[{"href":"https:\/\/flameguard.ee\/sv\/wp-json\/wp\/v2\/product\/18868","targetHints":{"allow":["GET"]}}],"collection":[{"href":"https:\/\/flameguard.ee\/sv\/wp-json\/wp\/v2\/product"}],"about":[{"href":"https:\/\/flameguard.ee\/sv\/wp-json\/wp\/v2\/types\/product"}],"version-history":[{"count":3,"href":"https:\/\/flameguard.ee\/sv\/wp-json\/wp\/v2\/product\/18868\/revisions"}],"predecessor-version":[{"id":18874,"href":"https:\/\/flameguard.ee\/sv\/wp-json\/wp\/v2\/product\/18868\/revisions\/18874"}],"wp:featuredmedia":[{"embeddable":true,"href":"https:\/\/flameguard.ee\/sv\/wp-json\/wp\/v2\/media\/18826"}],"wp:attachment":[{"href":"https:\/\/flameguard.ee\/sv\/wp-json\/wp\/v2\/media?parent=18868"}],"wp:term":[{"taxonomy":"product_brand","embeddable":true,"href":"https:\/\/flameguard.ee\/sv\/wp-json\/wp\/v2\/product_brand?post=18868"},{"taxonomy":"product_cat","embeddable":true,"href":"https:\/\/flameguard.ee\/sv\/wp-json\/wp\/v2\/product_cat?post=18868"},{"taxonomy":"product_tag","embeddable":true,"href":"https:\/\/flameguard.ee\/sv\/wp-json\/wp\/v2\/product_tag?post=18868"}],"curies":[{"name":"wp","href":"https:\/\/api.w.org\/{rel}","templated":true}]}}