{"id":18871,"date":"2025-03-17T15:19:53","date_gmt":"2025-03-17T13:19:53","guid":{"rendered":"https:\/\/flameguard.ee\/?post_type=product&#038;p=18871"},"modified":"2025-03-17T15:31:37","modified_gmt":"2025-03-17T13:31:37","slug":"desinfektsioonivahend-pindadele","status":"publish","type":"product","link":"https:\/\/flameguard.ee\/sv\/product\/desinfektionsmedel-for-ytor\/","title":{"rendered":"Desinfektionsmedel f\u00f6r ytor"},"content":{"rendered":"<p><strong>Produktinformation:<\/strong><\/p>\n<p><a style=\"color: #fe312e;\" href=\"\/wp-content\/uploads\/2025\/03\/Mac-TS-310-EE-TOK.pdf\"_blank\" rel=\"noopener\"><img decoding=\"async\" src=\"\/wp-content\/uploads\/2025\/02\/pdf-icon.webp\" \/> S\u00e4kerhetsdatablad<\/a><\/p>","protected":false},"excerpt":{"rendered":"<p>Kemiteks Easy Clean-desinfektionsmedel f\u00f6r ytor \u00e4r ett alkoholbaserat desinfektionsmedel f\u00f6r snabb desinfektion av alkoholresistenta ytor. Med mycket aktiva bakteried\u00f6dande, svampd\u00f6dande, virusd\u00f6dande och tuberkuld\u00f6dande effekter. <strong>Anv\u00e4nda:<\/strong> Applicera ett j\u00e4mnt lager p\u00e5 en ren yta. L\u00e5t verka i 30 sekunder. Efter ingreppet \u00e4r det inte n\u00f6dv\u00e4ndigt att sk\u00f6lja ytorna.<\/p>\n<p><strong>Sammans\u00e4ttning:<\/strong> Etanol per 100 g 46,8 g, propan-2-ol per 100 g 25,2 g<br \/>\nBiocidproduktens registreringsnummer 1970\/20<br \/>\nMycket brandfarlig v\u00e4tska och \u00e5nga. Orsakar allvarlig \u00f6gonirritation. H\u00e5ll dig borta<br \/>\nv\u00e4rmek\u00e4lla\/gnistor\/l\u00e5gor\/heta ytor. \u2013 R\u00f6k inte.<br \/>\nVid f\u00f6rvaring under normala f\u00f6rh\u00e5llanden kan en o\u00f6ppnad produkt f\u00f6rvaras i minst 36 m\u00e5nader.<\/p>\n<p>&nbsp;<\/p>","protected":false},"featured_media":18824,"template":"","meta":[],"product_brand":[],"product_cat":[165],"product_tag":[],"class_list":{"0":"post-18871","1":"product","2":"type-product","3":"status-publish","4":"has-post-thumbnail","6":"product_cat-puhastusvahendid","8":"first","9":"instock","10":"taxable","11":"shipping-taxable","12":"purchasable","13":"product-type-simple"},"_links":{"self":[{"href":"https:\/\/flameguard.ee\/sv\/wp-json\/wp\/v2\/product\/18871","targetHints":{"allow":["GET"]}}],"collection":[{"href":"https:\/\/flameguard.ee\/sv\/wp-json\/wp\/v2\/product"}],"about":[{"href":"https:\/\/flameguard.ee\/sv\/wp-json\/wp\/v2\/types\/product"}],"version-history":[{"count":2,"href":"https:\/\/flameguard.ee\/sv\/wp-json\/wp\/v2\/product\/18871\/revisions"}],"predecessor-version":[{"id":18873,"href":"https:\/\/flameguard.ee\/sv\/wp-json\/wp\/v2\/product\/18871\/revisions\/18873"}],"wp:featuredmedia":[{"embeddable":true,"href":"https:\/\/flameguard.ee\/sv\/wp-json\/wp\/v2\/media\/18824"}],"wp:attachment":[{"href":"https:\/\/flameguard.ee\/sv\/wp-json\/wp\/v2\/media?parent=18871"}],"wp:term":[{"taxonomy":"product_brand","embeddable":true,"href":"https:\/\/flameguard.ee\/sv\/wp-json\/wp\/v2\/product_brand?post=18871"},{"taxonomy":"product_cat","embeddable":true,"href":"https:\/\/flameguard.ee\/sv\/wp-json\/wp\/v2\/product_cat?post=18871"},{"taxonomy":"product_tag","embeddable":true,"href":"https:\/\/flameguard.ee\/sv\/wp-json\/wp\/v2\/product_tag?post=18871"}],"curies":[{"name":"wp","href":"https:\/\/api.w.org\/{rel}","templated":true}]}}