{"id":18882,"date":"2025-04-01T16:54:43","date_gmt":"2025-04-01T13:54:43","guid":{"rendered":"https:\/\/flameguard.ee\/?post_type=product&#038;p=18882"},"modified":"2025-04-02T19:39:39","modified_gmt":"2025-04-02T16:39:39","slug":"ags-11-1-aerosool-generaator","status":"publish","type":"product","link":"https:\/\/flameguard.ee\/sv\/product\/ags-11-1-aerosol-generator\/","title":{"rendered":"AGS-11\/1 Aerosolgenerator med termometer"},"content":{"rendered":"<p>Produkten \u00e4r utformad f\u00f6r att generera en gas-aerosolblandning i den koncentration som kr\u00e4vs f\u00f6r att stoppa flamf\u00f6rbr\u00e4nningsprocessen.<\/p>\n<p>F\u00f6r att aktivera produkten \u00e4r det n\u00f6dv\u00e4ndigt att temperaturen i den skyddade milj\u00f6n stiger \u00f6ver 180 \u00b0C<\/p>","protected":false},"excerpt":{"rendered":"<p>AGS-11\/1 underh\u00e5llsfritt brandsl\u00e4ckningssystem \u00e4r en termisk aerosolanordning speciellt designad f\u00f6r transport, hush\u00e5lls-, industri- och marina applikationer. Den har utvecklats f\u00f6r att sl\u00e4cka br\u00e4nder och f\u00f6rhindra att de sprids vidare och \u00e4r s\u00e4rskilt effektiv vid br\u00e4nder orsakade av kortslutning i elektriska installationer.<br \/>\nN\u00e4r det g\u00e4ller lokala br\u00e4nder bevisar AGS-11\/1 sin anv\u00e4ndbarhet genom att spela en viktig roll f\u00f6r att r\u00e4dda liv och egendom. Produkten \u00e4r speciellt utformad f\u00f6r att autonomt ingripa i obevakade str\u00f6mdistributionssystem (upp till 40 kV) som elcentraler, h\u00f6gsp\u00e4nningsstationer, f\u00f6rdelningssk\u00e5p och automationsutrustning. Den kan ocks\u00e5 anv\u00e4ndas i transportfordon, eftersom den uppfyller kraven p\u00e5 vibrationsbelastning f\u00f6r j\u00e4rnv\u00e4gs-, v\u00e4g- och lufttransporter. L\u00e4mplig f\u00f6r anv\u00e4ndning i slutna eller m\u00e5ttligt ventilerade f\u00f6rh\u00e5llanden upp till 2,2 m3.<br \/>\n<strong>Specifikationer:<\/strong><br \/>\nAutomatisk brandsl\u00e4ckningsanordning.<br \/>\nAerosolbildande laddningsmassa: 0,1 kg<br \/>\nDrifttid: 7 sekunder<br \/>\nAerosolblandningstemperatur vid 0,5 m fr\u00e5n generatorn: 50 \u00b0C<br \/>\nM\u00e5tt (diameter \u00d7 l\u00e4ngd): 122 \u00d7 25 mm<br \/>\nSkyddad volym: upp till 2 m\u00b3<br \/>\nVikt: 0,2 kg<br \/>\nDrifttemperaturomr\u00e5de: -50\u00b0C till +50\u00b0C<br \/>\nBrandklass: B-A-E.<br \/>\n\u00d6verensst\u00e4mmelse: CEN\/TR 15276-1<\/p>\n<p>&nbsp;<\/p>","protected":false},"featured_media":18890,"template":"","meta":[],"product_brand":[],"product_cat":[125,83],"product_tag":[],"class_list":{"0":"post-18882","1":"product","2":"type-product","3":"status-publish","4":"has-post-thumbnail","6":"product_cat-innovatsioon","7":"product_cat-tulekustutid","9":"first","10":"instock","11":"taxable","12":"shipping-taxable","13":"purchasable","14":"product-type-simple"},"_links":{"self":[{"href":"https:\/\/flameguard.ee\/sv\/wp-json\/wp\/v2\/product\/18882","targetHints":{"allow":["GET"]}}],"collection":[{"href":"https:\/\/flameguard.ee\/sv\/wp-json\/wp\/v2\/product"}],"about":[{"href":"https:\/\/flameguard.ee\/sv\/wp-json\/wp\/v2\/types\/product"}],"version-history":[{"count":5,"href":"https:\/\/flameguard.ee\/sv\/wp-json\/wp\/v2\/product\/18882\/revisions"}],"predecessor-version":[{"id":18886,"href":"https:\/\/flameguard.ee\/sv\/wp-json\/wp\/v2\/product\/18882\/revisions\/18886"}],"wp:featuredmedia":[{"embeddable":true,"href":"https:\/\/flameguard.ee\/sv\/wp-json\/wp\/v2\/media\/18890"}],"wp:attachment":[{"href":"https:\/\/flameguard.ee\/sv\/wp-json\/wp\/v2\/media?parent=18882"}],"wp:term":[{"taxonomy":"product_brand","embeddable":true,"href":"https:\/\/flameguard.ee\/sv\/wp-json\/wp\/v2\/product_brand?post=18882"},{"taxonomy":"product_cat","embeddable":true,"href":"https:\/\/flameguard.ee\/sv\/wp-json\/wp\/v2\/product_cat?post=18882"},{"taxonomy":"product_tag","embeddable":true,"href":"https:\/\/flameguard.ee\/sv\/wp-json\/wp\/v2\/product_tag?post=18882"}],"curies":[{"name":"wp","href":"https:\/\/api.w.org\/{rel}","templated":true}]}}