{"id":18899,"date":"2025-04-11T09:45:06","date_gmt":"2025-04-11T06:45:06","guid":{"rendered":"https:\/\/flameguard.ee\/?post_type=product&#038;p=18899"},"modified":"2025-05-08T20:21:32","modified_gmt":"2025-05-08T17:21:32","slug":"72h-premium-kriisikomplekt","status":"publish","type":"product","link":"https:\/\/flameguard.ee\/sv\/product\/72h-premium-kriskit\/","title":{"rendered":"Kriskit 72h Premium"},"content":{"rendered":"<p>Setet inneh\u00e5ller:<br \/>\nryggs\u00e4ck 40 l, 13 l hermetisk v\u00e4ska, f\u00f6rsta hj\u00e4lpen-kit, livsmedelsf\u00f6rs\u00f6rjning (h\u00e5llbarhet 20 \u00e5r, 4600 kCa), 3x100ml dricksvatten, vattenreningstabletter, elektrolytpulver, metallmugg, vattentank 1 L, batteridriven radio, batteridriven pannlampa, sked- och gaffelsats (SPORK), f\u00f6nsterkrossnings- och b\u00e4ltessk\u00e4rningsverktyg, vattent\u00e4tt l\u00e5st\/dokument\/pl\u00e5nbok med l\u00e5s, plastkarbinhake, solbatteribank (10 000 mAh), vattent\u00e4tt telefonfodral, reservbatterier (AA och AAA),  reflekterande armband, vattent\u00e4t anteckningsbok, penna och mark\u00f6r, verktygsv\u00e4ska, arbetshandskar, hopf\u00e4llbar spade, kniv, hands\u00e5g, paracordsladd, tejp, dragkedjor, sm\u00e5 sopp\u00e5sar, hopf\u00e4llbart k\u00f6k med br\u00e4nsletabletter, stormt\u00e4ndstickor, gl\u00f6dande pinnar, hygienkit,<br \/>\npappersn\u00e4sdukar, v\u00e5tservetter, sovs\u00e4ck av bivacktyp, regnrock, reflexv\u00e4st, visselpipa.<\/p>","protected":false},"excerpt":{"rendered":"<p>72h Premium Crisis Kit \u00e4r ett omfattande krisberedskapskit som \u00e4r utformat f\u00f6r att h\u00e5lla dig och dina n\u00e4ra och k\u00e4ra s\u00e4kra i ov\u00e4ntade situationer och ge dig den sinnesro du beh\u00f6ver!<br \/>\nSatsen inneh\u00e5ller ett brett utbud av n\u00f6dv\u00e4ndigheter, mat (baby- och barnv\u00e4nlig), vatten, f\u00f6rsta hj\u00e4lpen-kit, verktyg och skyddsutrustning \u2013 allt noggrant utvalt f\u00f6r att vara p\u00e5litligt och effektivt i krissituationer!<\/p>\n<p>M\u00e5tt (h\u00f6jd \u00d7 l\u00e4ngd x bredd): 60 \u00d7 40 x 30 cm<br \/>\nKapacitet: 40 l<br \/>\nVikt: 5,5 kg<\/p>","protected":false},"featured_media":18900,"template":"","meta":[],"product_brand":[],"product_cat":[169],"product_tag":[],"class_list":{"0":"post-18899","1":"product","2":"type-product","3":"status-publish","4":"has-post-thumbnail","6":"product_cat-kriisitooted","8":"first","9":"instock","10":"taxable","11":"shipping-taxable","12":"purchasable","13":"product-type-simple"},"_links":{"self":[{"href":"https:\/\/flameguard.ee\/sv\/wp-json\/wp\/v2\/product\/18899","targetHints":{"allow":["GET"]}}],"collection":[{"href":"https:\/\/flameguard.ee\/sv\/wp-json\/wp\/v2\/product"}],"about":[{"href":"https:\/\/flameguard.ee\/sv\/wp-json\/wp\/v2\/types\/product"}],"version-history":[{"count":20,"href":"https:\/\/flameguard.ee\/sv\/wp-json\/wp\/v2\/product\/18899\/revisions"}],"predecessor-version":[{"id":19049,"href":"https:\/\/flameguard.ee\/sv\/wp-json\/wp\/v2\/product\/18899\/revisions\/19049"}],"wp:featuredmedia":[{"embeddable":true,"href":"https:\/\/flameguard.ee\/sv\/wp-json\/wp\/v2\/media\/18900"}],"wp:attachment":[{"href":"https:\/\/flameguard.ee\/sv\/wp-json\/wp\/v2\/media?parent=18899"}],"wp:term":[{"taxonomy":"product_brand","embeddable":true,"href":"https:\/\/flameguard.ee\/sv\/wp-json\/wp\/v2\/product_brand?post=18899"},{"taxonomy":"product_cat","embeddable":true,"href":"https:\/\/flameguard.ee\/sv\/wp-json\/wp\/v2\/product_cat?post=18899"},{"taxonomy":"product_tag","embeddable":true,"href":"https:\/\/flameguard.ee\/sv\/wp-json\/wp\/v2\/product_tag?post=18899"}],"curies":[{"name":"wp","href":"https:\/\/api.w.org\/{rel}","templated":true}]}}