{"id":18946,"date":"2025-04-14T11:04:30","date_gmt":"2025-04-14T08:04:30","guid":{"rendered":"https:\/\/flameguard.ee\/?post_type=product&#038;p=18946"},"modified":"2025-05-08T20:17:15","modified_gmt":"2025-05-08T17:17:15","slug":"mini-kriisikomplekt","status":"publish","type":"product","link":"https:\/\/flameguard.ee\/sv\/product\/paket-for-minikriser\/","title":{"rendered":"Kriskit Mini"},"content":{"rendered":"<p>Setet inneh\u00e5ller:<br \/>\nB\u00e4ltesv\u00e4ska, f\u00f6rsta hj\u00e4lpen-v\u00e4ska, matf\u00f6rs\u00f6rjning (h\u00e5llbarhet 20 \u00e5r, 1150 kCa), 5x100ml dricksvatten, multiverktyg, f\u00f6nsterkrossnings- och b\u00e4ltessk\u00e4rningsverktyg, solenergibank (10 000 mAh), vattent\u00e4tt telefonfodral, batteridriven pannlampa, reflekterande armband, vattent\u00e4t anteckningsbok, penna och mark\u00f6r, gl\u00f6dande pinnar, sovs\u00e4ck av bivvy-typ, hygienkit, regnrock, visselpipa.<\/p>","protected":false},"excerpt":{"rendered":"<p>Mini Crisis Set \u00e4r en kompakt och funktionell b\u00e4ltesv\u00e4ska designad speciellt f\u00f6r mindre n\u00f6dsituationer!<br \/>\nMini \u00e4r l\u00e4tt, h\u00e5llbar och bekv\u00e4m \u2013 det perfekta s\u00e4ttet att h\u00e5lla dina n\u00f6dv\u00e4ndigheter n\u00e4ra till hands s\u00e5 att du \u00e4r redo f\u00f6r alla situationer. B\u00e4r den i b\u00e4ltet och r\u00f6r dig fritt \u2013 oavsett om du st\u00e5r inf\u00f6r ett \u00e4ventyr, en vandring eller en ov\u00e4ntad kris.<\/p>\n<p>Mini Crisis Kit kan framg\u00e5ngsrikt rymma mat- och vattenreningsf\u00f6rn\u00f6denheter, f\u00f6rsta hj\u00e4lpen-kit, en liten ficklampa och andra n\u00f6dv\u00e4ndigheter f\u00f6r \u00f6verlevnad.<\/p>\n<p>Setet \u00e4r l\u00e4mpligt f\u00f6r dagligt bruk s\u00e5v\u00e4l som en del av evakuerings- eller campingutrustning. En kompakt f\u00f6ljeslagare som du kommer att uppskatta n\u00e4r du beh\u00f6ver den som mest.<\/p>","protected":false},"featured_media":18947,"template":"","meta":[],"product_brand":[],"product_cat":[169],"product_tag":[],"class_list":{"0":"post-18946","1":"product","2":"type-product","3":"status-publish","4":"has-post-thumbnail","6":"product_cat-kriisitooted","8":"first","9":"instock","10":"taxable","11":"shipping-taxable","12":"purchasable","13":"product-type-simple"},"_links":{"self":[{"href":"https:\/\/flameguard.ee\/sv\/wp-json\/wp\/v2\/product\/18946","targetHints":{"allow":["GET"]}}],"collection":[{"href":"https:\/\/flameguard.ee\/sv\/wp-json\/wp\/v2\/product"}],"about":[{"href":"https:\/\/flameguard.ee\/sv\/wp-json\/wp\/v2\/types\/product"}],"version-history":[{"count":4,"href":"https:\/\/flameguard.ee\/sv\/wp-json\/wp\/v2\/product\/18946\/revisions"}],"predecessor-version":[{"id":19048,"href":"https:\/\/flameguard.ee\/sv\/wp-json\/wp\/v2\/product\/18946\/revisions\/19048"}],"wp:featuredmedia":[{"embeddable":true,"href":"https:\/\/flameguard.ee\/sv\/wp-json\/wp\/v2\/media\/18947"}],"wp:attachment":[{"href":"https:\/\/flameguard.ee\/sv\/wp-json\/wp\/v2\/media?parent=18946"}],"wp:term":[{"taxonomy":"product_brand","embeddable":true,"href":"https:\/\/flameguard.ee\/sv\/wp-json\/wp\/v2\/product_brand?post=18946"},{"taxonomy":"product_cat","embeddable":true,"href":"https:\/\/flameguard.ee\/sv\/wp-json\/wp\/v2\/product_cat?post=18946"},{"taxonomy":"product_tag","embeddable":true,"href":"https:\/\/flameguard.ee\/sv\/wp-json\/wp\/v2\/product_tag?post=18946"}],"curies":[{"name":"wp","href":"https:\/\/api.w.org\/{rel}","templated":true}]}}