{"id":18965,"date":"2025-04-14T11:57:50","date_gmt":"2025-04-14T08:57:50","guid":{"rendered":"https:\/\/flameguard.ee\/?post_type=product&#038;p=18965"},"modified":"2025-05-08T20:11:39","modified_gmt":"2025-05-08T17:11:39","slug":"baas-kriisikomplekt","status":"publish","type":"product","link":"https:\/\/flameguard.ee\/sv\/product\/grundlaggande-krispaket\/","title":{"rendered":"Kriskit grundl\u00e4ggande"},"content":{"rendered":"<p>Setet inneh\u00e5ller:<br \/>\nvattent\u00e4t v\u00e4ska 25 l, f\u00f6rsta hj\u00e4lpen-v\u00e4ska, livsmedelsf\u00f6rs\u00f6rjning (h\u00e5llbarhet upp till 5 \u00e5r, 1243 kCa), 5x100ml dricksvatten, sked och gaffelset (spork),<br \/>\nVattent\u00e4t dokument-\/pengal\u00e5sp\u00e5se, regnkappa, sovs\u00e4ck av bivvytyp, gl\u00f6dande pinnar, hygienkit, visselpipa, vattentank 1 l, vattenreningstabletter,<br \/>\nBatteridriven pannlampa, vattent\u00e4tt mobilskal, vattent\u00e4t anteckningsbok och penna, reflexv\u00e4st.<\/p>","protected":false},"excerpt":{"rendered":"<p>Basic Crisis Kit \u00e4r en prisv\u00e4rd och p\u00e5litlig l\u00f6sning f\u00f6r att f\u00f6rbereda sig f\u00f6r kriser.<br \/>\nDetta praktiska kit \u00e4r utformat f\u00f6r att utrusta dig med de viktigaste f\u00f6rn\u00f6denheterna f\u00f6r att h\u00e5lla dig ig\u00e5ng tills hj\u00e4lp anl\u00e4nder. Perfekt f\u00f6r dem som f\u00f6redrar en tydlig och enkel l\u00f6sning, utan alltf\u00f6r stora kostnader eller komplicerad \u00f6verlevnadsutrustning.<br \/>\nGenomt\u00e4nkt inneh\u00e5ll \u2013 bara det n\u00f6dv\u00e4ndigaste<br \/>\n25-liters vattent\u00e4t ryggs\u00e4ck \u2013 skyddar din utrustning i alla situationer<br \/>\nL\u00e4tt och kompakt \u2013 l\u00e4mplig f\u00f6r individen eller hela familjen<br \/>\n\u00d6verkomligt pris, maximal effektivitet<\/p>\n<p>Perfekt f\u00f6r dig som vill ha lugn och beredskap \u2013 oavsett om det \u00e4r ett str\u00f6mavbrott, evakuering eller n\u00e5gon annan ov\u00e4ntad situation.<\/p>","protected":false},"featured_media":18972,"template":"","meta":[],"product_brand":[],"product_cat":[169],"product_tag":[],"class_list":{"0":"post-18965","1":"product","2":"type-product","3":"status-publish","4":"has-post-thumbnail","6":"product_cat-kriisitooted","8":"first","9":"instock","10":"taxable","11":"shipping-taxable","12":"purchasable","13":"product-type-simple"},"_links":{"self":[{"href":"https:\/\/flameguard.ee\/sv\/wp-json\/wp\/v2\/product\/18965","targetHints":{"allow":["GET"]}}],"collection":[{"href":"https:\/\/flameguard.ee\/sv\/wp-json\/wp\/v2\/product"}],"about":[{"href":"https:\/\/flameguard.ee\/sv\/wp-json\/wp\/v2\/types\/product"}],"version-history":[{"count":5,"href":"https:\/\/flameguard.ee\/sv\/wp-json\/wp\/v2\/product\/18965\/revisions"}],"predecessor-version":[{"id":19045,"href":"https:\/\/flameguard.ee\/sv\/wp-json\/wp\/v2\/product\/18965\/revisions\/19045"}],"wp:featuredmedia":[{"embeddable":true,"href":"https:\/\/flameguard.ee\/sv\/wp-json\/wp\/v2\/media\/18972"}],"wp:attachment":[{"href":"https:\/\/flameguard.ee\/sv\/wp-json\/wp\/v2\/media?parent=18965"}],"wp:term":[{"taxonomy":"product_brand","embeddable":true,"href":"https:\/\/flameguard.ee\/sv\/wp-json\/wp\/v2\/product_brand?post=18965"},{"taxonomy":"product_cat","embeddable":true,"href":"https:\/\/flameguard.ee\/sv\/wp-json\/wp\/v2\/product_cat?post=18965"},{"taxonomy":"product_tag","embeddable":true,"href":"https:\/\/flameguard.ee\/sv\/wp-json\/wp\/v2\/product_tag?post=18965"}],"curies":[{"name":"wp","href":"https:\/\/api.w.org\/{rel}","templated":true}]}}