{"id":19122,"date":"2025-05-09T15:41:59","date_gmt":"2025-05-09T12:41:59","guid":{"rendered":"https:\/\/flameguard.ee\/?post_type=product&#038;p=19122"},"modified":"2025-07-16T10:36:30","modified_gmt":"2025-07-16T07:36:30","slug":"ventilatsioonisusteem-safe-360","status":"publish","type":"product","link":"https:\/\/flameguard.ee\/sv\/product\/ventilationssystem-saker-360\/","title":{"rendered":"Ventilationssystemet SAFE 360"},"content":{"rendered":"<p data-start=\"715\" data-end=\"741\"><strong data-start=\"719\" data-end=\"741\">Anv\u00e4ndningsomr\u00e5den:<\/strong><\/p>\n<ul data-start=\"743\" data-end=\"845\">\n<li class=\"\" data-start=\"743\" data-end=\"845\">\n<p class=\"\" data-start=\"745\" data-end=\"845\">Perfekt passform <strong data-start=\"765\" data-end=\"792\">Bost\u00e4der s\u00e4kerhetsrum<\/strong>, <strong data-start=\"794\" data-end=\"809\">Bunkrar<\/strong> och <strong data-start=\"813\" data-end=\"845\">kompakta skyddsrum.<\/strong><\/p>\n<\/li>\n<\/ul>\n<p data-start=\"715\" data-end=\"741\"><strong data-start=\"719\" data-end=\"741\">Setet inneh\u00e5ller:<\/strong><\/p>\n<ol>\n<li style=\"list-style-type: none;\">\n<ol>\n<li>CBRN-filter<\/li>\n<li>Elektrisk fl\u00e4kt<\/li>\n<li>Str\u00f6mk\u00e4lla<\/li>\n<li>Handpump<\/li>\n<li>Explosionss\u00e4ker vakuumventil med dammfilter<\/li>\n<li>Explosionss\u00e4ker \u00f6vertrycksventil<\/li>\n<li>Dekorativt lock och v\u00e4ggf\u00e4ste<\/li>\n<li>Luftslang<\/li>\n<\/ol>\n<\/li>\n<\/ol>","protected":false},"excerpt":{"rendered":"<p><strong data-start=\"0\" data-end=\"20\">SAFE 360-systemet<\/strong> \u00e4r en kompakt och certifierad CBRN-luftfiltreringsl\u00f6sning (kemisk, biologisk, radiologisk, nukle\u00e4r) avsedd f\u00f6r mindre bost\u00e4der, s\u00e4kerhetsrum och skyddade omr\u00e5den. Detta s\u00e4kerst\u00e4ller en frisk och filtrerad lufttillf\u00f6rsel i n\u00f6dsituationer.<\/p>\n<p>Perfekt f\u00f6r dig som vill ha lugn och beredskap \u2013 oavsett om det \u00e4r ett str\u00f6mavbrott, evakuering eller n\u00e5gon annan ov\u00e4ntad situation.<\/p>\n<h3 class=\"\" data-start=\"232\" data-end=\"258\"><strong data-start=\"236\" data-end=\"258\">Huvuddragen:<\/strong><\/h3>\n<ul data-start=\"260\" data-end=\"713\">\n<li class=\"\" data-start=\"260\" data-end=\"357\">Den perfekta l\u00f6sningen f\u00f6r rum upp till <strong data-start=\"295\" data-end=\"304\">36 m\u00b3<\/strong> eller upp till <strong data-start=\"314\" data-end=\"323\">72 m\u00b3<\/strong>, om tv\u00e5 system \u00e4r installerade.<\/li>\n<li class=\"\" data-start=\"358\" data-end=\"451\"><strong data-start=\"360\" data-end=\"380\">Enkel installation<\/strong> b\u00e5de under byggtiden och i befintliga rum (retroinstallation).<\/li>\n<li class=\"\" data-start=\"452\" data-end=\"537\">Fungerar i tre l\u00e4gen: <strong data-start=\"478\" data-end=\"493\">100-230V AC<\/strong>, <strong data-start=\"495\" data-end=\"505\">12 V likstr\u00f6m<\/strong> och <strong data-start=\"509\" data-end=\"537\">Manuellt l\u00e4ge (alternativ f\u00f6r s\u00e4kerhetskopiering).<\/strong><\/li>\n<li class=\"\" data-start=\"538\" data-end=\"657\">Alla komponenter \u00e4r <strong data-start=\"560\" data-end=\"610\">certifierad enligt SI 4570-standarden<\/strong> och godk\u00e4nts av nationella myndigheter.<\/li>\n<li class=\"\" data-start=\"658\" data-end=\"713\"><strong data-start=\"660\" data-end=\"713\">Installerat i tiotusentals skyddsrum.<\/strong><\/li>\n<\/ul>","protected":false},"featured_media":19123,"template":"","meta":[],"product_brand":[],"product_cat":[167],"product_tag":[],"class_list":{"0":"post-19122","1":"product","2":"type-product","3":"status-publish","4":"has-post-thumbnail","6":"product_cat-varjumiskohad","8":"first","9":"instock","10":"taxable","11":"shipping-taxable","12":"purchasable","13":"product-type-simple"},"_links":{"self":[{"href":"https:\/\/flameguard.ee\/sv\/wp-json\/wp\/v2\/product\/19122","targetHints":{"allow":["GET"]}}],"collection":[{"href":"https:\/\/flameguard.ee\/sv\/wp-json\/wp\/v2\/product"}],"about":[{"href":"https:\/\/flameguard.ee\/sv\/wp-json\/wp\/v2\/types\/product"}],"version-history":[{"count":16,"href":"https:\/\/flameguard.ee\/sv\/wp-json\/wp\/v2\/product\/19122\/revisions"}],"predecessor-version":[{"id":19366,"href":"https:\/\/flameguard.ee\/sv\/wp-json\/wp\/v2\/product\/19122\/revisions\/19366"}],"wp:featuredmedia":[{"embeddable":true,"href":"https:\/\/flameguard.ee\/sv\/wp-json\/wp\/v2\/media\/19123"}],"wp:attachment":[{"href":"https:\/\/flameguard.ee\/sv\/wp-json\/wp\/v2\/media?parent=19122"}],"wp:term":[{"taxonomy":"product_brand","embeddable":true,"href":"https:\/\/flameguard.ee\/sv\/wp-json\/wp\/v2\/product_brand?post=19122"},{"taxonomy":"product_cat","embeddable":true,"href":"https:\/\/flameguard.ee\/sv\/wp-json\/wp\/v2\/product_cat?post=19122"},{"taxonomy":"product_tag","embeddable":true,"href":"https:\/\/flameguard.ee\/sv\/wp-json\/wp\/v2\/product_tag?post=19122"}],"curies":[{"name":"wp","href":"https:\/\/api.w.org\/{rel}","templated":true}]}}