{"id":19142,"date":"2025-05-12T11:29:29","date_gmt":"2025-05-12T08:29:29","guid":{"rendered":"https:\/\/flameguard.ee\/?post_type=product&#038;p=19142"},"modified":"2025-09-21T14:54:22","modified_gmt":"2025-09-21T11:54:22","slug":"ventilatsioonisusteem-arc-100","status":"publish","type":"product","link":"https:\/\/flameguard.ee\/sv\/product\/ventilationssystem-arc-100\/","title":{"rendered":"ARC-ventilationssystem"},"content":{"rendered":"<p data-start=\"715\" data-end=\"741\"><strong data-start=\"719\" data-end=\"741\">Anv\u00e4ndningsomr\u00e5den:<\/strong><\/p>\n<p class=\"\" data-start=\"2220\" data-end=\"2441\">Idealisk f\u00f6r skyddsrum, statliga bunkrar, n\u00f6dbost\u00e4der och kritisk infrastruktur d\u00e4r en h\u00f6g niv\u00e5 av luftfiltrering och \u00f6vertrycksunderh\u00e5ll kr\u00e4vs.<\/p>\n<p class=\"\" data-start=\"2443\" data-end=\"2584\"><strong data-start=\"2443\" data-end=\"2584\">Alla komponenter i ARC-system \u00e4r testade och certifierade enligt SI 4570-standarden och godk\u00e4nda av nationella myndigheter.<\/strong><\/p>\n<p data-start=\"715\" data-end=\"741\"><strong data-start=\"719\" data-end=\"741\">Setet inneh\u00e5ller:<\/strong><\/p>\n<ol>\n<li style=\"list-style-type: none;\">\n<ol>\n<li>CBRN-filter<\/li>\n<li>Elektrisk fl\u00e4kt<\/li>\n<li>Handpump (modeller upp till ARC 600)<\/li>\n<li>Explosionss\u00e4ker vakuumventil med dammfilter<\/li>\n<li>Ljudd\u00e4mpare + luftfl\u00f6desindikator<\/li>\n<li>Spj\u00e4ll f\u00f6r luftfl\u00f6deskontroll<\/li>\n<li>Explosionss\u00e4ker \u00f6vertrycksventil<\/li>\n<\/ol>\n<\/li>\n<\/ol>","protected":false},"excerpt":{"rendered":"<p><strong>ARC-systemet<\/strong> \u00e4r en serie CBRN-filtrerings- och ventilationssystem (kemiska, biologiska, radiologiska, nukle\u00e4ra) f\u00f6r civilf\u00f6rsvarets skyddsrum, bunkrar och skyddade rum.<\/p>\n<p><strong data-start=\"216\" data-end=\"230\">ARC-serien<\/strong> Inkluderar f\u00f6ljande system: ARC 50, ARC 100, ARC 180, ARC 240, ARC 300, ARC 450, ARC 600, ARC 900, ARC 1200 och ARC 1800.<\/p>\n<h3 class=\"\" data-start=\"232\" data-end=\"258\"><strong data-start=\"236\" data-end=\"258\">Huvuddragen:<\/strong><\/h3>\n<ul>\n<li style=\"list-style-type: none;\">\n<ul data-start=\"912\" data-end=\"2213\">\n<li class=\"\" data-start=\"912\" data-end=\"1042\">\n<p class=\"\" data-start=\"914\" data-end=\"1042\">ARC-serien har utvecklats <em data-start=\"938\" data-end=\"947\">Arconik Arconik<\/em> F\u00f6r anv\u00e4ndning i bostadsskydd, sm\u00e5 bunkrar, s\u00e4kerhetsrum och andra skyddade omr\u00e5den.<\/p>\n<\/li>\n<li class=\"\" data-start=\"1043\" data-end=\"1225\">\n<p class=\"\" data-start=\"1045\" data-end=\"1225\">Systemen har testats och alla komponenter \u00e4r certifierade i enlighet med <em data-start=\"1119\" data-end=\"1140\">Standarden SI 4570<\/em> (Luftventilations- och filtreringssystem f\u00f6r skyddsrum och skyddade rum).<\/p>\n<\/li>\n<li class=\"\" data-start=\"1226\" data-end=\"1365\">\n<p class=\"\" data-start=\"1228\" data-end=\"1365\">Systemen har f\u00e5tt <em data-start=\"1248\" data-end=\"1273\">Befolkningsskyddsstaben<\/em> Godk\u00e4nd och har installerats i tiotusentals skyddsrum \u00f6ver hela v\u00e4rlden.<\/p>\n<\/li>\n<li class=\"\" data-start=\"1730\" data-end=\"1931\">\n<p class=\"\" data-start=\"1732\" data-end=\"1931\"><strong data-start=\"1732\" data-end=\"1752\">Enkel installation<\/strong> F\u00f6rinstallerad (gjuten i betong) i nya strukturer via v\u00e4gghylsor med 8-tums fl\u00e4nsar eller eftermontering i befintliga v\u00e4ggar med betongankare.<\/p>\n<\/li>\n<li class=\"\" data-start=\"1932\" data-end=\"2018\">\n<p class=\"\" data-start=\"1934\" data-end=\"2018\">Systemen \u00e4r <strong data-start=\"1947\" data-end=\"1978\">Klar att anv\u00e4nda p\u00e5 n\u00e5gra minuter<\/strong> och kan k\u00f6ras <strong data-start=\"2000\" data-end=\"2015\">En person<\/strong>.<\/p>\n<\/li>\n<li data-start=\"1932\" data-end=\"2018\">Kan installeras b\u00e5de i tak och p\u00e5 golv<\/li>\n<li class=\"\" data-start=\"2019\" data-end=\"2213\">\n<p class=\"\" data-start=\"2021\" data-end=\"2213\">Elektrisk fl\u00e4kt ig\u00e5ng <strong data-start=\"2052\" data-end=\"2087\">230 V eller 115 V AC<\/strong>, dessutom finns den i versioner med ett luftfl\u00f6de p\u00e5 upp till 600 m\u00b3\/h <strong data-start=\"2144\" data-end=\"2158\">Manuellt st\u00e4lldon<\/strong>, vilket s\u00e4kerst\u00e4ller att systemet fungerar \u00e4ven vid str\u00f6mavbrott.<\/p>\n<\/li>\n<\/ul>\n<\/li>\n<\/ul>","protected":false},"featured_media":19143,"template":"","meta":[],"product_brand":[172],"product_cat":[167],"product_tag":[],"class_list":{"0":"post-19142","1":"product","2":"type-product","3":"status-publish","4":"has-post-thumbnail","6":"product_brand-arconic","7":"product_cat-varjumiskohad","9":"first","10":"onbackorder","11":"sale","12":"taxable","13":"shipping-taxable","14":"purchasable","15":"product-type-variable"},"_links":{"self":[{"href":"https:\/\/flameguard.ee\/sv\/wp-json\/wp\/v2\/product\/19142","targetHints":{"allow":["GET"]}}],"collection":[{"href":"https:\/\/flameguard.ee\/sv\/wp-json\/wp\/v2\/product"}],"about":[{"href":"https:\/\/flameguard.ee\/sv\/wp-json\/wp\/v2\/types\/product"}],"version-history":[{"count":5,"href":"https:\/\/flameguard.ee\/sv\/wp-json\/wp\/v2\/product\/19142\/revisions"}],"predecessor-version":[{"id":19586,"href":"https:\/\/flameguard.ee\/sv\/wp-json\/wp\/v2\/product\/19142\/revisions\/19586"}],"wp:featuredmedia":[{"embeddable":true,"href":"https:\/\/flameguard.ee\/sv\/wp-json\/wp\/v2\/media\/19143"}],"wp:attachment":[{"href":"https:\/\/flameguard.ee\/sv\/wp-json\/wp\/v2\/media?parent=19142"}],"wp:term":[{"taxonomy":"product_brand","embeddable":true,"href":"https:\/\/flameguard.ee\/sv\/wp-json\/wp\/v2\/product_brand?post=19142"},{"taxonomy":"product_cat","embeddable":true,"href":"https:\/\/flameguard.ee\/sv\/wp-json\/wp\/v2\/product_cat?post=19142"},{"taxonomy":"product_tag","embeddable":true,"href":"https:\/\/flameguard.ee\/sv\/wp-json\/wp\/v2\/product_tag?post=19142"}],"curies":[{"name":"wp","href":"https:\/\/api.w.org\/{rel}","templated":true}]}}