{"id":19159,"date":"2025-05-12T15:01:11","date_gmt":"2025-05-12T12:01:11","guid":{"rendered":"https:\/\/flameguard.ee\/?post_type=product&#038;p=19159"},"modified":"2025-05-12T15:30:07","modified_gmt":"2025-05-12T12:30:07","slug":"ventilatsioonisusteemi-filtrid-afu","status":"publish","type":"product","link":"https:\/\/flameguard.ee\/sv\/product\/ventilationssystem-filter-afu\/","title":{"rendered":"Ventilationssystem Filter AFU"},"content":{"rendered":"<p data-start=\"715\" data-end=\"741\"><strong data-start=\"719\" data-end=\"741\">Anv\u00e4ndningsomr\u00e5den:<\/strong><\/p>\n<p class=\"\" data-start=\"2220\" data-end=\"2441\">Idealisk f\u00f6r skyddsrum, milit\u00e4ra anl\u00e4ggningar, n\u00f6dsituationer och kritisk infrastruktur d\u00e4r ren luft \u00e4r avg\u00f6rande.<\/p>","protected":false},"excerpt":{"rendered":"<p><strong>AFU (AFU) <\/strong>\u00e4r CBRN-filter (kemiska, biologiska, radiologiska, nukle\u00e4ra) som \u00e4r utformade f\u00f6r att uppfylla moderna civilskyddsstandarder och normer, s\u00e5som SI 4570 (Israel), ukrainska normer och normer i andra l\u00e4nder.<\/p>\n<p>Dessa filter kan anv\u00e4ndas i en m\u00e4ngd olika CBRN-luftfiltreringssystem av ARC-typ, eller f\u00f6r att eftermontera befintliga ventilations- och filtreringssystem, eller f\u00f6r att ers\u00e4tta filter f\u00f6r att avl\u00e4gsna kemiska, biologiska, radiologiska och nukle\u00e4ra f\u00f6roreningar fr\u00e5n luften<\/p>\n<p><strong data-start=\"216\" data-end=\"230\">AFU-serien<\/strong> inkluderar f\u00f6ljande system: AFU 36, AFU 180, AFU 240, AFU 300, AFU 450, AFU 600, AFU 900, AFU 1200, AFU 1800.<\/p>\n<h3 class=\"\" data-start=\"232\" data-end=\"258\"><strong data-start=\"236\" data-end=\"258\">Huvuddragen:<\/strong><\/h3>\n<ul>\n<li class=\"\" data-start=\"517\" data-end=\"695\">\n<p class=\"\" data-start=\"519\" data-end=\"695\">Brett utbud av filter f\u00f6r olika luftfl\u00f6den och CBRN-systemstorlekar: AFU 36, AFU 180, AFU 240, AFU 300, AFU 450, AFU 600, AFU 900, AFU 1200, AFU 1800 och andra storlekar<\/p>\n<\/li>\n<li class=\"\" data-start=\"696\" data-end=\"787\">\n<p class=\"\" data-start=\"698\" data-end=\"787\">Avancerad filtrering mot industriella giftiga kemikalier (TIC) och CBRN-hot<\/p>\n<\/li>\n<li class=\"\" data-start=\"788\" data-end=\"839\">\n<p class=\"\" data-start=\"790\" data-end=\"839\">L\u00e5ng livsl\u00e4ngd och l\u00e5gt underh\u00e5llsbehov<\/p>\n<\/li>\n<li class=\"\" data-start=\"840\" data-end=\"908\">\n<p class=\"\" data-start=\"842\" data-end=\"908\">Kompatibel med b\u00e5de moderna och \u00e4ldre filtersystem<\/p>\n<\/li>\n<li class=\"\" data-start=\"909\" data-end=\"971\">\n<p class=\"\" data-start=\"911\" data-end=\"971\">L\u00e4tt att installera och byta ut i befintliga system<\/p>\n<\/li>\n<\/ul>\n<ul>\n<li style=\"list-style-type: none;\">\n<ul>\n<li style=\"list-style-type: none;\"><\/li>\n<\/ul>\n<\/li>\n<\/ul>","protected":false},"featured_media":19169,"template":"","meta":[],"product_brand":[172],"product_cat":[167],"product_tag":[],"class_list":{"0":"post-19159","1":"product","2":"type-product","3":"status-publish","4":"has-post-thumbnail","6":"product_brand-arconic","7":"product_cat-varjumiskohad","9":"first","10":"onbackorder","11":"taxable","12":"shipping-taxable","13":"product-type-variable"},"_links":{"self":[{"href":"https:\/\/flameguard.ee\/sv\/wp-json\/wp\/v2\/product\/19159","targetHints":{"allow":["GET"]}}],"collection":[{"href":"https:\/\/flameguard.ee\/sv\/wp-json\/wp\/v2\/product"}],"about":[{"href":"https:\/\/flameguard.ee\/sv\/wp-json\/wp\/v2\/types\/product"}],"version-history":[{"count":2,"href":"https:\/\/flameguard.ee\/sv\/wp-json\/wp\/v2\/product\/19159\/revisions"}],"predecessor-version":[{"id":19197,"href":"https:\/\/flameguard.ee\/sv\/wp-json\/wp\/v2\/product\/19159\/revisions\/19197"}],"wp:featuredmedia":[{"embeddable":true,"href":"https:\/\/flameguard.ee\/sv\/wp-json\/wp\/v2\/media\/19169"}],"wp:attachment":[{"href":"https:\/\/flameguard.ee\/sv\/wp-json\/wp\/v2\/media?parent=19159"}],"wp:term":[{"taxonomy":"product_brand","embeddable":true,"href":"https:\/\/flameguard.ee\/sv\/wp-json\/wp\/v2\/product_brand?post=19159"},{"taxonomy":"product_cat","embeddable":true,"href":"https:\/\/flameguard.ee\/sv\/wp-json\/wp\/v2\/product_cat?post=19159"},{"taxonomy":"product_tag","embeddable":true,"href":"https:\/\/flameguard.ee\/sv\/wp-json\/wp\/v2\/product_tag?post=19159"}],"curies":[{"name":"wp","href":"https:\/\/api.w.org\/{rel}","templated":true}]}}