{"id":19182,"date":"2025-05-12T15:19:39","date_gmt":"2025-05-12T12:19:39","guid":{"rendered":"https:\/\/flameguard.ee\/?post_type=product&#038;p=19182"},"modified":"2025-05-12T15:29:19","modified_gmt":"2025-05-12T12:29:19","slug":"nsvl-tuupi-ventilatsioonisusteemi-filtrid-afu-rc","status":"publish","type":"product","link":"https:\/\/flameguard.ee\/sv\/product\/sovjet-typ-ventilationssystem-filter-afu-rc\/","title":{"rendered":"Ventilationssystemfilter av USSR-typ AFU RC"},"content":{"rendered":"<p data-start=\"715\" data-end=\"741\"><strong data-start=\"719\" data-end=\"741\">Anv\u00e4ndningsomr\u00e5den:<\/strong><\/p>\n<p class=\"\" data-start=\"2220\" data-end=\"2441\">Perfekt f\u00f6r att byta filter i skyddsrum, industriella system, milit\u00e4ra bunkrar och statligt skyddade anl\u00e4ggningar.<\/p>","protected":false},"excerpt":{"rendered":"<p><strong>AFU RC <\/strong>\u00e4r CBRN-filter (kemiska, biologiska, radiologiska, nukle\u00e4ra) som \u00e4r utformade f\u00f6r att installeras i standardfilterupps\u00e4ttningar fr\u00e5n Sovjettiden eller f\u00f6r att ers\u00e4tta gamla filter. Anslutningstypen m\u00f6jligg\u00f6r enkelt utbyte och integration i befintliga system.<\/p>\n<p><strong data-start=\"216\" data-end=\"230\">AFU RC-serien<\/strong> inkluderar f\u00f6ljande system: AFU RC 100, AFU RC 300.<\/p>\n<h3 class=\"\" data-start=\"232\" data-end=\"258\"><strong data-start=\"236\" data-end=\"258\">Huvuddragen:<\/strong><\/h3>\n<ul>\n<li class=\"\" data-start=\"343\" data-end=\"371\">\n<p class=\"\" data-start=\"345\" data-end=\"371\">Ny och f\u00f6rb\u00e4ttrad design<\/p>\n<\/li>\n<li class=\"\" data-start=\"372\" data-end=\"390\">\n<p class=\"\" data-start=\"374\" data-end=\"390\">L\u00e5g tryckf\u00f6rlust<\/p>\n<\/li>\n<li class=\"\" data-start=\"391\" data-end=\"458\">\n<p class=\"\" data-start=\"393\" data-end=\"458\"><em data-start=\"393\" data-end=\"402\">SI 4570<\/em> certifierade filter med aktivt kol och <em data-start=\"438\" data-end=\"448\">H14 HEPA<\/em> Filter<\/p>\n<\/li>\n<li class=\"\" data-start=\"459\" data-end=\"519\">\n<p class=\"\" data-start=\"461\" data-end=\"519\">Kan eftermonteras p\u00e5 befintliga system<\/p>\n<\/li>\n<\/ul>\n<ul>\n<li style=\"list-style-type: none;\"><\/li>\n<\/ul>","protected":false},"featured_media":19192,"template":"","meta":[],"product_brand":[172],"product_cat":[167],"product_tag":[],"class_list":{"0":"post-19182","1":"product","2":"type-product","3":"status-publish","4":"has-post-thumbnail","6":"product_brand-arconic","7":"product_cat-varjumiskohad","9":"first","10":"instock","11":"taxable","12":"shipping-taxable","13":"product-type-variable"},"_links":{"self":[{"href":"https:\/\/flameguard.ee\/sv\/wp-json\/wp\/v2\/product\/19182","targetHints":{"allow":["GET"]}}],"collection":[{"href":"https:\/\/flameguard.ee\/sv\/wp-json\/wp\/v2\/product"}],"about":[{"href":"https:\/\/flameguard.ee\/sv\/wp-json\/wp\/v2\/types\/product"}],"version-history":[{"count":2,"href":"https:\/\/flameguard.ee\/sv\/wp-json\/wp\/v2\/product\/19182\/revisions"}],"predecessor-version":[{"id":19198,"href":"https:\/\/flameguard.ee\/sv\/wp-json\/wp\/v2\/product\/19182\/revisions\/19198"}],"wp:featuredmedia":[{"embeddable":true,"href":"https:\/\/flameguard.ee\/sv\/wp-json\/wp\/v2\/media\/19192"}],"wp:attachment":[{"href":"https:\/\/flameguard.ee\/sv\/wp-json\/wp\/v2\/media?parent=19182"}],"wp:term":[{"taxonomy":"product_brand","embeddable":true,"href":"https:\/\/flameguard.ee\/sv\/wp-json\/wp\/v2\/product_brand?post=19182"},{"taxonomy":"product_cat","embeddable":true,"href":"https:\/\/flameguard.ee\/sv\/wp-json\/wp\/v2\/product_cat?post=19182"},{"taxonomy":"product_tag","embeddable":true,"href":"https:\/\/flameguard.ee\/sv\/wp-json\/wp\/v2\/product_tag?post=19182"}],"curies":[{"name":"wp","href":"https:\/\/api.w.org\/{rel}","templated":true}]}}