{"id":19199,"date":"2025-05-12T15:44:14","date_gmt":"2025-05-12T12:44:14","guid":{"rendered":"https:\/\/flameguard.ee\/?post_type=product&#038;p=19199"},"modified":"2025-05-12T19:42:47","modified_gmt":"2025-05-12T16:42:47","slug":"ventilatsioonisusteemi-filtrid-afu-tuup-co2","status":"publish","type":"product","link":"https:\/\/flameguard.ee\/sv\/product\/ventilationssystem-filter-afu-typ-co2\/","title":{"rendered":"Ventilationssystemfilter AFU typ CO2"},"content":{"rendered":"<p data-start=\"715\" data-end=\"741\"><strong data-start=\"719\" data-end=\"741\">Anv\u00e4ndningsomr\u00e5den:<\/strong><\/p>\n<p class=\"\" data-start=\"2220\" data-end=\"2441\">Perfekt f\u00f6r skyddsrum, milit\u00e4ra anl\u00e4ggningar, skyddsrum fr\u00e5n Sovjettiden, n\u00f6dbost\u00e4der och kritisk infrastruktur<\/p>","protected":false},"excerpt":{"rendered":"<p><strong>AFU Typ CO2 <\/strong>\u00e4r filter utformade f\u00f6r att filtrera koldioxid i ARC eller AFU RC filtersystem<\/p>\n<h3 class=\"\" data-start=\"232\" data-end=\"258\"><strong data-start=\"236\" data-end=\"258\">Huvuddragen:<\/strong><\/h3>\n<ul>\n<li class=\"\" data-start=\"343\" data-end=\"371\">\n<p class=\"\" data-start=\"345\" data-end=\"371\">CO2-absorberande filter<\/p>\n<\/li>\n<li class=\"\" data-start=\"29\" data-end=\"71\">\n<p class=\"\" data-start=\"31\" data-end=\"71\">Brett utbud av filter med h\u00f6g absorptionsf\u00f6rm\u00e5ga<\/p>\n<\/li>\n<li class=\"\" data-start=\"72\" data-end=\"145\">\n<p class=\"\" data-start=\"74\" data-end=\"145\">Kan eftermonteras\/installeras i befintliga system<\/p>\n<\/li>\n<\/ul>\n<ul>\n<li style=\"list-style-type: none;\"><\/li>\n<\/ul>","protected":false},"featured_media":19202,"template":"","meta":[],"product_brand":[172],"product_cat":[167],"product_tag":[],"class_list":{"0":"post-19199","1":"product","2":"type-product","3":"status-publish","4":"has-post-thumbnail","6":"product_brand-arconic","7":"product_cat-varjumiskohad","9":"first","10":"instock","11":"taxable","12":"shipping-taxable","13":"product-type-simple"},"_links":{"self":[{"href":"https:\/\/flameguard.ee\/sv\/wp-json\/wp\/v2\/product\/19199","targetHints":{"allow":["GET"]}}],"collection":[{"href":"https:\/\/flameguard.ee\/sv\/wp-json\/wp\/v2\/product"}],"about":[{"href":"https:\/\/flameguard.ee\/sv\/wp-json\/wp\/v2\/types\/product"}],"version-history":[{"count":2,"href":"https:\/\/flameguard.ee\/sv\/wp-json\/wp\/v2\/product\/19199\/revisions"}],"predecessor-version":[{"id":19204,"href":"https:\/\/flameguard.ee\/sv\/wp-json\/wp\/v2\/product\/19199\/revisions\/19204"}],"wp:featuredmedia":[{"embeddable":true,"href":"https:\/\/flameguard.ee\/sv\/wp-json\/wp\/v2\/media\/19202"}],"wp:attachment":[{"href":"https:\/\/flameguard.ee\/sv\/wp-json\/wp\/v2\/media?parent=19199"}],"wp:term":[{"taxonomy":"product_brand","embeddable":true,"href":"https:\/\/flameguard.ee\/sv\/wp-json\/wp\/v2\/product_brand?post=19199"},{"taxonomy":"product_cat","embeddable":true,"href":"https:\/\/flameguard.ee\/sv\/wp-json\/wp\/v2\/product_cat?post=19199"},{"taxonomy":"product_tag","embeddable":true,"href":"https:\/\/flameguard.ee\/sv\/wp-json\/wp\/v2\/product_tag?post=19199"}],"curies":[{"name":"wp","href":"https:\/\/api.w.org\/{rel}","templated":true}]}}