{"id":19205,"date":"2025-05-12T19:44:14","date_gmt":"2025-05-12T16:44:14","guid":{"rendered":"https:\/\/flameguard.ee\/?post_type=product&#038;p=19205"},"modified":"2025-05-12T19:48:42","modified_gmt":"2025-05-12T16:48:42","slug":"ventilatsioonisusteemi-filtrid-afu-tuup-co","status":"publish","type":"product","link":"https:\/\/flameguard.ee\/sv\/product\/ventilation-system-filter-afu-typ-co\/","title":{"rendered":"Ventilationssystemfilter AFU typ CO"},"content":{"rendered":"<p data-start=\"715\" data-end=\"741\"><strong data-start=\"719\" data-end=\"741\">Anv\u00e4ndningsomr\u00e5den:<\/strong><\/p>\n<p class=\"\" data-start=\"2220\" data-end=\"2441\">Perfekt f\u00f6r skyddsrum, milit\u00e4ra anl\u00e4ggningar, n\u00f6dalternativ och kritisk infrastruktur<\/p>","protected":false},"excerpt":{"rendered":"<p><strong>AFU Typ CO <\/strong>\u00e4r filter utformade f\u00f6r att filtrera kolmonoxid i ARC- och AFU-filtersystem<\/p>\n<h3 class=\"\" data-start=\"232\" data-end=\"258\"><strong data-start=\"236\" data-end=\"258\">Huvuddragen:<\/strong><\/h3>\n<ul>\n<li>Effektiv CO-gasfiltrering med minimalt luftfl\u00f6desmotst\u00e5nd<\/li>\n<li>L\u00e5ng livsl\u00e4ngd och enkelt filterbyte<\/li>\n<li>Kompatibel med AFU-luftbehandlingsaggregat<\/li>\n<li>Konstruerad f\u00f6r arbete under extrema f\u00f6rh\u00e5llanden<\/li>\n<\/ul>\n<ul>\n<li style=\"list-style-type: none;\"><\/li>\n<\/ul>","protected":false},"featured_media":19206,"template":"","meta":[],"product_brand":[172],"product_cat":[167],"product_tag":[],"class_list":{"0":"post-19205","1":"product","2":"type-product","3":"status-publish","4":"has-post-thumbnail","6":"product_brand-arconic","7":"product_cat-varjumiskohad","9":"first","10":"instock","11":"taxable","12":"shipping-taxable","13":"product-type-simple"},"_links":{"self":[{"href":"https:\/\/flameguard.ee\/sv\/wp-json\/wp\/v2\/product\/19205","targetHints":{"allow":["GET"]}}],"collection":[{"href":"https:\/\/flameguard.ee\/sv\/wp-json\/wp\/v2\/product"}],"about":[{"href":"https:\/\/flameguard.ee\/sv\/wp-json\/wp\/v2\/types\/product"}],"version-history":[{"count":2,"href":"https:\/\/flameguard.ee\/sv\/wp-json\/wp\/v2\/product\/19205\/revisions"}],"predecessor-version":[{"id":19222,"href":"https:\/\/flameguard.ee\/sv\/wp-json\/wp\/v2\/product\/19205\/revisions\/19222"}],"wp:featuredmedia":[{"embeddable":true,"href":"https:\/\/flameguard.ee\/sv\/wp-json\/wp\/v2\/media\/19206"}],"wp:attachment":[{"href":"https:\/\/flameguard.ee\/sv\/wp-json\/wp\/v2\/media?parent=19205"}],"wp:term":[{"taxonomy":"product_brand","embeddable":true,"href":"https:\/\/flameguard.ee\/sv\/wp-json\/wp\/v2\/product_brand?post=19205"},{"taxonomy":"product_cat","embeddable":true,"href":"https:\/\/flameguard.ee\/sv\/wp-json\/wp\/v2\/product_cat?post=19205"},{"taxonomy":"product_tag","embeddable":true,"href":"https:\/\/flameguard.ee\/sv\/wp-json\/wp\/v2\/product_tag?post=19205"}],"curies":[{"name":"wp","href":"https:\/\/api.w.org\/{rel}","templated":true}]}}