{"id":19208,"date":"2025-05-12T19:51:57","date_gmt":"2025-05-12T16:51:57","guid":{"rendered":"https:\/\/flameguard.ee\/?post_type=product&#038;p=19208"},"modified":"2025-05-12T19:58:43","modified_gmt":"2025-05-12T16:58:43","slug":"co-ja-co2-eemaldussusteem-arc","status":"publish","type":"product","link":"https:\/\/flameguard.ee\/sv\/product\/co-och-co2-borttagningssystem-bage\/","title":{"rendered":"System f\u00f6r borttagning av CO och CO2 ARC"},"content":{"rendered":"<p data-start=\"715\" data-end=\"741\"><strong data-start=\"719\" data-end=\"741\">Anv\u00e4ndningsomr\u00e5den:<\/strong><\/p>\n<p class=\"\" data-start=\"2220\" data-end=\"2441\">Idealisk f\u00f6r skyddsrum, statliga bunkrar, n\u00f6dbost\u00e4der och kritisk infrastruktur d\u00e4r en h\u00f6g niv\u00e5 av luftfiltrering och \u00f6vertrycksunderh\u00e5ll kr\u00e4vs.<\/p>","protected":false},"excerpt":{"rendered":"<p><strong>CO- och CO2 ARC-system<\/strong> \u00e4r system f\u00f6r borttagning av koldioxid (CO\u2082) och kolmonoxid (CO). Systemen har en modul\u00e4r design som g\u00f6r att ett eller flera CO\u2082- eller CO-filter kan anslutas till en fl\u00e4kt f\u00f6r att cirkulera luft i skyddsrummet och avl\u00e4gsna koldioxid eller kolmonoxid fr\u00e5n det.<\/p>\n<h3 class=\"\" data-start=\"232\" data-end=\"258\"><strong data-start=\"236\" data-end=\"258\">Huvuddragen:<\/strong><\/h3>\n<ul>\n<li class=\"\" data-start=\"389\" data-end=\"469\">\n<p class=\"\" data-start=\"391\" data-end=\"469\">Modul\u00e4r design f\u00f6r flexibel installation i skyddsrum av olika storlekar<\/p>\n<\/li>\n<li class=\"\" data-start=\"470\" data-end=\"512\">\n<p class=\"\" data-start=\"472\" data-end=\"512\">Effektivt avl\u00e4gsnande av koldioxid fr\u00e5n luften<\/p>\n<\/li>\n<li class=\"\" data-start=\"513\" data-end=\"600\">\n<p class=\"\" data-start=\"515\" data-end=\"600\">Kan installeras som en frist\u00e5ende enhet eller som en del av st\u00f6rre luftbehandlingssystem<\/p>\n<\/li>\n<li class=\"\" data-start=\"601\" data-end=\"678\">\n<p class=\"\" data-start=\"603\" data-end=\"678\">Speciellt utvecklad f\u00f6r civilf\u00f6rsvarets skyddsrum och skyddade omr\u00e5den.<\/p>\n<\/li>\n<\/ul>\n<ul>\n<li style=\"list-style-type: none;\"><\/li>\n<\/ul>","protected":false},"featured_media":19218,"template":"","meta":[],"product_brand":[172],"product_cat":[167],"product_tag":[],"class_list":{"0":"post-19208","1":"product","2":"type-product","3":"status-publish","4":"has-post-thumbnail","6":"product_brand-arconic","7":"product_cat-varjumiskohad","9":"first","10":"onbackorder","11":"taxable","12":"shipping-taxable","13":"product-type-simple"},"_links":{"self":[{"href":"https:\/\/flameguard.ee\/sv\/wp-json\/wp\/v2\/product\/19208","targetHints":{"allow":["GET"]}}],"collection":[{"href":"https:\/\/flameguard.ee\/sv\/wp-json\/wp\/v2\/product"}],"about":[{"href":"https:\/\/flameguard.ee\/sv\/wp-json\/wp\/v2\/types\/product"}],"version-history":[{"count":2,"href":"https:\/\/flameguard.ee\/sv\/wp-json\/wp\/v2\/product\/19208\/revisions"}],"predecessor-version":[{"id":19221,"href":"https:\/\/flameguard.ee\/sv\/wp-json\/wp\/v2\/product\/19208\/revisions\/19221"}],"wp:featuredmedia":[{"embeddable":true,"href":"https:\/\/flameguard.ee\/sv\/wp-json\/wp\/v2\/media\/19218"}],"wp:attachment":[{"href":"https:\/\/flameguard.ee\/sv\/wp-json\/wp\/v2\/media?parent=19208"}],"wp:term":[{"taxonomy":"product_brand","embeddable":true,"href":"https:\/\/flameguard.ee\/sv\/wp-json\/wp\/v2\/product_brand?post=19208"},{"taxonomy":"product_cat","embeddable":true,"href":"https:\/\/flameguard.ee\/sv\/wp-json\/wp\/v2\/product_cat?post=19208"},{"taxonomy":"product_tag","embeddable":true,"href":"https:\/\/flameguard.ee\/sv\/wp-json\/wp\/v2\/product_tag?post=19208"}],"curies":[{"name":"wp","href":"https:\/\/api.w.org\/{rel}","templated":true}]}}