{"id":19223,"date":"2025-05-12T20:02:40","date_gmt":"2025-05-12T17:02:40","guid":{"rendered":"https:\/\/flameguard.ee\/?post_type=product&#038;p=19223"},"modified":"2025-05-12T20:29:06","modified_gmt":"2025-05-12T17:29:06","slug":"looklainevastane-ulerohuklapp-bvno","status":"publish","type":"product","link":"https:\/\/flameguard.ee\/sv\/product\/anti-chockvag-overtrycksventil-bvno\/","title":{"rendered":"Anti-chockv\u00e5g Normal \u00d6ppen Choke BVNO"},"content":{"rendered":"<p data-start=\"715\" data-end=\"741\"><strong data-start=\"719\" data-end=\"741\">Anv\u00e4ndningsomr\u00e5den:<\/strong><\/p>\n<p class=\"\" data-start=\"2220\" data-end=\"2441\">Perfekt f\u00f6r skyddsrum, milit\u00e4ra anl\u00e4ggningar, n\u00f6dalternativ och kritisk infrastruktur<\/p>","protected":false},"excerpt":{"rendered":"<p><strong data-start=\"73\" data-end=\"119\">BVNO automatisk, <\/strong>Normalt \u00f6ppna ventiler \u00e4r utformade f\u00f6r att installeras i ventilations\u00f6ppningar f\u00f6r att skydda inomhusomr\u00e5den fr\u00e5n effekterna av en destruktiv explosionsv\u00e5g. Dessa ventiler \u00e4r speciellt utformade f\u00f6r att ge ventilation samtidigt som de ger skydd mot ov\u00e4ntade \u00f6vertryck. I normalt tillst\u00e5nd \u00e4r dessa ventiler \u00f6ppna, vilket m\u00f6jligg\u00f6r ett konstant luftfl\u00f6de, men i h\u00e4ndelse av en explosion st\u00e4ngs de automatiskt f\u00f6r att skydda interi\u00f6ren.<\/p>\n<h3 class=\"\" data-start=\"232\" data-end=\"258\"><strong data-start=\"236\" data-end=\"258\">Huvuddragen:<\/strong><\/h3>\n<ul>\n<li class=\"\" data-start=\"511\" data-end=\"709\">\n<p class=\"\" data-start=\"513\" data-end=\"709\">Brett utbud av explosionsventiler f\u00f6r olika luftfl\u00f6den. BVNO-serien inneh\u00e5ller ventiler med ett luftfl\u00f6desomr\u00e5de p\u00e5 <strong data-start=\"621\" data-end=\"637\">50\u20132900 m\u00b3\/h<\/strong> (per en ventil, f\u00f6r h\u00f6gre luftfl\u00f6de, kan flera ventiler installeras).<\/p>\n<\/li>\n<li class=\"\" data-start=\"710\" data-end=\"750\">\n<p class=\"\" data-start=\"712\" data-end=\"750\">Motst\u00e5nd mot baktryck &gt;900 kPa (9 bar).<\/p>\n<\/li>\n<li class=\"\" data-start=\"751\" data-end=\"804\">\n<p class=\"\" data-start=\"753\" data-end=\"804\">Mycket h\u00e5llbar \u2013 motst\u00e5ndskraftig mot v\u00e4rme och korrosion.<\/p>\n<\/li>\n<li class=\"\" data-start=\"805\" data-end=\"948\">\n<p class=\"\" data-start=\"807\" data-end=\"948\">Normalt \u00f6ppna explosionsventiler kan utrustas med ett dammf\u00f6rfilter f\u00f6r att avl\u00e4gsna dammpartiklar och ett speciellt h\u00f6lje f\u00f6r att rikta luft.<\/p>\n<\/li>\n<li data-start=\"805\" data-end=\"948\">Drifttemperatur -20 \u2013 +70 \u00b0C<\/li>\n<li data-start=\"805\" data-end=\"948\">Mekanisk h\u00e5llfasthet upp till 12 g<\/li>\n<\/ul>\n<ul>\n<li style=\"list-style-type: none;\"><\/li>\n<\/ul>","protected":false},"featured_media":19224,"template":"","meta":[],"product_brand":[172],"product_cat":[167],"product_tag":[],"class_list":{"0":"post-19223","1":"product","2":"type-product","3":"status-publish","4":"has-post-thumbnail","6":"product_brand-arconic","7":"product_cat-varjumiskohad","9":"first","10":"instock","11":"taxable","12":"shipping-taxable","13":"product-type-variable"},"_links":{"self":[{"href":"https:\/\/flameguard.ee\/sv\/wp-json\/wp\/v2\/product\/19223","targetHints":{"allow":["GET"]}}],"collection":[{"href":"https:\/\/flameguard.ee\/sv\/wp-json\/wp\/v2\/product"}],"about":[{"href":"https:\/\/flameguard.ee\/sv\/wp-json\/wp\/v2\/types\/product"}],"version-history":[{"count":4,"href":"https:\/\/flameguard.ee\/sv\/wp-json\/wp\/v2\/product\/19223\/revisions"}],"predecessor-version":[{"id":19250,"href":"https:\/\/flameguard.ee\/sv\/wp-json\/wp\/v2\/product\/19223\/revisions\/19250"}],"wp:featuredmedia":[{"embeddable":true,"href":"https:\/\/flameguard.ee\/sv\/wp-json\/wp\/v2\/media\/19224"}],"wp:attachment":[{"href":"https:\/\/flameguard.ee\/sv\/wp-json\/wp\/v2\/media?parent=19223"}],"wp:term":[{"taxonomy":"product_brand","embeddable":true,"href":"https:\/\/flameguard.ee\/sv\/wp-json\/wp\/v2\/product_brand?post=19223"},{"taxonomy":"product_cat","embeddable":true,"href":"https:\/\/flameguard.ee\/sv\/wp-json\/wp\/v2\/product_cat?post=19223"},{"taxonomy":"product_tag","embeddable":true,"href":"https:\/\/flameguard.ee\/sv\/wp-json\/wp\/v2\/product_tag?post=19223"}],"curies":[{"name":"wp","href":"https:\/\/api.w.org\/{rel}","templated":true}]}}