{"id":19241,"date":"2025-05-12T20:25:51","date_gmt":"2025-05-12T17:25:51","guid":{"rendered":"https:\/\/flameguard.ee\/?post_type=product&#038;p=19241"},"modified":"2025-05-12T20:37:49","modified_gmt":"2025-05-12T17:37:49","slug":"looklainevastane-ulerohuklapp-bvno-2","status":"publish","type":"product","link":"https:\/\/flameguard.ee\/sv\/product\/anti-chockvag-overtrycksventil-bvno-2\/","title":{"rendered":"Anti-st\u00f6tv\u00e5g \u00f6vertrycksventil BVNO"},"content":{"rendered":"<p data-start=\"715\" data-end=\"741\"><strong data-start=\"719\" data-end=\"741\">Anv\u00e4ndningsomr\u00e5den:<\/strong><\/p>\n<p class=\"\" data-start=\"2220\" data-end=\"2441\">Perfekt f\u00f6r skyddsrum, milit\u00e4ra anl\u00e4ggningar, n\u00f6dalternativ och kritisk infrastruktur<\/p>","protected":false},"excerpt":{"rendered":"<p><strong data-start=\"172\" data-end=\"180\">BVNC<\/strong> \u00d6vertrycksventiler \u00e4r vanligtvis st\u00e4ngda och \u00f6ppnas endast automatiskt n\u00e4r det \u00e4r n\u00f6dv\u00e4ndigt att sl\u00e4ppa ut det interna \u00f6vertrycket. De ger ett viktigt skydd mot internt \u00f6vertryck p\u00e5 grund av explosion samtidigt som de bibeh\u00e5ller t\u00e4theten under normala f\u00f6rh\u00e5llanden.<\/p>\n<h3 class=\"\" data-start=\"232\" data-end=\"258\"><strong data-start=\"236\" data-end=\"258\">Huvuddragen:<\/strong><\/h3>\n<ul>\n<li class=\"\" data-start=\"450\" data-end=\"517\">\n<p class=\"\" data-start=\"452\" data-end=\"517\">H\u00e5ller \u00f6vertrycket under kontroll genom att automatiskt sl\u00e4ppa ut \u00f6verfl\u00f6dig luft.<\/p>\n<\/li>\n<li class=\"\" data-start=\"518\" data-end=\"551\">\n<p class=\"\" data-start=\"520\" data-end=\"551\">Fungerar fr\u00e5n tryck <strong data-start=\"541\" data-end=\"550\">50 Pa<\/strong>.<\/p>\n<\/li>\n<li class=\"\" data-start=\"552\" data-end=\"614\">\n<p class=\"\" data-start=\"554\" data-end=\"614\">Finns i olika storlekar beroende p\u00e5 luftfl\u00f6desbehov.<\/p>\n<\/li>\n<\/ul>\n<ul>\n<li style=\"list-style-type: none;\"><\/li>\n<\/ul>","protected":false},"featured_media":19251,"template":"","meta":[],"product_brand":[172],"product_cat":[167],"product_tag":[],"class_list":{"0":"post-19241","1":"product","2":"type-product","3":"status-publish","4":"has-post-thumbnail","6":"product_brand-arconic","7":"product_cat-varjumiskohad","9":"first","10":"instock","11":"taxable","12":"shipping-taxable","13":"product-type-simple"},"_links":{"self":[{"href":"https:\/\/flameguard.ee\/sv\/wp-json\/wp\/v2\/product\/19241","targetHints":{"allow":["GET"]}}],"collection":[{"href":"https:\/\/flameguard.ee\/sv\/wp-json\/wp\/v2\/product"}],"about":[{"href":"https:\/\/flameguard.ee\/sv\/wp-json\/wp\/v2\/types\/product"}],"version-history":[{"count":1,"href":"https:\/\/flameguard.ee\/sv\/wp-json\/wp\/v2\/product\/19241\/revisions"}],"predecessor-version":[{"id":19256,"href":"https:\/\/flameguard.ee\/sv\/wp-json\/wp\/v2\/product\/19241\/revisions\/19256"}],"wp:featuredmedia":[{"embeddable":true,"href":"https:\/\/flameguard.ee\/sv\/wp-json\/wp\/v2\/media\/19251"}],"wp:attachment":[{"href":"https:\/\/flameguard.ee\/sv\/wp-json\/wp\/v2\/media?parent=19241"}],"wp:term":[{"taxonomy":"product_brand","embeddable":true,"href":"https:\/\/flameguard.ee\/sv\/wp-json\/wp\/v2\/product_brand?post=19241"},{"taxonomy":"product_cat","embeddable":true,"href":"https:\/\/flameguard.ee\/sv\/wp-json\/wp\/v2\/product_cat?post=19241"},{"taxonomy":"product_tag","embeddable":true,"href":"https:\/\/flameguard.ee\/sv\/wp-json\/wp\/v2\/product_tag?post=19241"}],"curies":[{"name":"wp","href":"https:\/\/api.w.org\/{rel}","templated":true}]}}