{"id":19257,"date":"2025-05-12T20:38:30","date_gmt":"2025-05-12T17:38:30","guid":{"rendered":"https:\/\/flameguard.ee\/?post_type=product&#038;p=19257"},"modified":"2025-05-12T20:42:35","modified_gmt":"2025-05-12T17:42:35","slug":"prv-rohuerinevuse-regulaatorklapid","status":"publish","type":"product","link":"https:\/\/flameguard.ee\/sv\/product\/prv-differenstrycksreglerventiler\/","title":{"rendered":"PRV-differenstrycksreglerventiler"},"content":{"rendered":"<p data-start=\"715\" data-end=\"741\"><strong data-start=\"719\" data-end=\"741\">Anv\u00e4ndningsomr\u00e5den:<\/strong><\/p>\n<p class=\"\" data-start=\"2220\" data-end=\"2441\">Perfekt f\u00f6r skyddsrum, milit\u00e4ra anl\u00e4ggningar, n\u00f6danl\u00e4ggningar, l\u00e4kemedelslaboratorier och kritisk infrastruktur<\/p>\n<p data-start=\"2220\" data-end=\"2441\">","protected":false},"excerpt":{"rendered":"<p><strong data-start=\"778\" data-end=\"792\">PRV-ventiler<\/strong> reglera den konstanta tryckskillnaden mellan anslutna rum (t.ex. luftslussar, skyddsrumssektioner). De s\u00e4kerst\u00e4ller ett balanserat luftfl\u00f6de och bibeh\u00e5ller den f\u00f6reskrivna \u00f6vertrycksniv\u00e5n.<\/p>\n<h3 class=\"\" data-start=\"232\" data-end=\"258\"><strong data-start=\"236\" data-end=\"258\">Huvuddragen:<\/strong><\/h3>\n<ul>\n<li class=\"\" data-start=\"986\" data-end=\"1048\">\n<p class=\"\" data-start=\"988\" data-end=\"1048\">Professionell l\u00f6sning f\u00f6r luftslussar och skyddade rum.<\/p>\n<\/li>\n<li class=\"\" data-start=\"1049\" data-end=\"1135\">\n<p class=\"\" data-start=\"1051\" data-end=\"1135\">Kompakt design \u2013 l\u00e4tt att integrera i befintliga ventilationssystem.<\/p>\n<\/li>\n<li class=\"\" data-start=\"1136\" data-end=\"1187\">\n<p class=\"\" data-start=\"1138\" data-end=\"1187\">Korrosionsbest\u00e4ndiga material garanterar en l\u00e5ng livsl\u00e4ngd.<\/p>\n<\/li>\n<\/ul>\n<ul>\n<li style=\"list-style-type: none;\"><\/li>\n<\/ul>","protected":false},"featured_media":19259,"template":"","meta":[],"product_brand":[172],"product_cat":[167],"product_tag":[],"class_list":{"0":"post-19257","1":"product","2":"type-product","3":"status-publish","4":"has-post-thumbnail","6":"product_brand-arconic","7":"product_cat-varjumiskohad","9":"first","10":"instock","11":"taxable","12":"shipping-taxable","13":"product-type-simple"},"_links":{"self":[{"href":"https:\/\/flameguard.ee\/sv\/wp-json\/wp\/v2\/product\/19257","targetHints":{"allow":["GET"]}}],"collection":[{"href":"https:\/\/flameguard.ee\/sv\/wp-json\/wp\/v2\/product"}],"about":[{"href":"https:\/\/flameguard.ee\/sv\/wp-json\/wp\/v2\/types\/product"}],"version-history":[{"count":1,"href":"https:\/\/flameguard.ee\/sv\/wp-json\/wp\/v2\/product\/19257\/revisions"}],"predecessor-version":[{"id":19258,"href":"https:\/\/flameguard.ee\/sv\/wp-json\/wp\/v2\/product\/19257\/revisions\/19258"}],"wp:featuredmedia":[{"embeddable":true,"href":"https:\/\/flameguard.ee\/sv\/wp-json\/wp\/v2\/media\/19259"}],"wp:attachment":[{"href":"https:\/\/flameguard.ee\/sv\/wp-json\/wp\/v2\/media?parent=19257"}],"wp:term":[{"taxonomy":"product_brand","embeddable":true,"href":"https:\/\/flameguard.ee\/sv\/wp-json\/wp\/v2\/product_brand?post=19257"},{"taxonomy":"product_cat","embeddable":true,"href":"https:\/\/flameguard.ee\/sv\/wp-json\/wp\/v2\/product_cat?post=19257"},{"taxonomy":"product_tag","embeddable":true,"href":"https:\/\/flameguard.ee\/sv\/wp-json\/wp\/v2\/product_tag?post=19257"}],"curies":[{"name":"wp","href":"https:\/\/api.w.org\/{rel}","templated":true}]}}