{"id":19260,"date":"2025-05-12T20:44:41","date_gmt":"2025-05-12T17:44:41","guid":{"rendered":"https:\/\/flameguard.ee\/?post_type=product&#038;p=19260"},"modified":"2025-05-12T20:49:23","modified_gmt":"2025-05-12T17:49:23","slug":"hdb-looklainevastane-rest","status":"publish","type":"product","link":"https:\/\/flameguard.ee\/sv\/product\/hdb-anti-stotvagsgaller\/","title":{"rendered":"HDB anti-st\u00f6tv\u00e5g galler"},"content":{"rendered":"<p data-start=\"715\" data-end=\"741\"><strong data-start=\"719\" data-end=\"741\">Anv\u00e4ndningsomr\u00e5den:<\/strong><\/p>\n<p class=\"\" data-start=\"2220\" data-end=\"2441\">Raffinaderier, olje- och gasanl\u00e4ggningar, k\u00e4rnkraftverk, skyddsrum, regeringsbyggnader och annan kritisk infrastruktur.<\/p>\n<p data-start=\"2220\" data-end=\"2441\">","protected":false},"excerpt":{"rendered":"<p><strong data-start=\"1345\" data-end=\"1369\">HDB anti-st\u00f6tv\u00e5g galler<\/strong>\u00a0Skyddar kritisk infrastruktur genom att f\u00f6rhindra att explosionsv\u00e5gor tr\u00e4nger in i ventilationssystem. St\u00e4ngs omedelbart n\u00e4r en st\u00f6tv\u00e5g uppt\u00e4cks och \u00f6ppnas automatiskt n\u00e4r situationen normaliseras (\u00f6ppnas \u00e4ven manuellt). Tillverkad av rostfritt st\u00e5l, \u00e4ven l\u00e4mplig f\u00f6r potentiellt explosiva zoner (ATEX zon 1, 2, 21, 22).<\/p>\n<h3 class=\"\" data-start=\"232\" data-end=\"258\"><strong data-start=\"236\" data-end=\"258\">Huvuddragen:<\/strong><\/h3>\n<ul>\n<li class=\"\" data-start=\"1707\" data-end=\"1750\">\n<p class=\"\" data-start=\"1709\" data-end=\"1750\">Testad i st\u00f6td\u00e4mpare upp till <strong data-start=\"1733\" data-end=\"1742\">6 bar<\/strong> tryck.<\/p>\n<\/li>\n<li class=\"\" data-start=\"1751\" data-end=\"1803\">\n<p class=\"\" data-start=\"1753\" data-end=\"1803\">Korrosionsbest\u00e4ndighet (1440 timmar i saltspraytest).<\/p>\n<\/li>\n<li class=\"\" data-start=\"1804\" data-end=\"1849\">\n<p class=\"\" data-start=\"1806\" data-end=\"1849\">Sj\u00e4lvaktiverande st\u00e4ngnings- och \u00f6ppningsmekanism.<\/p>\n<\/li>\n<li class=\"\" data-start=\"1850\" data-end=\"1908\">\n<p class=\"\" data-start=\"1852\" data-end=\"1908\">Finns p\u00e5 specialbest\u00e4llning upp till dimensionerna 2000\u00d72400 mm.<\/p>\n<\/li>\n<li class=\"\" data-start=\"1909\" data-end=\"1963\">\n<p class=\"\" data-start=\"1911\" data-end=\"1963\">Certifierad f\u00f6r anv\u00e4ndning i farliga milj\u00f6er.<\/p>\n<\/li>\n<\/ul>","protected":false},"featured_media":19263,"template":"","meta":[],"product_brand":[172],"product_cat":[167],"product_tag":[],"class_list":{"0":"post-19260","1":"product","2":"type-product","3":"status-publish","4":"has-post-thumbnail","6":"product_brand-arconic","7":"product_cat-varjumiskohad","9":"first","10":"instock","11":"taxable","12":"shipping-taxable","13":"product-type-simple"},"_links":{"self":[{"href":"https:\/\/flameguard.ee\/sv\/wp-json\/wp\/v2\/product\/19260","targetHints":{"allow":["GET"]}}],"collection":[{"href":"https:\/\/flameguard.ee\/sv\/wp-json\/wp\/v2\/product"}],"about":[{"href":"https:\/\/flameguard.ee\/sv\/wp-json\/wp\/v2\/types\/product"}],"version-history":[{"count":1,"href":"https:\/\/flameguard.ee\/sv\/wp-json\/wp\/v2\/product\/19260\/revisions"}],"predecessor-version":[{"id":19262,"href":"https:\/\/flameguard.ee\/sv\/wp-json\/wp\/v2\/product\/19260\/revisions\/19262"}],"wp:featuredmedia":[{"embeddable":true,"href":"https:\/\/flameguard.ee\/sv\/wp-json\/wp\/v2\/media\/19263"}],"wp:attachment":[{"href":"https:\/\/flameguard.ee\/sv\/wp-json\/wp\/v2\/media?parent=19260"}],"wp:term":[{"taxonomy":"product_brand","embeddable":true,"href":"https:\/\/flameguard.ee\/sv\/wp-json\/wp\/v2\/product_brand?post=19260"},{"taxonomy":"product_cat","embeddable":true,"href":"https:\/\/flameguard.ee\/sv\/wp-json\/wp\/v2\/product_cat?post=19260"},{"taxonomy":"product_tag","embeddable":true,"href":"https:\/\/flameguard.ee\/sv\/wp-json\/wp\/v2\/product_tag?post=19260"}],"curies":[{"name":"wp","href":"https:\/\/api.w.org\/{rel}","templated":true}]}}