{"id":19265,"date":"2025-05-12T20:53:50","date_gmt":"2025-05-12T17:53:50","guid":{"rendered":"https:\/\/flameguard.ee\/?post_type=product&#038;p=19265"},"modified":"2025-05-13T20:33:16","modified_gmt":"2025-05-13T17:33:16","slug":"moodulvarjend-kalamaki","status":"publish","type":"product","link":"https:\/\/flameguard.ee\/sv\/product\/modulart-skydd-kalamaki\/","title":{"rendered":"Modul\u00e4rt skydd Kalamaki"},"content":{"rendered":"<p data-start=\"715\" data-end=\"741\">Det modul\u00e4ra t\u00e4ltet Kalamaki \u00e4r helt modul\u00e4rt, vilket g\u00f6r det m\u00f6jligt att anpassa det till alla behov. Oavsett om det \u00e4r en enskild person eller en st\u00f6rre grupp kan vindskyddet kombineras av olika tekniska, boende- och komfortmoduler. Fr\u00e5n skyddsrum f\u00f6r grundl\u00e4ggande behov till fullt utrustade l\u00e5ngtidsbost\u00e4der kan bunkern utrustas med elsystem, vattenrening, ventilation, f\u00f6rvaring, sovplatser och till och med lyxiga element. Modulskyddet Kalamaki erbjuder flexibilitet, snabb installation och l\u00e5ngvarigt skydd \u2013 precis enligt dina krav.<\/p>\n<p data-start=\"2220\" data-end=\"2441\">","protected":false},"excerpt":{"rendered":"<p><strong data-start=\"1345\" data-end=\"1369\">Modul\u00e4rt skydd Kalamaki <\/strong>\u00e4r ett prefabricerat, modul\u00e4rt och mycket h\u00e5llbart system av skyddsrumsmoduler som \u00e4r utformade f\u00f6r maximalt skydd och komfort. Dessa prefabricerade skyddsrum \u00e4r utvecklade genom att kombinera prisv\u00e4rdhet och kvalitet, vilket ger utm\u00e4rkt s\u00e4kerhet, komfort och l\u00e5ngsiktig anv\u00e4ndbarhet.<\/p>\n<h3 class=\"\" data-start=\"232\" data-end=\"258\"><strong data-start=\"236\" data-end=\"258\">Huvuddragen:<\/strong><\/h3>\n<ul>\n<li class=\"\" data-start=\"470\" data-end=\"604\">\n<p class=\"\" data-start=\"472\" data-end=\"604\"><strong data-start=\"472\" data-end=\"527\">Kostnadseffektiv l\u00f6sning utan att kompromissa med kvaliteten<\/strong> \u2013 Material och hantverk av h\u00f6g kvalitet till ett \u00f6verkomligt pris.<\/p>\n<\/li>\n<li class=\"\" data-start=\"605\" data-end=\"724\">\n<p class=\"\" data-start=\"607\" data-end=\"724\"><strong data-start=\"607\" data-end=\"632\">Helt anpassningsbar<\/strong> \u2013 Olika moduler g\u00f6r det m\u00f6jligt att skapa st\u00f6rre bostads- och s\u00e4kerhetsomr\u00e5den efter behov.<\/p>\n<\/li>\n<li class=\"\" data-start=\"725\" data-end=\"828\">\n<p class=\"\" data-start=\"727\" data-end=\"828\"><strong data-start=\"727\" data-end=\"756\">Snabb och enkel installation<\/strong> \u2013 Prefabricerad konstruktion m\u00f6jligg\u00f6r snabb och enkel installation.<\/p>\n<\/li>\n<li class=\"\" data-start=\"829\" data-end=\"924\">\n<p class=\"\" data-start=\"831\" data-end=\"924\"><strong data-start=\"831\" data-end=\"851\">Omfattande skydd<\/strong> \u2013 Helt vattent\u00e4t, luftt\u00e4t och korrosionsbest\u00e4ndig, vilket garanterar en l\u00e5ng livsl\u00e4ngd.<\/p>\n<\/li>\n<li class=\"\" data-start=\"925\" data-end=\"1134\">\n<p class=\"\" data-start=\"927\" data-end=\"1134\"><strong data-start=\"927\" data-end=\"989\">Integrerad CBRN-filtrering och explosionss\u00e4kra d\u00f6rrar<\/strong> \u2013 utrustad med certifierade Atmas Group \/ Arconik CBRN-filtreringssystem och explosionss\u00e4kra d\u00f6rrar f\u00f6r maximal s\u00e4kerhet.<\/p>\n<\/li>\n<li class=\"\" data-start=\"1135\" data-end=\"1347\">\n<p class=\"\" data-start=\"1137\" data-end=\"1347\"><strong data-start=\"1137\" data-end=\"1166\">Fraktalternativ \u00f6ver hela v\u00e4rlden<\/strong> \u2013 optimerad f\u00f6r att rymmas i standardcontainrar, och den l\u00e4tta och h\u00e5llbara designen m\u00f6jligg\u00f6r transport \u00f6ver hela v\u00e4rlden; Lokala agenter s\u00e4kerst\u00e4ller s\u00f6ml\u00f6s best\u00e4llning och support.<\/p>\n<\/li>\n<\/ul>","protected":false},"featured_media":19266,"template":"","meta":[],"product_brand":[202],"product_cat":[167],"product_tag":[],"class_list":{"0":"post-19265","1":"product","2":"type-product","3":"status-publish","4":"has-post-thumbnail","6":"product_brand-kolomaki","7":"product_cat-varjumiskohad","9":"first","10":"instock","11":"taxable","12":"shipping-taxable","13":"product-type-simple"},"_links":{"self":[{"href":"https:\/\/flameguard.ee\/sv\/wp-json\/wp\/v2\/product\/19265","targetHints":{"allow":["GET"]}}],"collection":[{"href":"https:\/\/flameguard.ee\/sv\/wp-json\/wp\/v2\/product"}],"about":[{"href":"https:\/\/flameguard.ee\/sv\/wp-json\/wp\/v2\/types\/product"}],"version-history":[{"count":1,"href":"https:\/\/flameguard.ee\/sv\/wp-json\/wp\/v2\/product\/19265\/revisions"}],"predecessor-version":[{"id":19267,"href":"https:\/\/flameguard.ee\/sv\/wp-json\/wp\/v2\/product\/19265\/revisions\/19267"}],"wp:featuredmedia":[{"embeddable":true,"href":"https:\/\/flameguard.ee\/sv\/wp-json\/wp\/v2\/media\/19266"}],"wp:attachment":[{"href":"https:\/\/flameguard.ee\/sv\/wp-json\/wp\/v2\/media?parent=19265"}],"wp:term":[{"taxonomy":"product_brand","embeddable":true,"href":"https:\/\/flameguard.ee\/sv\/wp-json\/wp\/v2\/product_brand?post=19265"},{"taxonomy":"product_cat","embeddable":true,"href":"https:\/\/flameguard.ee\/sv\/wp-json\/wp\/v2\/product_cat?post=19265"},{"taxonomy":"product_tag","embeddable":true,"href":"https:\/\/flameguard.ee\/sv\/wp-json\/wp\/v2\/product_tag?post=19265"}],"curies":[{"name":"wp","href":"https:\/\/api.w.org\/{rel}","templated":true}]}}