{"id":19274,"date":"2025-05-12T21:16:27","date_gmt":"2025-05-12T18:16:27","guid":{"rendered":"https:\/\/flameguard.ee\/?post_type=product&#038;p=19274"},"modified":"2025-05-13T20:32:40","modified_gmt":"2025-05-13T17:32:40","slug":"toru-kujuline-varjend","status":"publish","type":"product","link":"https:\/\/flameguard.ee\/sv\/product\/rorformad-skydd\/","title":{"rendered":"R\u00f6rformigt skydd"},"content":{"rendered":"<p data-start=\"715\" data-end=\"741\">Idealisk f\u00f6r anv\u00e4ndning som privata bunkrar, n\u00f6dbost\u00e4der och rum som skyddar mot naturliga eller konstgjorda faror.<\/p>\n<p data-start=\"2220\" data-end=\"2441\">","protected":false},"excerpt":{"rendered":"<p>Ett r\u00f6rformat skyddsrum \u00e4r en avancerad l\u00f6sning som syftar till att trygga s\u00e4kerheten i olika krissituationer. Den har utformats med exceptionell uppm\u00e4rksamhet p\u00e5 de h\u00f6gsta skyddsstandarderna. Dessutom k\u00e4nnetecknas den av anv\u00e4ndarv\u00e4nlighet, som uppfyller f\u00f6rv\u00e4ntningarna hos \u00e4ven de mest kr\u00e4vande anv\u00e4ndarna. Dessutom erbjuder den flexibilitet tack vare m\u00f6jligheten att anpassa interi\u00f6ren till individuella behov, vilket g\u00f6r den till ett idealiskt val f\u00f6r b\u00e5de privatpersoner och institutioner som letar efter en helt\u00e4ckande l\u00f6sning inom f\u00f6rsvarsomr\u00e5det.<\/p>\n<h3 class=\"\" data-start=\"232\" data-end=\"258\"><strong data-start=\"236\" data-end=\"258\">Huvuddragen:<\/strong><\/h3>\n<ul>\n<li class=\"\" data-start=\"635\" data-end=\"713\">\n<p class=\"\" data-start=\"637\" data-end=\"713\"><strong data-start=\"637\" data-end=\"665\">Anv\u00e4ndbar h\u00f6jd: 3 meter<\/strong> \u2013 Ger r\u00f6relsefrihet och komfort p\u00e5 insidan.<\/p>\n<\/li>\n<li class=\"\" data-start=\"714\" data-end=\"800\">\n<p class=\"\" data-start=\"716\" data-end=\"800\"><strong data-start=\"716\" data-end=\"759\">L\u00e4ngd p\u00e5 bostadsmodulen: 6 till 15 meter<\/strong>, vilket g\u00f6r det m\u00f6jligt att hysa flera personer.<\/p>\n<\/li>\n<li class=\"\" data-start=\"801\" data-end=\"866\">\n<p class=\"\" data-start=\"803\" data-end=\"866\">Strukturen inneh\u00e5ller utrymme f\u00f6r anslutningar och tekniska system.<\/p>\n<\/li>\n<li class=\"\" data-start=\"867\" data-end=\"929\">\n<p class=\"\" data-start=\"869\" data-end=\"929\">Kan installeras <strong data-start=\"889\" data-end=\"928\">som en l\u00f6sning ovan jord eller under jord<\/strong>.<\/p>\n<\/li>\n<li class=\"\" data-start=\"930\" data-end=\"1071\">\n<p class=\"\" data-start=\"932\" data-end=\"1071\">Utrustad med <strong data-start=\"943\" data-end=\"990\">Certifierade gas- och vattent\u00e4ta d\u00f6rrar<\/strong> och <strong data-start=\"996\" data-end=\"1027\">med explosionss\u00e4kra luckor<\/strong>, som s\u00e4kerst\u00e4ller isolering fr\u00e5n externa hot.<\/p>\n<\/li>\n<li class=\"\" data-start=\"1072\" data-end=\"1206\">\n<p class=\"\" data-start=\"1074\" data-end=\"1206\">Inneh\u00e5ller <strong data-start=\"1083\" data-end=\"1134\">Arconik ventilations- och filtreringssystem<\/strong>, som skyddar <strong data-start=\"1148\" data-end=\"1200\">nukle\u00e4ra, biologiska och kemiska (CBRN) hot<\/strong> .<\/p>\n<\/li>\n<\/ul>","protected":false},"featured_media":19275,"template":"","meta":[],"product_brand":[202],"product_cat":[167],"product_tag":[],"class_list":{"0":"post-19274","1":"product","2":"type-product","3":"status-publish","4":"has-post-thumbnail","6":"product_brand-kolomaki","7":"product_cat-varjumiskohad","9":"first","10":"instock","11":"taxable","12":"shipping-taxable","13":"product-type-simple"},"_links":{"self":[{"href":"https:\/\/flameguard.ee\/sv\/wp-json\/wp\/v2\/product\/19274","targetHints":{"allow":["GET"]}}],"collection":[{"href":"https:\/\/flameguard.ee\/sv\/wp-json\/wp\/v2\/product"}],"about":[{"href":"https:\/\/flameguard.ee\/sv\/wp-json\/wp\/v2\/types\/product"}],"version-history":[{"count":1,"href":"https:\/\/flameguard.ee\/sv\/wp-json\/wp\/v2\/product\/19274\/revisions"}],"predecessor-version":[{"id":19279,"href":"https:\/\/flameguard.ee\/sv\/wp-json\/wp\/v2\/product\/19274\/revisions\/19279"}],"wp:featuredmedia":[{"embeddable":true,"href":"https:\/\/flameguard.ee\/sv\/wp-json\/wp\/v2\/media\/19275"}],"wp:attachment":[{"href":"https:\/\/flameguard.ee\/sv\/wp-json\/wp\/v2\/media?parent=19274"}],"wp:term":[{"taxonomy":"product_brand","embeddable":true,"href":"https:\/\/flameguard.ee\/sv\/wp-json\/wp\/v2\/product_brand?post=19274"},{"taxonomy":"product_cat","embeddable":true,"href":"https:\/\/flameguard.ee\/sv\/wp-json\/wp\/v2\/product_cat?post=19274"},{"taxonomy":"product_tag","embeddable":true,"href":"https:\/\/flameguard.ee\/sv\/wp-json\/wp\/v2\/product_tag?post=19274"}],"curies":[{"name":"wp","href":"https:\/\/api.w.org\/{rel}","templated":true}]}}