{"id":19287,"date":"2025-05-13T10:43:32","date_gmt":"2025-05-13T07:43:32","guid":{"rendered":"https:\/\/flameguard.ee\/?post_type=product&#038;p=19287"},"modified":"2025-05-13T11:52:07","modified_gmt":"2025-05-13T08:52:07","slug":"soome-tuupi-so1-ja-so2-varjendiuksed","status":"publish","type":"product","link":"https:\/\/flameguard.ee\/sv\/product\/dorrar-av-finsk-typ-so1-och-so2-skyddsrum\/","title":{"rendered":"D\u00f6rrar till skyddsrum av finsk typ SO1 och SO2"},"content":{"rendered":"<p data-start=\"715\" data-end=\"741\"><strong data-start=\"719\" data-end=\"741\">Anv\u00e4ndningsomr\u00e5den:<\/strong><\/p>\n<p class=\"\" data-start=\"2220\" data-end=\"2441\">Idealisk f\u00f6r skyddsrum, milit\u00e4ra anl\u00e4ggningar, n\u00f6dsituationer och kritisk infrastruktur.<\/p>\n<p data-start=\"2220\" data-end=\"2441\">","protected":false},"excerpt":{"rendered":"<p class=\"\" data-start=\"92\" data-end=\"247\">Finska typer SO1 och SO2 \u00e4r starka metallexplosions- och gass\u00e4kra skyddsrumsd\u00f6rrar f\u00f6r vilka splitterskydd finns som tillval. D\u00f6rrarna \u00e4r utformade i enlighet med finsk standard f\u00f6r skyddsrum<\/p>\n<h3 class=\"\" data-start=\"232\" data-end=\"258\"><strong data-start=\"236\" data-end=\"258\">Huvuddragen:<\/strong><\/h3>\n<ul>\n<li class=\"\" data-start=\"301\" data-end=\"349\">\n<p class=\"\" data-start=\"303\" data-end=\"349\">Uppfylla kraven i Finlands befolkningsskyddsbest\u00e4mmelser<\/p>\n<\/li>\n<li class=\"\" data-start=\"350\" data-end=\"489\">\n<p class=\"\" data-start=\"352\" data-end=\"489\">D\u00f6rrbladet \u00e4r tillverkat av en enskikts metallplatta med en tjocklek p\u00e5 20 mm eller 30 mm (tillval \u2013 andra varianter \u00e4r m\u00f6jliga p\u00e5 beg\u00e4ran)<\/p>\n<\/li>\n<li class=\"\" data-start=\"490\" data-end=\"596\">\n<p class=\"\" data-start=\"492\" data-end=\"596\">Standardm\u00e5tt: <strong data-start=\"508\" data-end=\"523\">900\u00d72000 mm<\/strong> och <strong data-start=\"527\" data-end=\"543\">1200\u00d72000 mm<\/strong> (kan \u00e4ven tillverkas i de m\u00e5tt som \u00f6nskas av kunden)<\/p>\n<\/li>\n<li class=\"\" data-start=\"597\" data-end=\"704\">\n<p class=\"\" data-start=\"599\" data-end=\"704\">Strukturen t\u00e5l <strong data-start=\"620\" data-end=\"641\">200 kN\/m\u00b2 (2 bar)<\/strong> explosionsv\u00e5gtryck, i enlighet med finska skyddsrumsstandarder<\/p>\n<\/li>\n<li class=\"\" data-start=\"705\" data-end=\"774\">\n<p class=\"\" data-start=\"707\" data-end=\"774\">G\u00e5ngj\u00e4rn och l\u00e5smekanism t\u00e5l explosiva krafter och kast<\/p>\n<\/li>\n<li class=\"\" data-start=\"775\" data-end=\"871\">\n<p class=\"\" data-start=\"777\" data-end=\"871\">St\u00f6tbarri\u00e4rer har lagts till i d\u00f6rren, vilket g\u00f6r den h\u00e5llbar upp till <strong data-start=\"845\" data-end=\"853\">30 g<\/strong> St\u00f6tbelastningar<\/p>\n<\/li>\n<li class=\"\" data-start=\"872\" data-end=\"989\">\n<p class=\"\" data-start=\"874\" data-end=\"989\">D\u00f6rren \u00e4r st\u00e4ngd <strong data-start=\"890\" data-end=\"905\">Gass\u00e4ker<\/strong>, f\u00f6r att f\u00f6rhindra att farliga gaser tr\u00e4nger in och f\u00f6r att g\u00f6ra det m\u00f6jligt att <strong data-start=\"971\" data-end=\"987\">\u00d6vertryck<\/strong><\/p>\n<\/li>\n<li class=\"\" data-start=\"990\" data-end=\"1129\">\n<p class=\"\" data-start=\"992\" data-end=\"1129\">Valfri <strong data-start=\"1003\" data-end=\"1018\">Skydd mot splitter<\/strong> Modell SO-1S med ett d\u00f6rrblad p\u00e5 minst <strong data-start=\"1061\" data-end=\"1070\">mm 30<\/strong> tjock (j\u00e4mf\u00f6rt med standardtjockleken p\u00e5 20 mm f\u00f6r SO-1-modellen)<\/p>\n<\/li>\n<li class=\"\" data-start=\"1130\" data-end=\"1258\">\n<p class=\"\" data-start=\"1132\" data-end=\"1258\">D\u00f6rrkarmen \u00e4r utformad f\u00f6r gjutning som standard <strong data-start=\"1174\" data-end=\"1207\">300 mm tjock betongv\u00e4gg<\/strong>, men kan \u00e4ven anpassas till tjockare v\u00e4ggar<\/p>\n<\/li>\n<\/ul>","protected":false},"featured_media":19288,"template":"","meta":[],"product_brand":[],"product_cat":[167],"product_tag":[],"class_list":{"0":"post-19287","1":"product","2":"type-product","3":"status-publish","4":"has-post-thumbnail","6":"product_cat-varjumiskohad","8":"first","9":"instock","10":"taxable","11":"shipping-taxable","12":"product-type-simple"},"_links":{"self":[{"href":"https:\/\/flameguard.ee\/sv\/wp-json\/wp\/v2\/product\/19287","targetHints":{"allow":["GET"]}}],"collection":[{"href":"https:\/\/flameguard.ee\/sv\/wp-json\/wp\/v2\/product"}],"about":[{"href":"https:\/\/flameguard.ee\/sv\/wp-json\/wp\/v2\/types\/product"}],"version-history":[{"count":1,"href":"https:\/\/flameguard.ee\/sv\/wp-json\/wp\/v2\/product\/19287\/revisions"}],"predecessor-version":[{"id":19289,"href":"https:\/\/flameguard.ee\/sv\/wp-json\/wp\/v2\/product\/19287\/revisions\/19289"}],"wp:featuredmedia":[{"embeddable":true,"href":"https:\/\/flameguard.ee\/sv\/wp-json\/wp\/v2\/media\/19288"}],"wp:attachment":[{"href":"https:\/\/flameguard.ee\/sv\/wp-json\/wp\/v2\/media?parent=19287"}],"wp:term":[{"taxonomy":"product_brand","embeddable":true,"href":"https:\/\/flameguard.ee\/sv\/wp-json\/wp\/v2\/product_brand?post=19287"},{"taxonomy":"product_cat","embeddable":true,"href":"https:\/\/flameguard.ee\/sv\/wp-json\/wp\/v2\/product_cat?post=19287"},{"taxonomy":"product_tag","embeddable":true,"href":"https:\/\/flameguard.ee\/sv\/wp-json\/wp\/v2\/product_tag?post=19287"}],"curies":[{"name":"wp","href":"https:\/\/api.w.org\/{rel}","templated":true}]}}