{"id":19302,"date":"2025-05-13T11:08:00","date_gmt":"2025-05-13T08:08:00","guid":{"rendered":"https:\/\/flameguard.ee\/?post_type=product&#038;p=19302"},"modified":"2025-05-13T11:51:54","modified_gmt":"2025-05-13T08:51:54","slug":"iisraeli-m-tuupi-du-varjendiuksed","status":"publish","type":"product","link":"https:\/\/flameguard.ee\/sv\/product\/dorrar-till-israeli-m-type-du-shelter\/","title":{"rendered":"Israel Typ M DU Skyddsrum D\u00f6rrar"},"content":{"rendered":"<p data-start=\"715\" data-end=\"741\"><strong data-start=\"719\" data-end=\"741\">Anv\u00e4ndningsomr\u00e5den:<\/strong><\/p>\n<p class=\"\" data-start=\"2220\" data-end=\"2441\">Idealisk f\u00f6r skyddsrum, milit\u00e4ra anl\u00e4ggningar, n\u00f6dsituationer och kritisk infrastruktur.<\/p>\n<ul>\n<li class=\"\" data-start=\"1044\" data-end=\"1128\">\n<p class=\"\" data-start=\"1046\" data-end=\"1128\"><strong data-start=\"1046\" data-end=\"1052\">MD<\/strong> \u2013 L\u00e4tt explosions- och gass\u00e4ker d\u00f6rr f\u00f6r bostadsrum\/s\u00e4kerhetsrum<\/p>\n<\/li>\n<li class=\"\" data-start=\"1129\" data-end=\"1246\">\n<p class=\"\" data-start=\"1131\" data-end=\"1246\"><strong data-start=\"1131\" data-end=\"1138\">MDR (MDR)<\/strong> - explosions- och gass\u00e4ker d\u00f6rr f\u00f6r bostadshyddor\/s\u00e4kerhetsrum, <strong data-start=\"1208\" data-end=\"1244\">Med 15 mm st\u00e5lpl\u00e5t f\u00f6r splitterskydd<\/strong><\/p>\n<\/li>\n<li class=\"\" data-start=\"1247\" data-end=\"1342\">\n<p class=\"\" data-start=\"1249\" data-end=\"1342\"><strong data-start=\"1249\" data-end=\"1256\">MMH<\/strong> \u2013 Stark explosions- och gass\u00e4ker d\u00f6rr f\u00f6r skyddsrum och f\u00f6rsvarsrum<\/p>\n<\/li>\n<li class=\"\" data-start=\"1343\" data-end=\"1479\">\n<p class=\"\" data-start=\"1345\" data-end=\"1479\"><strong data-start=\"1345\" data-end=\"1352\">MMR (MMR)<\/strong> \u2013 kraftig explosions-, gas- och splitters\u00e4ker d\u00f6rr med ett d\u00f6rrblad av <strong data-start=\"1436\" data-end=\"1479\">25 mm eller 32 mm tjock st\u00e5lpl\u00e5t<\/strong><\/p>\n<\/li>\n<\/ul>","protected":false},"excerpt":{"rendered":"<p class=\"\" data-start=\"92\" data-end=\"247\">Standard f\u00f6r israeliska skyddsrum <strong data-start=\"144\" data-end=\"155\">SI 4422<\/strong> Definierar specifikationerna och egenskaperna f\u00f6r skyddsrumsd\u00f6rrar f\u00f6r bostadsrum, skyddsrum, bunkrar och andra skyddade utrymmen. D\u00f6rrar finns i en m\u00e4ngd olika former: fr\u00e5n l\u00e4tta d\u00f6rrar f\u00f6r s\u00e4kerhetsrum i hemmet till kraftiga s\u00e4kerhetsd\u00f6rrar som t\u00e5l h\u00f6ga explosionstryck och erbjuder gast\u00e4thet, ballistiskt skydd och splitterskydd, inbrottsskydd och brandmotst\u00e5nd. Alla d\u00f6rrar \u00e4r <strong data-start=\"550\" data-end=\"627\">testad med verkliga explosioner och godk\u00e4nd av Israeli Central Civil Defense Command<\/strong> (Hemmafrontens kommando).<\/p>\n<h3 class=\"\" data-start=\"232\" data-end=\"258\"><strong data-start=\"236\" data-end=\"258\">Huvuddragen:<\/strong><\/h3>\n<ul>\n<li class=\"\" data-start=\"685\" data-end=\"762\">\n<p class=\"\" data-start=\"687\" data-end=\"762\">Certifierad och testad enligt <strong data-start=\"726\" data-end=\"762\">nationell standard SI 4422<\/strong><\/p>\n<\/li>\n<li class=\"\" data-start=\"763\" data-end=\"884\">\n<p class=\"\" data-start=\"765\" data-end=\"884\">Brett sortiment: <strong data-start=\"776\" data-end=\"834\">Fr\u00e5n l\u00e4tta skyddsrumsd\u00f6rrar f\u00f6r bostadshus till tunga bl\u00e4sterd\u00f6rrar<\/strong> Bunkrar f\u00f6r statliga eller strategiska m\u00e5l<\/p>\n<\/li>\n<li class=\"\" data-start=\"885\" data-end=\"998\">\n<p class=\"\" data-start=\"887\" data-end=\"998\">De flesta modeller har <strong data-start=\"909\" data-end=\"960\">Det \u00e4r m\u00f6jligt att installera en extra brand- eller s\u00e4kerhetsd\u00f6rr<\/strong> med explosions- och gass\u00e4ker d\u00f6rr<\/p>\n<\/li>\n<\/ul>","protected":false},"featured_media":19303,"template":"","meta":[],"product_brand":[],"product_cat":[167],"product_tag":[],"class_list":{"0":"post-19302","1":"product","2":"type-product","3":"status-publish","4":"has-post-thumbnail","6":"product_cat-varjumiskohad","8":"first","9":"instock","10":"taxable","11":"shipping-taxable","12":"product-type-simple"},"_links":{"self":[{"href":"https:\/\/flameguard.ee\/sv\/wp-json\/wp\/v2\/product\/19302","targetHints":{"allow":["GET"]}}],"collection":[{"href":"https:\/\/flameguard.ee\/sv\/wp-json\/wp\/v2\/product"}],"about":[{"href":"https:\/\/flameguard.ee\/sv\/wp-json\/wp\/v2\/types\/product"}],"version-history":[{"count":1,"href":"https:\/\/flameguard.ee\/sv\/wp-json\/wp\/v2\/product\/19302\/revisions"}],"predecessor-version":[{"id":19306,"href":"https:\/\/flameguard.ee\/sv\/wp-json\/wp\/v2\/product\/19302\/revisions\/19306"}],"wp:featuredmedia":[{"embeddable":true,"href":"https:\/\/flameguard.ee\/sv\/wp-json\/wp\/v2\/media\/19303"}],"wp:attachment":[{"href":"https:\/\/flameguard.ee\/sv\/wp-json\/wp\/v2\/media?parent=19302"}],"wp:term":[{"taxonomy":"product_brand","embeddable":true,"href":"https:\/\/flameguard.ee\/sv\/wp-json\/wp\/v2\/product_brand?post=19302"},{"taxonomy":"product_cat","embeddable":true,"href":"https:\/\/flameguard.ee\/sv\/wp-json\/wp\/v2\/product_cat?post=19302"},{"taxonomy":"product_tag","embeddable":true,"href":"https:\/\/flameguard.ee\/sv\/wp-json\/wp\/v2\/product_tag?post=19302"}],"curies":[{"name":"wp","href":"https:\/\/api.w.org\/{rel}","templated":true}]}}