{"id":19307,"date":"2025-05-13T11:17:08","date_gmt":"2025-05-13T08:17:08","guid":{"rendered":"https:\/\/flameguard.ee\/?post_type=product&#038;p=19307"},"modified":"2025-05-13T11:57:41","modified_gmt":"2025-05-13T08:57:41","slug":"eritellimusega-valmistatud-varjendiuksed","status":"publish","type":"product","link":"https:\/\/flameguard.ee\/sv\/product\/skraddarsydda-dorrar-till-skyddsrum\/","title":{"rendered":"Specialtillverkade d\u00f6rrar till skyddsrum"},"content":{"rendered":"<p data-start=\"715\" data-end=\"741\"><strong data-start=\"719\" data-end=\"741\">Anv\u00e4ndningsomr\u00e5den:<\/strong><\/p>\n<p class=\"\" data-start=\"2220\" data-end=\"2441\">Idealisk f\u00f6r skyddsrum, milit\u00e4ra anl\u00e4ggningar, n\u00f6d- och kritisk infrastruktur, ambassader, regeringsbyggnader, andra h\u00f6gs\u00e4kerhetsobjekt<\/p>\n<p>&nbsp;<\/p>","protected":false},"excerpt":{"rendered":"<p class=\"\" data-start=\"92\" data-end=\"247\"><strong data-start=\"30\" data-end=\"76\">Specialtillverkade d\u00f6rrar till skyddsrum<\/strong>, som \u00e4r utformade f\u00f6r att uppfylla s\u00e4rskilda s\u00e4kerhets- och driftskrav i skyddsrum, myndighetsbyggnader och industrianl\u00e4ggningar. Dessa d\u00f6rrar \u00e4r utformade f\u00f6r att <strong data-start=\"218\" data-end=\"248\">med maximal flexibilitet<\/strong>, vilket m\u00f6jligg\u00f6r ett brett utbud av anpassningsalternativ f\u00f6r att passa de unika behoven i varje projekt.<\/p>\n<h3 class=\"\" data-start=\"232\" data-end=\"258\"><strong data-start=\"236\" data-end=\"258\">Huvuddragen:<\/strong><\/h3>\n<ul>\n<li class=\"\" data-start=\"376\" data-end=\"451\">\n<p class=\"\" data-start=\"378\" data-end=\"451\"><strong data-start=\"378\" data-end=\"421\">Anpassade m\u00e5tt och specifikationer<\/strong> enligt projektets krav<\/p>\n<\/li>\n<li class=\"\" data-start=\"452\" data-end=\"523\">\n<p class=\"\" data-start=\"454\" data-end=\"523\"><strong data-start=\"454\" data-end=\"489\">Manuell eller elektrisk \u00f6ppning<\/strong>, beroende p\u00e5 installationsmilj\u00f6n<\/p>\n<\/li>\n<li class=\"\" data-start=\"524\" data-end=\"590\">\n<p class=\"\" data-start=\"526\" data-end=\"590\"><strong data-start=\"526\" data-end=\"558\">Avancerade l\u00e5smekanismer<\/strong> f\u00f6r b\u00e4ttre s\u00e4kerhet<\/p>\n<\/li>\n<li class=\"\" data-start=\"591\" data-end=\"651\">\n<p class=\"\" data-start=\"593\" data-end=\"651\"><strong data-start=\"593\" data-end=\"608\">Speciella utf\u00f6randen<\/strong> Akutmottagningar och s\u00e4kra rum<\/p>\n<\/li>\n<\/ul>","protected":false},"featured_media":19308,"template":"","meta":[],"product_brand":[],"product_cat":[167],"product_tag":[],"class_list":{"0":"post-19307","1":"product","2":"type-product","3":"status-publish","4":"has-post-thumbnail","6":"product_cat-varjumiskohad","8":"first","9":"instock","10":"taxable","11":"shipping-taxable","12":"product-type-simple"},"_links":{"self":[{"href":"https:\/\/flameguard.ee\/sv\/wp-json\/wp\/v2\/product\/19307","targetHints":{"allow":["GET"]}}],"collection":[{"href":"https:\/\/flameguard.ee\/sv\/wp-json\/wp\/v2\/product"}],"about":[{"href":"https:\/\/flameguard.ee\/sv\/wp-json\/wp\/v2\/types\/product"}],"version-history":[{"count":3,"href":"https:\/\/flameguard.ee\/sv\/wp-json\/wp\/v2\/product\/19307\/revisions"}],"predecessor-version":[{"id":19320,"href":"https:\/\/flameguard.ee\/sv\/wp-json\/wp\/v2\/product\/19307\/revisions\/19320"}],"wp:featuredmedia":[{"embeddable":true,"href":"https:\/\/flameguard.ee\/sv\/wp-json\/wp\/v2\/media\/19308"}],"wp:attachment":[{"href":"https:\/\/flameguard.ee\/sv\/wp-json\/wp\/v2\/media?parent=19307"}],"wp:term":[{"taxonomy":"product_brand","embeddable":true,"href":"https:\/\/flameguard.ee\/sv\/wp-json\/wp\/v2\/product_brand?post=19307"},{"taxonomy":"product_cat","embeddable":true,"href":"https:\/\/flameguard.ee\/sv\/wp-json\/wp\/v2\/product_cat?post=19307"},{"taxonomy":"product_tag","embeddable":true,"href":"https:\/\/flameguard.ee\/sv\/wp-json\/wp\/v2\/product_tag?post=19307"}],"curies":[{"name":"wp","href":"https:\/\/api.w.org\/{rel}","templated":true}]}}