{"id":19315,"date":"2025-05-13T11:48:24","date_gmt":"2025-05-13T08:48:24","guid":{"rendered":"https:\/\/flameguard.ee\/?post_type=product&#038;p=19315"},"modified":"2025-05-13T11:53:50","modified_gmt":"2025-05-13T08:53:50","slug":"plahvatus-ja-gaasikindlad-hadaevakuatsiooni-luugid","status":"publish","type":"product","link":"https:\/\/flameguard.ee\/sv\/product\/explosions-och-gastata-nodutrymningsluckor\/","title":{"rendered":"Explosions- och gass\u00e4kra n\u00f6dutrymningsluckor"},"content":{"rendered":"<p data-start=\"715\" data-end=\"741\"><strong data-start=\"719\" data-end=\"741\">Anv\u00e4ndningsomr\u00e5den:<\/strong><\/p>\n<p class=\"\" data-start=\"2220\" data-end=\"2441\">Idealisk f\u00f6r skyddsrum, milit\u00e4ra anl\u00e4ggningar, n\u00f6d- och kritisk infrastruktur, industrianl\u00e4ggningar, andra h\u00f6gs\u00e4kerhetsobjekt<\/p>\n<p data-start=\"2220\" data-end=\"2441\">\n<p data-start=\"2220\" data-end=\"2441\">\n<p>&nbsp;<\/p>","protected":false},"excerpt":{"rendered":"<p class=\"\" data-start=\"92\" data-end=\"247\"><strong data-start=\"55\" data-end=\"110\">Explosions- och gass\u00e4kra n\u00f6dutrymningsluckor<\/strong> \u00e4r utformad f\u00f6r att s\u00e4kerst\u00e4lla s\u00e4kra utrymningsv\u00e4gar i krissituationer. Dessa luckor \u00e4r <strong data-start=\"197\" data-end=\"225\">Livr\u00e4ddande komponenter<\/strong> s\u00e4kra utrymmen, vilket s\u00e4kerst\u00e4ller en snabb och s\u00e4ker utg\u00e5ng \u00e4ven under de mest extrema f\u00f6rh\u00e5llandena.<\/p>\n<h3 class=\"\" data-start=\"232\" data-end=\"258\"><strong data-start=\"236\" data-end=\"258\">Huvuddragen:<\/strong><\/h3>\n<ul>\n<li class=\"\" data-start=\"352\" data-end=\"433\">\n<p class=\"\" data-start=\"354\" data-end=\"433\"><strong data-start=\"354\" data-end=\"396\">F\u00f6rst\u00e4rkta ramar och l\u00e5ssystem<\/strong> f\u00f6r maximal s\u00e4kerhet<\/p>\n<\/li>\n<li class=\"\" data-start=\"434\" data-end=\"521\">\n<p class=\"\" data-start=\"436\" data-end=\"521\"><strong data-start=\"436\" data-end=\"473\">Mekanismer som \u00e4r l\u00e4tta att hantera<\/strong>, som g\u00f6r det m\u00f6jligt att snabbt \u00f6ppna i en n\u00f6dsituation<\/p>\n<\/li>\n<li class=\"\" data-start=\"522\" data-end=\"616\">\n<p class=\"\" data-start=\"524\" data-end=\"616\"><strong data-start=\"524\" data-end=\"549\">Gast\u00e4ta t\u00e4tningar<\/strong>, som hindrar f\u00f6rorenad luft, kemikalier eller r\u00f6k fr\u00e5n att tr\u00e4nga in<\/p>\n<\/li>\n<li class=\"\" data-start=\"617\" data-end=\"715\">\n<p class=\"\" data-start=\"619\" data-end=\"715\"><strong data-start=\"619\" data-end=\"644\">H\u00f6g \u00f6vertryckstolerans<\/strong> och motst\u00e5ndskraft mot extrema v\u00e4der- och milj\u00f6f\u00f6rh\u00e5llanden<\/p>\n<\/li>\n<\/ul>","protected":false},"featured_media":19316,"template":"","meta":[],"product_brand":[],"product_cat":[167],"product_tag":[],"class_list":{"0":"post-19315","1":"product","2":"type-product","3":"status-publish","4":"has-post-thumbnail","6":"product_cat-varjumiskohad","8":"first","9":"instock","10":"taxable","11":"shipping-taxable","12":"product-type-simple"},"_links":{"self":[{"href":"https:\/\/flameguard.ee\/sv\/wp-json\/wp\/v2\/product\/19315","targetHints":{"allow":["GET"]}}],"collection":[{"href":"https:\/\/flameguard.ee\/sv\/wp-json\/wp\/v2\/product"}],"about":[{"href":"https:\/\/flameguard.ee\/sv\/wp-json\/wp\/v2\/types\/product"}],"version-history":[{"count":1,"href":"https:\/\/flameguard.ee\/sv\/wp-json\/wp\/v2\/product\/19315\/revisions"}],"predecessor-version":[{"id":19319,"href":"https:\/\/flameguard.ee\/sv\/wp-json\/wp\/v2\/product\/19315\/revisions\/19319"}],"wp:featuredmedia":[{"embeddable":true,"href":"https:\/\/flameguard.ee\/sv\/wp-json\/wp\/v2\/media\/19316"}],"wp:attachment":[{"href":"https:\/\/flameguard.ee\/sv\/wp-json\/wp\/v2\/media?parent=19315"}],"wp:term":[{"taxonomy":"product_brand","embeddable":true,"href":"https:\/\/flameguard.ee\/sv\/wp-json\/wp\/v2\/product_brand?post=19315"},{"taxonomy":"product_cat","embeddable":true,"href":"https:\/\/flameguard.ee\/sv\/wp-json\/wp\/v2\/product_cat?post=19315"},{"taxonomy":"product_tag","embeddable":true,"href":"https:\/\/flameguard.ee\/sv\/wp-json\/wp\/v2\/product_tag?post=19315"}],"curies":[{"name":"wp","href":"https:\/\/api.w.org\/{rel}","templated":true}]}}