{"id":19321,"date":"2025-05-13T11:57:44","date_gmt":"2025-05-13T08:57:44","guid":{"rendered":"https:\/\/flameguard.ee\/?post_type=product&#038;p=19321"},"modified":"2025-05-13T12:06:44","modified_gmt":"2025-05-13T09:06:44","slug":"hingedel-varjendivarav","status":"publish","type":"product","link":"https:\/\/flameguard.ee\/sv\/product\/gangjarns-skyddsgrind\/","title":{"rendered":"G\u00e5ngj\u00e4rnsf\u00f6rsedd skyddsgrind"},"content":{"rendered":"<p data-start=\"715\" data-end=\"741\"><strong data-start=\"719\" data-end=\"741\">Anv\u00e4ndningsomr\u00e5den:<\/strong><\/p>\n<p class=\"\" data-start=\"2220\" data-end=\"2441\">Idealisk f\u00f6r civilf\u00f6rsvarsskydd, milit\u00e4ra anl\u00e4ggningar, n\u00f6d- och kritisk infrastruktur, krislager, lager- och logistikanl\u00e4ggningar, ammunitionsdep\u00e5er, spr\u00e4ng\u00e4mnesfabrik<\/p>\n<p>&nbsp;<\/p>","protected":false},"excerpt":{"rendered":"<p class=\"\" data-start=\"92\" data-end=\"247\">Med en traditionell \u00f6ppningsmekanism <strong data-start=\"143\" data-end=\"154\">Vingd\u00f6rr<\/strong> eller <strong data-start=\"159\" data-end=\"168\">port<\/strong>, utformad f\u00f6r en h\u00f6g s\u00e4kerhetsniv\u00e5. Den f\u00f6rst\u00e4rkta konstruktionen och de avancerade l\u00e5ssystemen g\u00f6r den till ett idealiskt val f\u00f6r h\u00f6griskomr\u00e5den.<\/p>\n<h3 class=\"\" data-start=\"232\" data-end=\"258\"><strong data-start=\"236\" data-end=\"258\">Huvuddragen:<\/strong><\/h3>\n<ul>\n<li class=\"\" data-start=\"355\" data-end=\"420\">\n<p class=\"\" data-start=\"357\" data-end=\"420\">Flerpunktsl\u00e5ssystem f\u00f6r maximalt skydd<\/p>\n<\/li>\n<li class=\"\" data-start=\"421\" data-end=\"498\">\n<p class=\"\" data-start=\"423\" data-end=\"498\">F\u00f6rst\u00e4rkt st\u00e5lkonstruktion \u2013 motst\u00e5ndskraftig mot intr\u00e5ng och explosioner<\/p>\n<\/li>\n<li class=\"\" data-start=\"499\" data-end=\"558\">\n<p class=\"\" data-start=\"501\" data-end=\"558\">Urval <strong data-start=\"509\" data-end=\"525\">Gass\u00e4ker<\/strong> och <strong data-start=\"529\" data-end=\"545\">Skotts\u00e4ker<\/strong> Versioner<\/p>\n<\/li>\n<li class=\"\" data-start=\"559\" data-end=\"614\">\n<p class=\"\" data-start=\"561\" data-end=\"614\">Manuell eller automatisk \u00f6ppning efter behov<\/p>\n<\/li>\n<\/ul>","protected":false},"featured_media":19322,"template":"","meta":[],"product_brand":[],"product_cat":[167],"product_tag":[],"class_list":{"0":"post-19321","1":"product","2":"type-product","3":"status-publish","4":"has-post-thumbnail","6":"product_cat-varjumiskohad","8":"first","9":"instock","10":"taxable","11":"shipping-taxable","12":"product-type-simple"},"_links":{"self":[{"href":"https:\/\/flameguard.ee\/sv\/wp-json\/wp\/v2\/product\/19321","targetHints":{"allow":["GET"]}}],"collection":[{"href":"https:\/\/flameguard.ee\/sv\/wp-json\/wp\/v2\/product"}],"about":[{"href":"https:\/\/flameguard.ee\/sv\/wp-json\/wp\/v2\/types\/product"}],"version-history":[{"count":1,"href":"https:\/\/flameguard.ee\/sv\/wp-json\/wp\/v2\/product\/19321\/revisions"}],"predecessor-version":[{"id":19324,"href":"https:\/\/flameguard.ee\/sv\/wp-json\/wp\/v2\/product\/19321\/revisions\/19324"}],"wp:featuredmedia":[{"embeddable":true,"href":"https:\/\/flameguard.ee\/sv\/wp-json\/wp\/v2\/media\/19322"}],"wp:attachment":[{"href":"https:\/\/flameguard.ee\/sv\/wp-json\/wp\/v2\/media?parent=19321"}],"wp:term":[{"taxonomy":"product_brand","embeddable":true,"href":"https:\/\/flameguard.ee\/sv\/wp-json\/wp\/v2\/product_brand?post=19321"},{"taxonomy":"product_cat","embeddable":true,"href":"https:\/\/flameguard.ee\/sv\/wp-json\/wp\/v2\/product_cat?post=19321"},{"taxonomy":"product_tag","embeddable":true,"href":"https:\/\/flameguard.ee\/sv\/wp-json\/wp\/v2\/product_tag?post=19321"}],"curies":[{"name":"wp","href":"https:\/\/api.w.org\/{rel}","templated":true}]}}