{"id":19325,"date":"2025-05-13T12:06:48","date_gmt":"2025-05-13T09:06:48","guid":{"rendered":"https:\/\/flameguard.ee\/?post_type=product&#038;p=19325"},"modified":"2025-05-13T12:42:27","modified_gmt":"2025-05-13T09:42:27","slug":"varjendiliuguks","status":"publish","type":"product","link":"https:\/\/flameguard.ee\/sv\/product\/skydd-rutschkana\/","title":{"rendered":"Skydd Rutschkana"},"content":{"rendered":"<p data-start=\"715\" data-end=\"741\"><strong data-start=\"719\" data-end=\"741\">Anv\u00e4ndningsomr\u00e5den:<\/strong><\/p>\n<p class=\"\" data-start=\"2220\" data-end=\"2441\">Idealisk f\u00f6r civilf\u00f6rsvarsskydd, milit\u00e4ra anl\u00e4ggningar, n\u00f6d- och kritisk infrastruktur, krislager, lager- och logistikanl\u00e4ggningar, ammunitionsdep\u00e5er, spr\u00e4ng\u00e4mnesfabrik<\/p>\n<p>&nbsp;<\/p>","protected":false},"excerpt":{"rendered":"<p class=\"\" data-start=\"92\" data-end=\"247\"><strong data-start=\"828\" data-end=\"853\">Skjutd\u00f6rrar och grindar<\/strong> \u00e4r designad f\u00f6r anv\u00e4ndning i rum d\u00e4r <strong data-start=\"891\" data-end=\"911\">Utrymmesbesparande<\/strong> och <strong data-start=\"915\" data-end=\"929\">s\u00e4kerhet<\/strong> \u00e4r lika viktiga. De r\u00f6r sig smidigt l\u00e4ngs en h\u00e5llbar skenmekanism och ger ett starkt skydd mot yttre hot.<\/p>\n<h3 class=\"\" data-start=\"232\" data-end=\"258\"><strong data-start=\"236\" data-end=\"258\">Huvuddragen:<\/strong><\/h3>\n<ul>\n<li class=\"\" data-start=\"1085\" data-end=\"1136\">\n<p class=\"\" data-start=\"1087\" data-end=\"1136\">Platsbesparande design och tyst, smidig r\u00f6relse<\/p>\n<\/li>\n<li class=\"\" data-start=\"1137\" data-end=\"1189\">\n<p class=\"\" data-start=\"1139\" data-end=\"1189\">Integrerad stark l\u00e5smekanism i d\u00f6rrkarmen<\/p>\n<\/li>\n<li class=\"\" data-start=\"1190\" data-end=\"1249\">\n<p class=\"\" data-start=\"1192\" data-end=\"1249\">Urval <strong data-start=\"1200\" data-end=\"1236\">med explosions- och ballistiskt skydd<\/strong> Versioner<\/p>\n<\/li>\n<li class=\"\" data-start=\"1250\" data-end=\"1300\">\n<p class=\"\" data-start=\"1252\" data-end=\"1300\">Kan anslutas till automatiska styrsystem<\/p>\n<\/li>\n<\/ul>","protected":false},"featured_media":19326,"template":"","meta":[],"product_brand":[],"product_cat":[167],"product_tag":[],"class_list":{"0":"post-19325","1":"product","2":"type-product","3":"status-publish","4":"has-post-thumbnail","6":"product_cat-varjumiskohad","8":"first","9":"instock","10":"taxable","11":"shipping-taxable","12":"product-type-simple"},"_links":{"self":[{"href":"https:\/\/flameguard.ee\/sv\/wp-json\/wp\/v2\/product\/19325","targetHints":{"allow":["GET"]}}],"collection":[{"href":"https:\/\/flameguard.ee\/sv\/wp-json\/wp\/v2\/product"}],"about":[{"href":"https:\/\/flameguard.ee\/sv\/wp-json\/wp\/v2\/types\/product"}],"version-history":[{"count":2,"href":"https:\/\/flameguard.ee\/sv\/wp-json\/wp\/v2\/product\/19325\/revisions"}],"predecessor-version":[{"id":19346,"href":"https:\/\/flameguard.ee\/sv\/wp-json\/wp\/v2\/product\/19325\/revisions\/19346"}],"wp:featuredmedia":[{"embeddable":true,"href":"https:\/\/flameguard.ee\/sv\/wp-json\/wp\/v2\/media\/19326"}],"wp:attachment":[{"href":"https:\/\/flameguard.ee\/sv\/wp-json\/wp\/v2\/media?parent=19325"}],"wp:term":[{"taxonomy":"product_brand","embeddable":true,"href":"https:\/\/flameguard.ee\/sv\/wp-json\/wp\/v2\/product_brand?post=19325"},{"taxonomy":"product_cat","embeddable":true,"href":"https:\/\/flameguard.ee\/sv\/wp-json\/wp\/v2\/product_cat?post=19325"},{"taxonomy":"product_tag","embeddable":true,"href":"https:\/\/flameguard.ee\/sv\/wp-json\/wp\/v2\/product_tag?post=19325"}],"curies":[{"name":"wp","href":"https:\/\/api.w.org\/{rel}","templated":true}]}}