{"id":19328,"date":"2025-05-13T12:12:42","date_gmt":"2025-05-13T09:12:42","guid":{"rendered":"https:\/\/flameguard.ee\/?post_type=product&#038;p=19328"},"modified":"2025-05-13T12:42:21","modified_gmt":"2025-05-13T09:42:21","slug":"kuulikindlad-aknad","status":"publish","type":"product","link":"https:\/\/flameguard.ee\/sv\/product\/skottsakra-fonster\/","title":{"rendered":"Skotts\u00e4kra f\u00f6nster"},"content":{"rendered":"<p data-start=\"715\" data-end=\"741\"><strong data-start=\"719\" data-end=\"741\">Anv\u00e4ndningsomr\u00e5den:<\/strong><\/p>\n<ul>\n<li class=\"\" data-start=\"806\" data-end=\"844\">\n<p class=\"\" data-start=\"808\" data-end=\"844\">Banker, ambassader, regeringsbyggnader<\/p>\n<\/li>\n<li class=\"\" data-start=\"845\" data-end=\"884\">\n<p class=\"\" data-start=\"847\" data-end=\"884\">Milit\u00e4ra anl\u00e4ggningar och VIP-s\u00e4kerhetsrum<\/p>\n<\/li>\n<li class=\"\" data-start=\"885\" data-end=\"935\">\n<p class=\"\" data-start=\"887\" data-end=\"935\">S\u00e4kerhetszoner och vapenf\u00f6rr\u00e5d f\u00f6r f\u00f6retagskunder<\/p>\n<\/li>\n<\/ul>\n<p>&nbsp;<\/p>","protected":false},"excerpt":{"rendered":"<p class=\"\" data-start=\"92\" data-end=\"247\"><strong data-start=\"92\" data-end=\"114\">Skotts\u00e4kra f\u00f6nster<\/strong> ger ett effektivt skydd mot ett brett spektrum av ballistiska hot och uppfyller internationella standarder som t.ex. <strong data-start=\"222\" data-end=\"243\">NIJ 0108.01 (F\u00f6renta staterna)<\/strong>, <strong data-start=\"245\" data-end=\"276\">EN 1522 (upp till FB7, Europa)<\/strong> och <strong data-start=\"282\" data-end=\"302\">NATO STANAG 4569<\/strong>. F\u00f6nstren best\u00e5r av avancerat laminerat glas och kompositmaterial som kan bromsa \u00e4ven grovkalibrig ammunition.<\/p>\n<h3 class=\"\" data-start=\"232\" data-end=\"258\"><strong data-start=\"236\" data-end=\"258\">Huvuddragen:<\/strong><\/h3>\n<ul>\n<li class=\"\" data-start=\"447\" data-end=\"527\">\n<p class=\"\" data-start=\"449\" data-end=\"527\">Certifierat skydd upp till <strong data-start=\"478\" data-end=\"494\">7.62\u00d751 Nato<\/strong> och <strong data-start=\"498\" data-end=\"519\">12,7\u00d799 (0,50 BMG)<\/strong> mot<\/p>\n<\/li>\n<li class=\"\" data-start=\"528\" data-end=\"629\">\n<p class=\"\" data-start=\"530\" data-end=\"629\">Tillg\u00e4nglig <strong data-start=\"539\" data-end=\"554\">Fast<\/strong>, <strong data-start=\"556\" data-end=\"570\">segelflygning<\/strong>, <strong data-start=\"572\" data-end=\"606\">med \u00f6ppnings-\/lutningsmekanismer<\/strong> och <strong data-start=\"610\" data-end=\"627\">Skr\u00e4ddarsydd<\/strong><\/p>\n<\/li>\n<li class=\"\" data-start=\"630\" data-end=\"707\">\n<p class=\"\" data-start=\"632\" data-end=\"707\">Kan l\u00e4ggas till <strong data-start=\"648\" data-end=\"682\">L\u00e5dor f\u00f6r s\u00e4kerhetsp\u00e5sar<\/strong> och kommunicera s\u00e4kert<\/p>\n<\/li>\n<li class=\"\" data-start=\"708\" data-end=\"781\">\n<p class=\"\" data-start=\"710\" data-end=\"781\">Finns \u00e4ven <strong data-start=\"721\" data-end=\"742\">Explosionsskydd<\/strong> och <strong data-start=\"746\" data-end=\"768\">Motst\u00e5nd mot intr\u00e5ng<\/strong> Ytterligare skydd<\/p>\n<\/li>\n<\/ul>","protected":false},"featured_media":19329,"template":"","meta":[],"product_brand":[],"product_cat":[167],"product_tag":[],"class_list":{"0":"post-19328","1":"product","2":"type-product","3":"status-publish","4":"has-post-thumbnail","6":"product_cat-varjumiskohad","8":"first","9":"instock","10":"taxable","11":"shipping-taxable","12":"product-type-simple"},"_links":{"self":[{"href":"https:\/\/flameguard.ee\/sv\/wp-json\/wp\/v2\/product\/19328","targetHints":{"allow":["GET"]}}],"collection":[{"href":"https:\/\/flameguard.ee\/sv\/wp-json\/wp\/v2\/product"}],"about":[{"href":"https:\/\/flameguard.ee\/sv\/wp-json\/wp\/v2\/types\/product"}],"version-history":[{"count":2,"href":"https:\/\/flameguard.ee\/sv\/wp-json\/wp\/v2\/product\/19328\/revisions"}],"predecessor-version":[{"id":19345,"href":"https:\/\/flameguard.ee\/sv\/wp-json\/wp\/v2\/product\/19328\/revisions\/19345"}],"wp:featuredmedia":[{"embeddable":true,"href":"https:\/\/flameguard.ee\/sv\/wp-json\/wp\/v2\/media\/19329"}],"wp:attachment":[{"href":"https:\/\/flameguard.ee\/sv\/wp-json\/wp\/v2\/media?parent=19328"}],"wp:term":[{"taxonomy":"product_brand","embeddable":true,"href":"https:\/\/flameguard.ee\/sv\/wp-json\/wp\/v2\/product_brand?post=19328"},{"taxonomy":"product_cat","embeddable":true,"href":"https:\/\/flameguard.ee\/sv\/wp-json\/wp\/v2\/product_cat?post=19328"},{"taxonomy":"product_tag","embeddable":true,"href":"https:\/\/flameguard.ee\/sv\/wp-json\/wp\/v2\/product_tag?post=19328"}],"curies":[{"name":"wp","href":"https:\/\/api.w.org\/{rel}","templated":true}]}}