{"id":19331,"date":"2025-05-13T12:17:12","date_gmt":"2025-05-13T09:17:12","guid":{"rendered":"https:\/\/flameguard.ee\/?post_type=product&#038;p=19331"},"modified":"2025-05-13T12:42:14","modified_gmt":"2025-05-13T09:42:14","slug":"plahvatuskindlad-aknad","status":"publish","type":"product","link":"https:\/\/flameguard.ee\/sv\/product\/explosionssakra-fonster\/","title":{"rendered":"Explosionss\u00e4kra f\u00f6nster"},"content":{"rendered":"<p data-start=\"715\" data-end=\"741\"><strong data-start=\"719\" data-end=\"741\">Anv\u00e4ndningsomr\u00e5den:<\/strong><\/p>\n<ul>\n<li class=\"\" data-start=\"806\" data-end=\"844\">\n<p class=\"\" data-start=\"808\" data-end=\"844\">Banker, ambassader, regeringsbyggnader<\/p>\n<\/li>\n<li class=\"\" data-start=\"845\" data-end=\"884\">\n<p class=\"\" data-start=\"847\" data-end=\"884\">Milit\u00e4ra anl\u00e4ggningar och VIP-s\u00e4kerhetsrum<\/p>\n<\/li>\n<li class=\"\" data-start=\"885\" data-end=\"935\">\n<p class=\"\" data-start=\"887\" data-end=\"935\">S\u00e4kerhetszoner och vapenf\u00f6rr\u00e5d f\u00f6r f\u00f6retagskunder<\/p>\n<\/li>\n<\/ul>\n<p>&nbsp;<\/p>","protected":false},"excerpt":{"rendered":"<p class=\"\" data-start=\"92\" data-end=\"247\"><strong data-start=\"976\" data-end=\"1002\">Explosionss\u00e4kra f\u00f6nster<\/strong> \u00e4r konstruerade f\u00f6r att motst\u00e5 starka tryckst\u00f6tar och st\u00f6tv\u00e5gor. F\u00f6nstren har testats upp till <strong data-start=\"1078\" data-end=\"1089\">5 bar<\/strong> spr\u00e4ngtryck och kan kombineras om s\u00e5 \u00f6nskas <strong data-start=\"1143\" data-end=\"1168\">med ballistiskt skydd<\/strong>.<\/p>\n<h3 class=\"\" data-start=\"232\" data-end=\"258\"><strong data-start=\"236\" data-end=\"258\">Huvuddragen:<\/strong><\/h3>\n<ul>\n<li class=\"\" data-start=\"1189\" data-end=\"1233\">\n<p class=\"\" data-start=\"1191\" data-end=\"1233\">T\u00e5l explosionstryck och st\u00f6tar p\u00e5 upp till 5 bar<\/p>\n<\/li>\n<li class=\"\" data-start=\"1234\" data-end=\"1311\">\n<p class=\"\" data-start=\"1236\" data-end=\"1311\">Tillverkad av armerat glas, aluminiumprofiler och st\u00e5lramar<\/p>\n<\/li>\n<li class=\"\" data-start=\"1312\" data-end=\"1391\">\n<p class=\"\" data-start=\"1314\" data-end=\"1391\">\u00d6verensst\u00e4mmelse med <strong data-start=\"1323\" data-end=\"1338\">GSA niv\u00e5 1<\/strong> explosionsskydd och <strong data-start=\"1360\" data-end=\"1377\">GSA TS01-2003<\/strong> standard<\/p>\n<\/li>\n<li class=\"\" data-start=\"1392\" data-end=\"1459\">\n<p class=\"\" data-start=\"1394\" data-end=\"1459\">Tillfredsst\u00e4llande <strong data-start=\"1400\" data-end=\"1425\">Offentliga byggnader<\/strong>, samtidigt som den visuella estetiken bibeh\u00e5lls<\/p>\n<\/li>\n<\/ul>","protected":false},"featured_media":19332,"template":"","meta":[],"product_brand":[],"product_cat":[167],"product_tag":[],"class_list":{"0":"post-19331","1":"product","2":"type-product","3":"status-publish","4":"has-post-thumbnail","6":"product_cat-varjumiskohad","8":"first","9":"instock","10":"taxable","11":"shipping-taxable","12":"product-type-simple"},"_links":{"self":[{"href":"https:\/\/flameguard.ee\/sv\/wp-json\/wp\/v2\/product\/19331","targetHints":{"allow":["GET"]}}],"collection":[{"href":"https:\/\/flameguard.ee\/sv\/wp-json\/wp\/v2\/product"}],"about":[{"href":"https:\/\/flameguard.ee\/sv\/wp-json\/wp\/v2\/types\/product"}],"version-history":[{"count":3,"href":"https:\/\/flameguard.ee\/sv\/wp-json\/wp\/v2\/product\/19331\/revisions"}],"predecessor-version":[{"id":19344,"href":"https:\/\/flameguard.ee\/sv\/wp-json\/wp\/v2\/product\/19331\/revisions\/19344"}],"wp:featuredmedia":[{"embeddable":true,"href":"https:\/\/flameguard.ee\/sv\/wp-json\/wp\/v2\/media\/19332"}],"wp:attachment":[{"href":"https:\/\/flameguard.ee\/sv\/wp-json\/wp\/v2\/media?parent=19331"}],"wp:term":[{"taxonomy":"product_brand","embeddable":true,"href":"https:\/\/flameguard.ee\/sv\/wp-json\/wp\/v2\/product_brand?post=19331"},{"taxonomy":"product_cat","embeddable":true,"href":"https:\/\/flameguard.ee\/sv\/wp-json\/wp\/v2\/product_cat?post=19331"},{"taxonomy":"product_tag","embeddable":true,"href":"https:\/\/flameguard.ee\/sv\/wp-json\/wp\/v2\/product_tag?post=19331"}],"curies":[{"name":"wp","href":"https:\/\/api.w.org\/{rel}","templated":true}]}}