{"id":19334,"date":"2025-05-13T12:19:01","date_gmt":"2025-05-13T09:19:01","guid":{"rendered":"https:\/\/flameguard.ee\/?post_type=product&#038;p=19334"},"modified":"2025-05-13T12:43:42","modified_gmt":"2025-05-13T09:43:42","slug":"akna-puudmise-susteem","status":"publish","type":"product","link":"https:\/\/flameguard.ee\/sv\/product\/fonster-fanga-system\/","title":{"rendered":"Modul v\u00e5ningss\u00e4ngar"},"content":{"rendered":"<p data-start=\"715\" data-end=\"741\"><strong data-start=\"719\" data-end=\"741\">Anv\u00e4ndningsomr\u00e5den:<\/strong><\/p>\n<p>Idealisk f\u00f6r skyddsrum, milit\u00e4ra anl\u00e4ggningar, n\u00f6d- och kritisk infrastruktur, industrianl\u00e4ggningar, andra h\u00f6gs\u00e4kerhetsobjekt<\/p>\n<p>&nbsp;<\/p>","protected":false},"excerpt":{"rendered":"<p class=\"\" data-start=\"92\" data-end=\"247\">Robusta och platsbesparande v\u00e5ningss\u00e4ngar utformade f\u00f6r snabb installation i n\u00f6dbost\u00e4der och bunkrar. Kan monteras i tv\u00e5 eller tre niv\u00e5er, efter behov.<\/p>\n<h3 class=\"\" data-start=\"232\" data-end=\"258\"><strong data-start=\"236\" data-end=\"258\">Huvuddragen:<\/strong><\/h3>\n<ul>\n<li class=\"\" data-start=\"454\" data-end=\"494\">\n<p class=\"\" data-start=\"456\" data-end=\"494\">Snabb och enkel montering och demontering<\/p>\n<\/li>\n<li class=\"\" data-start=\"497\" data-end=\"528\">\n<p class=\"\" data-start=\"499\" data-end=\"528\">Varje niv\u00e5 kan b\u00e4ra upp till 150 kg<\/p>\n<\/li>\n<li class=\"\" data-start=\"531\" data-end=\"593\">\n<p class=\"\" data-start=\"533\" data-end=\"593\">Slitstark konstruktion av metallr\u00f6r med h\u00f6gkvalitativ bel\u00e4ggning<\/p>\n<\/li>\n<li class=\"\" data-start=\"596\" data-end=\"631\">\n<p class=\"\" data-start=\"598\" data-end=\"631\">Bekv\u00e4ma sovytor i tyg<\/p>\n<\/li>\n<li class=\"\" data-start=\"634\" data-end=\"711\">\n<p class=\"\" data-start=\"636\" data-end=\"711\">Idealisk f\u00f6r anv\u00e4ndning i skyddsrum, l\u00e4ger och n\u00f6dinkvartering<\/p>\n<\/li>\n<\/ul>","protected":false},"featured_media":19347,"template":"","meta":[],"product_brand":[],"product_cat":[167],"product_tag":[],"class_list":{"0":"post-19334","1":"product","2":"type-product","3":"status-publish","4":"has-post-thumbnail","6":"product_cat-varjumiskohad","8":"first","9":"instock","10":"taxable","11":"shipping-taxable","12":"product-type-simple"},"_links":{"self":[{"href":"https:\/\/flameguard.ee\/sv\/wp-json\/wp\/v2\/product\/19334","targetHints":{"allow":["GET"]}}],"collection":[{"href":"https:\/\/flameguard.ee\/sv\/wp-json\/wp\/v2\/product"}],"about":[{"href":"https:\/\/flameguard.ee\/sv\/wp-json\/wp\/v2\/types\/product"}],"version-history":[{"count":5,"href":"https:\/\/flameguard.ee\/sv\/wp-json\/wp\/v2\/product\/19334\/revisions"}],"predecessor-version":[{"id":19348,"href":"https:\/\/flameguard.ee\/sv\/wp-json\/wp\/v2\/product\/19334\/revisions\/19348"}],"wp:featuredmedia":[{"embeddable":true,"href":"https:\/\/flameguard.ee\/sv\/wp-json\/wp\/v2\/media\/19347"}],"wp:attachment":[{"href":"https:\/\/flameguard.ee\/sv\/wp-json\/wp\/v2\/media?parent=19334"}],"wp:term":[{"taxonomy":"product_brand","embeddable":true,"href":"https:\/\/flameguard.ee\/sv\/wp-json\/wp\/v2\/product_brand?post=19334"},{"taxonomy":"product_cat","embeddable":true,"href":"https:\/\/flameguard.ee\/sv\/wp-json\/wp\/v2\/product_cat?post=19334"},{"taxonomy":"product_tag","embeddable":true,"href":"https:\/\/flameguard.ee\/sv\/wp-json\/wp\/v2\/product_tag?post=19334"}],"curies":[{"name":"wp","href":"https:\/\/api.w.org\/{rel}","templated":true}]}}