{"id":19349,"date":"2025-05-13T12:45:52","date_gmt":"2025-05-13T09:45:52","guid":{"rendered":"https:\/\/flameguard.ee\/?post_type=product&#038;p=19349"},"modified":"2025-05-13T12:47:10","modified_gmt":"2025-05-13T09:47:10","slug":"voodid-taaskasutatud-plastikust","status":"publish","type":"product","link":"https:\/\/flameguard.ee\/sv\/product\/sangar-atervunnen-plast\/","title":{"rendered":"S\u00e4ngar av \u00e5tervunnen plast"},"content":{"rendered":"<p data-start=\"715\" data-end=\"741\"><strong data-start=\"719\" data-end=\"741\">Anv\u00e4ndningsomr\u00e5den:<\/strong><\/p>\n<p>Idealisk f\u00f6r skyddsrum, milit\u00e4ra anl\u00e4ggningar, n\u00f6d- och kritisk infrastruktur, industrianl\u00e4ggningar, andra h\u00f6gs\u00e4kerhetsobjekt<\/p>\n<p>&nbsp;<\/p>","protected":false},"excerpt":{"rendered":"<p class=\"\" data-start=\"92\" data-end=\"247\">Milj\u00f6v\u00e4nliga och funktionella s\u00e4ngar som kombinerar sovplats och sittplats och ger f\u00f6rvaringsutrymme f\u00f6r personliga tillh\u00f6righeter. L\u00e4mplig f\u00f6r anv\u00e4ndning i skyddsrum och samh\u00e4llsanl\u00e4ggningar.<\/p>\n<h3 class=\"\" data-start=\"232\" data-end=\"258\"><strong data-start=\"236\" data-end=\"258\">Huvuddragen:<\/strong><\/h3>\n<ul>\n<li class=\"\" data-start=\"1002\" data-end=\"1056\">\n<p class=\"\" data-start=\"1004\" data-end=\"1056\">Tillverkad av \u00e5tervunna plast- och metallr\u00f6r<\/p>\n<\/li>\n<li class=\"\" data-start=\"1059\" data-end=\"1105\">\n<p class=\"\" data-start=\"1061\" data-end=\"1105\">Integrerade l\u00e5dor f\u00f6r personliga f\u00f6rem\u00e5l<\/p>\n<\/li>\n<li class=\"\" data-start=\"1108\" data-end=\"1152\">\n<p class=\"\" data-start=\"1110\" data-end=\"1152\">Finns i en m\u00e4ngd olika utf\u00f6randen och storlekar<\/p>\n<\/li>\n<li class=\"\" data-start=\"1155\" data-end=\"1201\">\n<p class=\"\" data-start=\"1157\" data-end=\"1201\">Milj\u00f6v\u00e4nlig och l\u00e4tt att reng\u00f6ra<\/p>\n<\/li>\n<\/ul>","protected":false},"featured_media":19350,"template":"","meta":[],"product_brand":[],"product_cat":[167],"product_tag":[],"class_list":{"0":"post-19349","1":"product","2":"type-product","3":"status-publish","4":"has-post-thumbnail","6":"product_cat-varjumiskohad","8":"first","9":"instock","10":"taxable","11":"shipping-taxable","12":"product-type-simple"},"_links":{"self":[{"href":"https:\/\/flameguard.ee\/sv\/wp-json\/wp\/v2\/product\/19349","targetHints":{"allow":["GET"]}}],"collection":[{"href":"https:\/\/flameguard.ee\/sv\/wp-json\/wp\/v2\/product"}],"about":[{"href":"https:\/\/flameguard.ee\/sv\/wp-json\/wp\/v2\/types\/product"}],"version-history":[{"count":1,"href":"https:\/\/flameguard.ee\/sv\/wp-json\/wp\/v2\/product\/19349\/revisions"}],"predecessor-version":[{"id":19351,"href":"https:\/\/flameguard.ee\/sv\/wp-json\/wp\/v2\/product\/19349\/revisions\/19351"}],"wp:featuredmedia":[{"embeddable":true,"href":"https:\/\/flameguard.ee\/sv\/wp-json\/wp\/v2\/media\/19350"}],"wp:attachment":[{"href":"https:\/\/flameguard.ee\/sv\/wp-json\/wp\/v2\/media?parent=19349"}],"wp:term":[{"taxonomy":"product_brand","embeddable":true,"href":"https:\/\/flameguard.ee\/sv\/wp-json\/wp\/v2\/product_brand?post=19349"},{"taxonomy":"product_cat","embeddable":true,"href":"https:\/\/flameguard.ee\/sv\/wp-json\/wp\/v2\/product_cat?post=19349"},{"taxonomy":"product_tag","embeddable":true,"href":"https:\/\/flameguard.ee\/sv\/wp-json\/wp\/v2\/product_tag?post=19349"}],"curies":[{"name":"wp","href":"https:\/\/api.w.org\/{rel}","templated":true}]}}