{"id":19352,"date":"2025-05-13T12:47:20","date_gmt":"2025-05-13T09:47:20","guid":{"rendered":"https:\/\/flameguard.ee\/?post_type=product&#038;p=19352"},"modified":"2025-05-13T12:48:53","modified_gmt":"2025-05-13T09:48:53","slug":"kokkupandavad-voodid-pingid-istmed-ja-toolid","status":"publish","type":"product","link":"https:\/\/flameguard.ee\/sv\/product\/hopfallbara-sangar-bankar-saten-och-stolar\/","title":{"rendered":"Hopf\u00e4llbara s\u00e4ngar, b\u00e4nkar, s\u00e4ten och stolar"},"content":{"rendered":"<p data-start=\"715\" data-end=\"741\"><strong data-start=\"719\" data-end=\"741\">Anv\u00e4ndningsomr\u00e5den:<\/strong><\/p>\n<p>Idealisk f\u00f6r skyddsrum, milit\u00e4ra anl\u00e4ggningar, n\u00f6d- och kritisk infrastruktur, industrianl\u00e4ggningar, andra h\u00f6gs\u00e4kerhetsobjekt<\/p>\n<p>&nbsp;<\/p>","protected":false},"excerpt":{"rendered":"<p class=\"\" data-start=\"92\" data-end=\"247\">M\u00e5ngsidiga och platsbesparande m\u00f6bler som l\u00e4mpar sig f\u00f6r inredning av b\u00e5de tillf\u00e4lliga och permanenta skyddsrum. Tillverkad av \u00e5tervunnen plast och metallkonstruktion.<\/p>\n<h3 class=\"\" data-start=\"232\" data-end=\"258\"><strong data-start=\"236\" data-end=\"258\">Huvuddragen:<\/strong><\/h3>\n<ul>\n<li class=\"\" data-start=\"1453\" data-end=\"1500\">\n<p class=\"\" data-start=\"1455\" data-end=\"1500\">Hopf\u00e4llbar och stapelbar \u2013 l\u00e4tt att f\u00f6rvara<\/p>\n<\/li>\n<li class=\"\" data-start=\"1503\" data-end=\"1552\">\n<p class=\"\" data-start=\"1505\" data-end=\"1552\">Slitstarkt, v\u00e4der- och slitstarkt material<\/p>\n<\/li>\n<li class=\"\" data-start=\"1555\" data-end=\"1634\">\n<p class=\"\" data-start=\"1557\" data-end=\"1634\">Olika varianter f\u00f6r att sova, sitta och f\u00f6r m\u00e5ngsidig anv\u00e4ndning<\/p>\n<\/li>\n<li class=\"\" data-start=\"1637\" data-end=\"1710\">\n<p class=\"\" data-start=\"1639\" data-end=\"1710\">L\u00e4mplig f\u00f6r skyddsrum, krisl\u00e4ger och evakueringscenter<\/p>\n<\/li>\n<\/ul>","protected":false},"featured_media":19353,"template":"","meta":[],"product_brand":[],"product_cat":[167],"product_tag":[],"class_list":{"0":"post-19352","1":"product","2":"type-product","3":"status-publish","4":"has-post-thumbnail","6":"product_cat-varjumiskohad","8":"first","9":"instock","10":"taxable","11":"shipping-taxable","12":"product-type-simple"},"_links":{"self":[{"href":"https:\/\/flameguard.ee\/sv\/wp-json\/wp\/v2\/product\/19352","targetHints":{"allow":["GET"]}}],"collection":[{"href":"https:\/\/flameguard.ee\/sv\/wp-json\/wp\/v2\/product"}],"about":[{"href":"https:\/\/flameguard.ee\/sv\/wp-json\/wp\/v2\/types\/product"}],"version-history":[{"count":1,"href":"https:\/\/flameguard.ee\/sv\/wp-json\/wp\/v2\/product\/19352\/revisions"}],"predecessor-version":[{"id":19354,"href":"https:\/\/flameguard.ee\/sv\/wp-json\/wp\/v2\/product\/19352\/revisions\/19354"}],"wp:featuredmedia":[{"embeddable":true,"href":"https:\/\/flameguard.ee\/sv\/wp-json\/wp\/v2\/media\/19353"}],"wp:attachment":[{"href":"https:\/\/flameguard.ee\/sv\/wp-json\/wp\/v2\/media?parent=19352"}],"wp:term":[{"taxonomy":"product_brand","embeddable":true,"href":"https:\/\/flameguard.ee\/sv\/wp-json\/wp\/v2\/product_brand?post=19352"},{"taxonomy":"product_cat","embeddable":true,"href":"https:\/\/flameguard.ee\/sv\/wp-json\/wp\/v2\/product_cat?post=19352"},{"taxonomy":"product_tag","embeddable":true,"href":"https:\/\/flameguard.ee\/sv\/wp-json\/wp\/v2\/product_tag?post=19352"}],"curies":[{"name":"wp","href":"https:\/\/api.w.org\/{rel}","templated":true}]}}