{"id":19356,"date":"2025-05-22T08:51:36","date_gmt":"2025-05-22T05:51:36","guid":{"rendered":"https:\/\/flameguard.ee\/?post_type=product&#038;p=19356"},"modified":"2025-05-22T08:53:43","modified_gmt":"2025-05-22T05:53:43","slug":"tuletokkeuks-delta-ei60-sa-s200-valge-avale-1000-x-2050-mm","status":"publish","type":"product","link":"https:\/\/flameguard.ee\/sv\/product\/branddorr-delta-ei60-sa-s200-vit-oppning-1000-x-2050-mm\/","title":{"rendered":"Brandd\u00f6rr Delta EI60 Sa\/S200 vit (f\u00f6r \u00f6ppning 1000 x 2050 mm)"},"content":{"rendered":"<p>Produkten uppfyller de tekniska kraven och ger ett effektivt skydd under en m\u00e4ngd olika f\u00f6rh\u00e5llanden och situationer.<\/p>\n<p><a style=\"color: #fe312e;\" href=\"\/wp-content\/uploads\/2025\/03\/delta-cten.pdf\" target=\"_blank\" rel=\"noopener\"><img decoding=\"async\" src=\"\/wp-content\/uploads\/2025\/02\/pdf-icon.webp\" \/> Produktkort<\/a><\/p>","protected":false},"excerpt":{"rendered":"<p>Delta EI60 \u00e4r en brandd\u00f6rr av h\u00f6g kvalitet som \u00e4r utformad f\u00f6r att s\u00e4kerst\u00e4lla brands\u00e4kerheten i olika byggnader. Den h\u00e4r d\u00f6rren \u00e4r tillverkad av vitt st\u00e5l och erbjuder upp till 60 minuters brandmotst\u00e5nd (EI60), vilket hj\u00e4lper till att f\u00f6rhindra spridning av eld och r\u00f6k i h\u00e4ndelse av brand.<\/p>\n<p><strong>Specifikationer:<\/strong><br \/>\nD\u00f6rrbladets tjocklek: 62 mm<br \/>\nD\u00f6rrlistens bredd: 28 mm<br \/>\nD\u00f6rrblad : 0,6 mm kallvalsat st\u00e5l<br \/>\nRam: 1,2 mm kallvalsat st\u00e5l.<br \/>\nUtv\u00e4ndig finish: vit<br \/>\nG\u00e5ngj\u00e4rn: 2 st. (v\u00e5r)<br \/>\nL\u00e5s : + k\u00e4rna 35 * 35<br \/>\nBeslag : d\u00f6rrhandtag ( Svart)<br \/>\nM\u00e5tt:<br \/>\nD\u00f6rrbladets storlek: 900 x 2000 mm<br \/>\nYtterm\u00e5tt p\u00e5 d\u00f6rrkarmen: 980 x 2040 mm<br \/>\nD\u00f6rrens vikt \u2013 76 kg<\/p>\n<p>&nbsp;<\/p>","protected":false},"featured_media":17673,"template":"","meta":[],"product_brand":[],"product_cat":[82],"product_tag":[],"class_list":{"0":"post-19356","1":"product","2":"type-product","3":"status-publish","4":"has-post-thumbnail","6":"product_cat-tuletokkeuksed","8":"first","9":"instock","10":"taxable","11":"shipping-taxable","12":"purchasable","13":"product-type-simple"},"_links":{"self":[{"href":"https:\/\/flameguard.ee\/sv\/wp-json\/wp\/v2\/product\/19356","targetHints":{"allow":["GET"]}}],"collection":[{"href":"https:\/\/flameguard.ee\/sv\/wp-json\/wp\/v2\/product"}],"about":[{"href":"https:\/\/flameguard.ee\/sv\/wp-json\/wp\/v2\/types\/product"}],"version-history":[{"count":1,"href":"https:\/\/flameguard.ee\/sv\/wp-json\/wp\/v2\/product\/19356\/revisions"}],"predecessor-version":[{"id":19357,"href":"https:\/\/flameguard.ee\/sv\/wp-json\/wp\/v2\/product\/19356\/revisions\/19357"}],"wp:featuredmedia":[{"embeddable":true,"href":"https:\/\/flameguard.ee\/sv\/wp-json\/wp\/v2\/media\/17673"}],"wp:attachment":[{"href":"https:\/\/flameguard.ee\/sv\/wp-json\/wp\/v2\/media?parent=19356"}],"wp:term":[{"taxonomy":"product_brand","embeddable":true,"href":"https:\/\/flameguard.ee\/sv\/wp-json\/wp\/v2\/product_brand?post=19356"},{"taxonomy":"product_cat","embeddable":true,"href":"https:\/\/flameguard.ee\/sv\/wp-json\/wp\/v2\/product_cat?post=19356"},{"taxonomy":"product_tag","embeddable":true,"href":"https:\/\/flameguard.ee\/sv\/wp-json\/wp\/v2\/product_tag?post=19356"}],"curies":[{"name":"wp","href":"https:\/\/api.w.org\/{rel}","templated":true}]}}