{"id":19539,"date":"2025-08-04T12:23:19","date_gmt":"2025-08-04T09:23:19","guid":{"rendered":"https:\/\/flameguard.ee\/?post_type=product&#038;p=19539"},"modified":"2025-09-10T16:02:13","modified_gmt":"2025-09-10T13:02:13","slug":"kaitsekiiver-ballistiline-vest","status":"publish","type":"product","link":"https:\/\/flameguard.ee\/sv\/product\/skyddshjalm-ballistisk-vast\/","title":{"rendered":"Skyddshj\u00e4lm + skotts\u00e4ker v\u00e4st"},"content":{"rendered":"<p><strong>Hj\u00e4lm<\/strong> NIJ3+- Ballistisk och skotts\u00e4ker taktisk Kevlarhj\u00e4lm. Denna hj\u00e4lm har genomg\u00e5tt rigor\u00f6sa tester i ett internationellt laboratorium enligt de h\u00f6gsta kvalitets- och ballistiska s\u00e4kerhetsstandarderna som fastst\u00e4llts av STANAG. Finns i storlek M eller L.<\/p>\n<p><strong>V\u00e4st <\/strong>\u2013 Ballistisk platth\u00e5llare 1000D Mil-Spec Coyote 60\" tyg \u2013 vattenavvisande nylonfinish. Ett slitstarkt material som \u00e4r starkt, m\u00e5ngsidigt, snabbtorkande och l\u00e4tt att reng\u00f6ra. Plattorna \u00e4r placerade i en speciell ficka p\u00e5 fram- och baksidan. Finns i storlekarna M, L och XL.<\/p>\n<p>Tillverkad i Estland.<\/p>\n<p><strong>Ballistisk hellegeringsplatta \u2013 <\/strong>resistent mot bullet soft core och MNJ, 762\u00d751. Speciell bel\u00e4ggning, utan risk f\u00f6r skador p\u00e5 grund av fragmentering av kulan. M\u00e5tt och vikt p\u00e5 en platta: 250\u00d7300 mm, 4,9 kg. Tillverkad i Estland.<\/p>\n<p>&nbsp;<\/p>\n<p>&nbsp;<\/p>","protected":false},"excerpt":{"rendered":"<p>Setet inneh\u00e5ller:<\/p>\n<ul>\n<li>skyddshj\u00e4lm;<\/li>\n<li>b\u00e4rv\u00e4st med ballistisk platta (f\u00e4rgalternativ: oliv, brun, svart);<\/li>\n<li>2 x ballistiska plattor.<\/li>\n<\/ul>\n<p>&nbsp;<\/p>","protected":false},"featured_media":19547,"template":"","meta":[],"product_brand":[206],"product_cat":[169,167],"product_tag":[],"class_list":{"0":"post-19539","1":"product","2":"type-product","3":"status-publish","4":"has-post-thumbnail","6":"product_brand-bulletproof","7":"product_cat-kriisitooted","8":"product_cat-varjumiskohad","10":"first","11":"instock","12":"sale","13":"taxable","14":"shipping-taxable","15":"purchasable","16":"product-type-simple"},"_links":{"self":[{"href":"https:\/\/flameguard.ee\/sv\/wp-json\/wp\/v2\/product\/19539","targetHints":{"allow":["GET"]}}],"collection":[{"href":"https:\/\/flameguard.ee\/sv\/wp-json\/wp\/v2\/product"}],"about":[{"href":"https:\/\/flameguard.ee\/sv\/wp-json\/wp\/v2\/types\/product"}],"version-history":[{"count":7,"href":"https:\/\/flameguard.ee\/sv\/wp-json\/wp\/v2\/product\/19539\/revisions"}],"predecessor-version":[{"id":19558,"href":"https:\/\/flameguard.ee\/sv\/wp-json\/wp\/v2\/product\/19539\/revisions\/19558"}],"wp:featuredmedia":[{"embeddable":true,"href":"https:\/\/flameguard.ee\/sv\/wp-json\/wp\/v2\/media\/19547"}],"wp:attachment":[{"href":"https:\/\/flameguard.ee\/sv\/wp-json\/wp\/v2\/media?parent=19539"}],"wp:term":[{"taxonomy":"product_brand","embeddable":true,"href":"https:\/\/flameguard.ee\/sv\/wp-json\/wp\/v2\/product_brand?post=19539"},{"taxonomy":"product_cat","embeddable":true,"href":"https:\/\/flameguard.ee\/sv\/wp-json\/wp\/v2\/product_cat?post=19539"},{"taxonomy":"product_tag","embeddable":true,"href":"https:\/\/flameguard.ee\/sv\/wp-json\/wp\/v2\/product_tag?post=19539"}],"curies":[{"name":"wp","href":"https:\/\/api.w.org\/{rel}","templated":true}]}}