{"id":19611,"date":"2026-02-05T18:26:26","date_gmt":"2026-02-05T15:26:26","guid":{"rendered":"https:\/\/flameguard.ee\/?post_type=product&#038;p=19611"},"modified":"2026-02-05T18:27:59","modified_gmt":"2026-02-05T15:27:59","slug":"korteriuhistule-varjumiskoha-kohandamine","status":"publish","type":"product","link":"https:\/\/flameguard.ee\/sv\/product\/anpassning-av-lagenhetsforeningen-harbarge-plats\/","title":{"rendered":"Anpassning av ett h\u00e4rb\u00e4rge f\u00f6r en bostadsr\u00e4ttsf\u00f6rening"},"content":{"rendered":"","protected":false},"excerpt":{"rendered":"<p>Syftet med tj\u00e4nsten \u00e4r att st\u00f6dja bostadsr\u00e4ttsf\u00f6reningar i att anpassa skyddsrum f\u00f6r att \u00f6ka s\u00e4kerheten och beredskapen f\u00f6r de boende i l\u00e4genhetsbyggnader vid krissituationer.<br \/>\nInom ramen f\u00f6r tj\u00e4nsten st\u00f6djer vi f\u00f6reningen genom att skicka in ett bidrag, hj\u00e4lpa till att ta fram en offert f\u00f6r best\u00e4llning av olika produkter och tj\u00e4nster<\/p>","protected":false},"featured_media":19612,"template":"","meta":[],"product_brand":[],"product_cat":[211],"product_tag":[],"class_list":{"0":"post-19611","1":"product","2":"type-product","3":"status-publish","4":"has-post-thumbnail","6":"product_cat-varjumiskohad-teenused","8":"first","9":"instock","10":"taxable","11":"shipping-taxable","12":"product-type-simple"},"_links":{"self":[{"href":"https:\/\/flameguard.ee\/sv\/wp-json\/wp\/v2\/product\/19611","targetHints":{"allow":["GET"]}}],"collection":[{"href":"https:\/\/flameguard.ee\/sv\/wp-json\/wp\/v2\/product"}],"about":[{"href":"https:\/\/flameguard.ee\/sv\/wp-json\/wp\/v2\/types\/product"}],"version-history":[{"count":3,"href":"https:\/\/flameguard.ee\/sv\/wp-json\/wp\/v2\/product\/19611\/revisions"}],"predecessor-version":[{"id":19614,"href":"https:\/\/flameguard.ee\/sv\/wp-json\/wp\/v2\/product\/19611\/revisions\/19614"}],"wp:featuredmedia":[{"embeddable":true,"href":"https:\/\/flameguard.ee\/sv\/wp-json\/wp\/v2\/media\/19612"}],"wp:attachment":[{"href":"https:\/\/flameguard.ee\/sv\/wp-json\/wp\/v2\/media?parent=19611"}],"wp:term":[{"taxonomy":"product_brand","embeddable":true,"href":"https:\/\/flameguard.ee\/sv\/wp-json\/wp\/v2\/product_brand?post=19611"},{"taxonomy":"product_cat","embeddable":true,"href":"https:\/\/flameguard.ee\/sv\/wp-json\/wp\/v2\/product_cat?post=19611"},{"taxonomy":"product_tag","embeddable":true,"href":"https:\/\/flameguard.ee\/sv\/wp-json\/wp\/v2\/product_tag?post=19611"}],"curies":[{"name":"wp","href":"https:\/\/api.w.org\/{rel}","templated":true}]}}