{"id":19617,"date":"2026-02-05T19:41:24","date_gmt":"2026-02-05T16:41:24","guid":{"rendered":"https:\/\/flameguard.ee\/?post_type=product&#038;p=19617"},"modified":"2026-02-05T19:52:45","modified_gmt":"2026-02-05T16:52:45","slug":"korteriuhistule-varjumiskoha-projekti-koostamine","status":"publish","type":"product","link":"https:\/\/flameguard.ee\/sv\/product\/sammanstaller-projektet-for-lagenheten-foreningen\/","title":{"rendered":"F\u00f6rberedelse av ett skyddsprojekt"},"content":{"rendered":"","protected":false},"excerpt":{"rendered":"<p data-start=\"160\" data-end=\"323\">Syftet med tj\u00e4nsten \u00e4r att st\u00f6dja bostadsr\u00e4ttsf\u00f6reningar i f\u00f6rberedelsen av ett h\u00e4rb\u00e4rgeprojekt.<br data-start=\"237\" data-end=\"240\" \/>F\u00f6r att anpassa k\u00e4llarrummen hj\u00e4lper vi dig att f\u00f6rbereda ett projekt f\u00f6r att l\u00e4mna in ett byggmeddelande.<\/p>\n<p data-start=\"330\" data-end=\"375\">Under projektet kommer vi att t\u00e4cka f\u00f6ljande omr\u00e5den:<\/p>\n<ul data-start=\"378\" data-end=\"520\">\n<li data-start=\"378\" data-end=\"408\">\n<p data-start=\"380\" data-end=\"408\">arkitektoniska l\u00f6sningar;<\/p>\n<\/li>\n<li data-start=\"411\" data-end=\"426\">\n<p data-start=\"413\" data-end=\"426\">brands\u00e4kerhet;<\/p>\n<\/li>\n<li data-start=\"429\" data-end=\"462\">\n<p data-start=\"431\" data-end=\"462\">skyddselement och produkter;<\/p>\n<\/li>\n<li data-start=\"465\" data-end=\"499\">\n<p data-start=\"467\" data-end=\"499\">vattenf\u00f6rs\u00f6rjning och avlopp;<\/p>\n<\/li>\n<li data-start=\"502\" data-end=\"520\">\n<p data-start=\"504\" data-end=\"520\">elf\u00f6rs\u00f6rjning.<\/p>\n<\/li>\n<\/ul>","protected":false},"featured_media":19618,"template":"","meta":[],"product_brand":[],"product_cat":[211],"product_tag":[],"class_list":{"0":"post-19617","1":"product","2":"type-product","3":"status-publish","4":"has-post-thumbnail","6":"product_cat-varjumiskohad-teenused","8":"first","9":"instock","10":"taxable","11":"shipping-taxable","12":"product-type-simple"},"_links":{"self":[{"href":"https:\/\/flameguard.ee\/sv\/wp-json\/wp\/v2\/product\/19617","targetHints":{"allow":["GET"]}}],"collection":[{"href":"https:\/\/flameguard.ee\/sv\/wp-json\/wp\/v2\/product"}],"about":[{"href":"https:\/\/flameguard.ee\/sv\/wp-json\/wp\/v2\/types\/product"}],"version-history":[{"count":2,"href":"https:\/\/flameguard.ee\/sv\/wp-json\/wp\/v2\/product\/19617\/revisions"}],"predecessor-version":[{"id":19620,"href":"https:\/\/flameguard.ee\/sv\/wp-json\/wp\/v2\/product\/19617\/revisions\/19620"}],"wp:featuredmedia":[{"embeddable":true,"href":"https:\/\/flameguard.ee\/sv\/wp-json\/wp\/v2\/media\/19618"}],"wp:attachment":[{"href":"https:\/\/flameguard.ee\/sv\/wp-json\/wp\/v2\/media?parent=19617"}],"wp:term":[{"taxonomy":"product_brand","embeddable":true,"href":"https:\/\/flameguard.ee\/sv\/wp-json\/wp\/v2\/product_brand?post=19617"},{"taxonomy":"product_cat","embeddable":true,"href":"https:\/\/flameguard.ee\/sv\/wp-json\/wp\/v2\/product_cat?post=19617"},{"taxonomy":"product_tag","embeddable":true,"href":"https:\/\/flameguard.ee\/sv\/wp-json\/wp\/v2\/product_tag?post=19617"}],"curies":[{"name":"wp","href":"https:\/\/api.w.org\/{rel}","templated":true}]}}