{"id":19621,"date":"2026-02-05T19:54:58","date_gmt":"2026-02-05T16:54:58","guid":{"rendered":"https:\/\/flameguard.ee\/?post_type=product&#038;p=19621"},"modified":"2026-02-05T20:05:28","modified_gmt":"2026-02-05T17:05:28","slug":"varjumiskoha-loomise-konsultatsioon","status":"publish","type":"product","link":"https:\/\/flameguard.ee\/sv\/product\/konsultation-om-att-skapa-skydd\/","title":{"rendered":"Samr\u00e5d om att inr\u00e4tta ett h\u00e4rb\u00e4rge"},"content":{"rendered":"","protected":false},"excerpt":{"rendered":"<p data-start=\"131\" data-end=\"216\">Syftet med tj\u00e4nsten \u00e4r att bed\u00f6ma m\u00f6jligheterna att etablera ett skydd i en befintlig byggnad.<\/p>\n<p data-start=\"223\" data-end=\"370\">Inom ramen f\u00f6r konsultationen kommer vi att bes\u00f6ka platsen i samr\u00e5d med representanten f\u00f6r l\u00e4genhetsf\u00f6reningen f\u00f6r att bed\u00f6ma de tekniska och rumsliga m\u00f6jligheterna att etablera ett skydd.<\/p>\n<p data-start=\"377\" data-end=\"469\">Baserat p\u00e5 den information som mottagits och den initiala data som klienten tillhandah\u00e5llit, f\u00f6rbereder vi konceptet f\u00f6r skyddet.<\/p>","protected":false},"featured_media":19622,"template":"","meta":[],"product_brand":[],"product_cat":[211],"product_tag":[],"class_list":{"0":"post-19621","1":"product","2":"type-product","3":"status-publish","4":"has-post-thumbnail","6":"product_cat-varjumiskohad-teenused","8":"first","9":"instock","10":"taxable","11":"shipping-taxable","12":"product-type-simple"},"_links":{"self":[{"href":"https:\/\/flameguard.ee\/sv\/wp-json\/wp\/v2\/product\/19621","targetHints":{"allow":["GET"]}}],"collection":[{"href":"https:\/\/flameguard.ee\/sv\/wp-json\/wp\/v2\/product"}],"about":[{"href":"https:\/\/flameguard.ee\/sv\/wp-json\/wp\/v2\/types\/product"}],"version-history":[{"count":1,"href":"https:\/\/flameguard.ee\/sv\/wp-json\/wp\/v2\/product\/19621\/revisions"}],"predecessor-version":[{"id":19623,"href":"https:\/\/flameguard.ee\/sv\/wp-json\/wp\/v2\/product\/19621\/revisions\/19623"}],"wp:featuredmedia":[{"embeddable":true,"href":"https:\/\/flameguard.ee\/sv\/wp-json\/wp\/v2\/media\/19622"}],"wp:attachment":[{"href":"https:\/\/flameguard.ee\/sv\/wp-json\/wp\/v2\/media?parent=19621"}],"wp:term":[{"taxonomy":"product_brand","embeddable":true,"href":"https:\/\/flameguard.ee\/sv\/wp-json\/wp\/v2\/product_brand?post=19621"},{"taxonomy":"product_cat","embeddable":true,"href":"https:\/\/flameguard.ee\/sv\/wp-json\/wp\/v2\/product_cat?post=19621"},{"taxonomy":"product_tag","embeddable":true,"href":"https:\/\/flameguard.ee\/sv\/wp-json\/wp\/v2\/product_tag?post=19621"}],"curies":[{"name":"wp","href":"https:\/\/api.w.org\/{rel}","templated":true}]}}