{"id":19625,"date":"2026-02-05T20:09:24","date_gmt":"2026-02-05T17:09:24","guid":{"rendered":"https:\/\/flameguard.ee\/?post_type=product&#038;p=19625"},"modified":"2026-02-05T20:20:09","modified_gmt":"2026-02-05T17:20:09","slug":"varjumisplaani-koostamine","status":"publish","type":"product","link":"https:\/\/flameguard.ee\/sv\/product\/upprattande-av-en-skyddsplan\/","title":{"rendered":"Uppr\u00e4ttande av en skyddsplan"},"content":{"rendered":"<p><strong>Skyddsplanen \u00e4r uppr\u00e4ttad:<\/strong><\/p>\n<ul>\n<li>bygga med skyldigheten att bygga ett skydd.<\/li>\n<li>en byggnad med skyldighet att anpassa sig till en skyddsplats (en bostads-, bostads- eller cateringbyggnad, en kontorsbyggnad, en kommersiell eller servicebyggnad, eller en underh\u00e5llnings-, utbildnings-, h\u00e4lso- eller annan offentlig byggnad med en sluten bruttoyta p\u00e5 minst 1200 kvadratmeter och en industribyggnad med en sluten bruttoyta p\u00e5 minst 1500 kvadratmeter).<\/li>\n<\/ul>","protected":false},"excerpt":{"rendered":"<p data-start=\"131\" data-end=\"216\">Syftet med tj\u00e4nsten \u00e4r att hj\u00e4lpa klienten att uppr\u00e4tta en skyddsplan baserad p\u00e5 byggnadens specifika skick, dess l\u00e4ge och klientens behov.<\/p>","protected":false},"featured_media":19626,"template":"","meta":[],"product_brand":[],"product_cat":[211],"product_tag":[],"class_list":{"0":"post-19625","1":"product","2":"type-product","3":"status-publish","4":"has-post-thumbnail","6":"product_cat-varjumiskohad-teenused","8":"first","9":"instock","10":"taxable","11":"shipping-taxable","12":"product-type-simple"},"_links":{"self":[{"href":"https:\/\/flameguard.ee\/sv\/wp-json\/wp\/v2\/product\/19625","targetHints":{"allow":["GET"]}}],"collection":[{"href":"https:\/\/flameguard.ee\/sv\/wp-json\/wp\/v2\/product"}],"about":[{"href":"https:\/\/flameguard.ee\/sv\/wp-json\/wp\/v2\/types\/product"}],"version-history":[{"count":1,"href":"https:\/\/flameguard.ee\/sv\/wp-json\/wp\/v2\/product\/19625\/revisions"}],"predecessor-version":[{"id":19627,"href":"https:\/\/flameguard.ee\/sv\/wp-json\/wp\/v2\/product\/19625\/revisions\/19627"}],"wp:featuredmedia":[{"embeddable":true,"href":"https:\/\/flameguard.ee\/sv\/wp-json\/wp\/v2\/media\/19626"}],"wp:attachment":[{"href":"https:\/\/flameguard.ee\/sv\/wp-json\/wp\/v2\/media?parent=19625"}],"wp:term":[{"taxonomy":"product_brand","embeddable":true,"href":"https:\/\/flameguard.ee\/sv\/wp-json\/wp\/v2\/product_brand?post=19625"},{"taxonomy":"product_cat","embeddable":true,"href":"https:\/\/flameguard.ee\/sv\/wp-json\/wp\/v2\/product_cat?post=19625"},{"taxonomy":"product_tag","embeddable":true,"href":"https:\/\/flameguard.ee\/sv\/wp-json\/wp\/v2\/product_tag?post=19625"}],"curies":[{"name":"wp","href":"https:\/\/api.w.org\/{rel}","templated":true}]}}